{"id":12019,"date":"2022-11-10T11:08:23","date_gmt":"2022-11-10T10:08:23","guid":{"rendered":"https:\/\/www.berberepizza.it\/?page_id=12019"},"modified":"2025-11-18T14:10:16","modified_gmt":"2025-11-18T13:10:16","slug":"kentish-town","status":"publish","type":"page","link":"https:\/\/www.berberepizza.it\/en\/kentish-town\/","title":{"rendered":"Kentish Town London"},"content":{"rendered":"<section class=\"wpb-content-wrapper\"><p>[vc_row equal_height=&#8221;yes&#8221; css=&#8221;.vc_custom_1724149043135{padding-top: 0px !important;}&#8221; el_class=&#8221;solo-desktop&#8221;][vc_column width=&#8221;3\/4&#8243; css=&#8221;.vc_custom_1670923727206{padding-top: 0px !important;padding-right: 15px !important;padding-bottom: 0px !important;padding-left: 15px !important;}&#8221;][vc_row_inner el_id=&#8221;sfondo-rosso&#8221; simple_background_color=&#8221;#ef4723&#8243; css=&#8221;.vc_custom_1670923712415{padding-top: 0px !important;padding-right: 0px !important;padding-bottom: 0px !important;padding-left: 0px !important;}&#8221;][vc_column_inner width=&#8221;1\/2&#8243; css=&#8221;.vc_custom_1646928265749{padding-top: 0px !important;padding-right: 0px !important;padding-bottom: 0px !important;padding-left: 0px !important;}&#8221;][rev_slider_vc alias=&#8221;kentishtown&#8221; enable_paspartu=&#8221;no&#8221;][\/vc_column_inner][vc_column_inner width=&#8221;1\/2&#8243; css=&#8221;.vc_custom_1670924064262{padding-top: 20px !important;padding-right: 0px !important;padding-bottom: 15px !important;padding-left: 15px !important;}&#8221;][vc_column_text el_class=&#8221;rosso&#8221;]<\/p>\n<h3 style=\"margin-top: 0;\">Kentish Town<\/h3>\n<p>[\/vc_column_text]<div class=\"edgtf-iwt clearfix icona-pizzerie edgtf-iwt-icon-left edgtf-iwt-icon-tiny\">\n\t<div class=\"edgtf-iwt-icon\">\n\t\t\t\t\t<a itemprop=\"url\" href=\"https:\/\/goo.gl\/maps\/j9m2rYaT9BbHXhjBA\" target=\"_blank\">\n\t\t\t\t\t\t\t\t\t    <span class=\"edgtf-icon-shortcode edgtf-normal   edgtf-icon-tiny\"  >\n                    <i class=\"edgtf-icon-font-awesome fa fa-map-pin edgtf-icon-element\" style=\"\" ><\/i>            <\/span>\n\t\t\t\t\t\t\t\t<\/a>\n\t\t\t<\/div>\n\t<div class=\"edgtf-iwt-content\" >\n\t\t\t\t\t<h5 class=\"edgtf-iwt-title\" >\n\t\t\t\t\t\t\t\t\t<a itemprop=\"url\" href=\"https:\/\/goo.gl\/maps\/j9m2rYaT9BbHXhjBA\" target=\"_blank\">\n\t\t\t\t\t\t\t\t<span class=\"edgtf-iwt-title-text\">300 Kentish Town Road, London NW5 2TG<\/span>\n\t\t\t\t\t\t\t\t\t<\/a>\n\t\t\t\t\t\t\t<\/h5>\n\t\t\t\t\t<\/div>\n<\/div><div class=\"edgtf-iwt clearfix icona-pizzerie edgtf-iwt-icon-left edgtf-iwt-icon-tiny\">\n\t<div class=\"edgtf-iwt-icon\">\n\t\t\t\t\t<a itemprop=\"url\" href=\"tel:+442034177130\" target=\"_self\">\n\t\t\t\t\t\t\t\t\t    <span class=\"edgtf-icon-animation-holder\" style=\"-webkit-transition-delay: 0.5ms;-moz-transition-delay: 0.5ms;transition-delay: 0.5ms\">\n    <span class=\"edgtf-icon-shortcode edgtf-normal  edgtf-icon-animation edgtf-icon-tiny\"  data-animation-delay=\"0.5\">\n                    <i class=\"edgtf-icon-font-awesome fa fa-phone edgtf-icon-element\" style=\"\" ><\/i>            <\/span>\n    <\/span>\n\t\t\t\t\t\t\t\t<\/a>\n\t\t\t<\/div>\n\t<div class=\"edgtf-iwt-content\" >\n\t\t\t\t\t<h5 class=\"edgtf-iwt-title\" >\n\t\t\t\t\t\t\t\t\t<a itemprop=\"url\" href=\"tel:+442034177130\" target=\"_self\">\n\t\t\t\t\t\t\t\t<span class=\"edgtf-iwt-title-text\">+44 2034177130<\/span>\n\t\t\t\t\t\t\t\t\t<\/a>\n\t\t\t\t\t\t\t<\/h5>\n\t\t\t\t\t<\/div>\n<\/div>[vc_column_text el_class=&#8221;rosso&#8221; css=&#8221;.vc_custom_1670924097103{padding-top: 0px !important;}&#8221;]<\/p>\n<div class=\"wpb_text_column wpb_content_element vc_custom_1606316160634 rosso\">\n<div class=\"wpb_wrapper\">\n<h4>OPENING HOURS<\/h4>\n<\/div>\n<\/div>\n<div><\/div>\n<p>[\/vc_column_text][vc_column_text el_class=&#8221;rosso&#8221;]<\/p>\n<p style=\"font-weight: 400;\"><strong>Sunday \u00a0\u2013 Thursday 12pm to 10pm<\/strong><br \/>\n<strong>Fri &amp; Sat \u2013 12pm to 10.30pm<\/strong><span style=\"font-size: 15px;\">\u00a0<\/span><\/p>\n<p>[\/vc_column_text][vc_column_text css=&#8221;.vc_custom_1724143342319{margin-bottom: 24px !important;}&#8221;]<\/p>\n<p style=\"text-align: left;\"><a itemprop=\"url\" href=\"https:\/\/berbere.orderswift.com\/kentish-town\" target=\"_blank\" style=\"color: #ffffff;background-color: #f8d264\" class=\"edgtf-btn edgtf-btn-medium edgtf-btn-solid bianco edgtf-hover-animation\"  >\n            <span class=\"edgtf-btn-hover-item\" ><\/span>\n        <span class=\"edgtf-btn-text\">CLICK AND COLLECT<\/span>\n    <\/a><a itemprop=\"url\" href=\"#ordina-online\" target=\"_self\"  class=\"edgtf-btn edgtf-btn-medium edgtf-btn-solid bianco edgtf-hover-animation\"  >\n            <span class=\"edgtf-btn-hover-item\" ><\/span>\n        <span class=\"edgtf-btn-text\">ORDER ONLINE<\/span>\n    <\/a><a itemprop=\"url\" href=\"https:\/\/www.berberepizzeria.co.uk\/menu\/\" target=\"_self\"  class=\"edgtf-btn edgtf-btn-medium edgtf-btn-solid bianco edgtf-hover-animation\"  >\n            <span class=\"edgtf-btn-hover-item\" ><\/span>\n        <span class=\"edgtf-btn-text\">MENU<\/span>\n    <\/a><\/p>\n<p>[\/vc_column_text][\/vc_column_inner][\/vc_row_inner][\/vc_column][vc_column width=&#8221;1\/4&#8243; css=&#8221;.vc_custom_1646928244676{padding-top: 0px !important;padding-bottom: 0px !important;}&#8221; el_class=&#8221;contatti-mappa box-4&#8243;][vc_empty_space height=&#8221;12px&#8221; el_class=&#8221;solo-mobile&#8221;][vc_raw_js]JTNDc2NyaXB0JTIwdHlwZSUzRCUyN3RleHQlMkZqYXZhc2NyaXB0JTI3JTIwc3JjJTNEJTI3JTJGJTJGd3d3Lm9wZW50YWJsZS5jby51ayUyRndpZGdldCUyRnJlc2VydmF0aW9uJTJGbG9hZGVyJTNGcmlkJTNEMjg3MjYyJTI2dHlwZSUzRHN0YW5kYXJkJTI2dGhlbWUlM0RzdGFuZGFyZCUyNmNvbG9yJTNEMSUyNmRhcmslM0RmYWxzZSUyNmlmcmFtZSUzRHRydWUlMjZkb21haW4lM0Rjb3VrJTI2bGFuZyUzRGVuLUdCJTI2bmV3dGFiJTNEZmFsc2UlMjZvdF9zb3VyY2UlM0RSZXN0YXVyYW50JTI1MjB3ZWJzaXRlJTI2Y2ZlJTNEdHJ1ZSUyNyUzRSUzQyUyRnNjcmlwdCUzRQ==[\/vc_raw_js][\/vc_column][\/vc_row][vc_row equal_height=&#8221;yes&#8221; css=&#8221;.vc_custom_1724149053001{padding-top: 0px !important;}&#8221; el_class=&#8221;solo-mobile&#8221;][vc_column width=&#8221;3\/4&#8243; css=&#8221;.vc_custom_1670923727206{padding-top: 0px !important;padding-right: 15px !important;padding-bottom: 0px !important;padding-left: 15px !important;}&#8221;][vc_row_inner el_id=&#8221;sfondo-rosso&#8221; simple_background_color=&#8221;#ef4723&#8243; css=&#8221;.vc_custom_1724149084529{padding-top: 0px !important;padding-right: 0px !important;padding-bottom: 0px !important;padding-left: 0px !important;}&#8221;][vc_column_inner width=&#8221;1\/2&#8243; css=&#8221;.vc_custom_1646928265749{padding-top: 0px !important;padding-right: 0px !important;padding-bottom: 0px !important;padding-left: 0px !important;}&#8221;][rev_slider_vc alias=&#8221;kentishtown&#8221; enable_paspartu=&#8221;no&#8221;][\/vc_column_inner][vc_column_inner width=&#8221;1\/2&#8243; css=&#8221;.vc_custom_1724149197797{padding-top: 20px !important;padding-bottom: 15px !important;}&#8221;][vc_column_text el_class=&#8221;rosso&#8221;]<\/p>\n<h3 style=\"margin-top: 0;\">Kentish Town<\/h3>\n<p>[\/vc_column_text]<div class=\"edgtf-iwt clearfix icona-pizzerie edgtf-iwt-icon-left edgtf-iwt-icon-tiny\">\n\t<div class=\"edgtf-iwt-icon\">\n\t\t\t\t\t<a itemprop=\"url\" href=\"https:\/\/goo.gl\/maps\/j9m2rYaT9BbHXhjBA\" target=\"_blank\">\n\t\t\t\t\t\t\t\t\t    <span class=\"edgtf-icon-shortcode edgtf-normal   edgtf-icon-tiny\"  >\n                    <i class=\"edgtf-icon-font-awesome fa fa-map-pin edgtf-icon-element\" style=\"\" ><\/i>            <\/span>\n\t\t\t\t\t\t\t\t<\/a>\n\t\t\t<\/div>\n\t<div class=\"edgtf-iwt-content\" >\n\t\t\t\t\t<h5 class=\"edgtf-iwt-title\" >\n\t\t\t\t\t\t\t\t\t<a itemprop=\"url\" href=\"https:\/\/goo.gl\/maps\/j9m2rYaT9BbHXhjBA\" target=\"_blank\">\n\t\t\t\t\t\t\t\t<span class=\"edgtf-iwt-title-text\">300 Kentish Town Road, London NW5 2TG<\/span>\n\t\t\t\t\t\t\t\t\t<\/a>\n\t\t\t\t\t\t\t<\/h5>\n\t\t\t\t\t<\/div>\n<\/div><div class=\"edgtf-iwt clearfix icona-pizzerie edgtf-iwt-icon-left edgtf-iwt-icon-tiny\">\n\t<div class=\"edgtf-iwt-icon\">\n\t\t\t\t\t<a itemprop=\"url\" href=\"tel:+442034177130\" target=\"_self\">\n\t\t\t\t\t\t\t\t\t    <span class=\"edgtf-icon-animation-holder\" style=\"-webkit-transition-delay: 0.5ms;-moz-transition-delay: 0.5ms;transition-delay: 0.5ms\">\n    <span class=\"edgtf-icon-shortcode edgtf-normal  edgtf-icon-animation edgtf-icon-tiny\"  data-animation-delay=\"0.5\">\n                    <i class=\"edgtf-icon-font-awesome fa fa-phone edgtf-icon-element\" style=\"\" ><\/i>            <\/span>\n    <\/span>\n\t\t\t\t\t\t\t\t<\/a>\n\t\t\t<\/div>\n\t<div class=\"edgtf-iwt-content\" >\n\t\t\t\t\t<h5 class=\"edgtf-iwt-title\" >\n\t\t\t\t\t\t\t\t\t<a itemprop=\"url\" href=\"tel:+442034177130\" target=\"_self\">\n\t\t\t\t\t\t\t\t<span class=\"edgtf-iwt-title-text\">+44 2034177130<\/span>\n\t\t\t\t\t\t\t\t\t<\/a>\n\t\t\t\t\t\t\t<\/h5>\n\t\t\t\t\t<\/div>\n<\/div>[vc_column_text el_class=&#8221;rosso&#8221; css=&#8221;.vc_custom_1670924097103{padding-top: 0px !important;}&#8221;]<\/p>\n<div class=\"wpb_text_column wpb_content_element vc_custom_1606316160634 rosso\">\n<div class=\"wpb_wrapper\">\n<h4>OPENING HOURS<\/h4>\n<\/div>\n<\/div>\n<div><\/div>\n<p>[\/vc_column_text][vc_column_text el_class=&#8221;rosso&#8221;]<\/p>\n<p style=\"font-weight: 400;\"><strong>Sunday \u00a0\u2013 Thursday 12pm to 10pm<\/strong><br \/>\n<strong>Fri &amp; Sat \u2013 12pm to 10.30pm<\/strong><span style=\"font-size: 15px;\">\u00a0<\/span><\/p>\n<p>[\/vc_column_text][vc_empty_space height=&#8221;12px&#8221; el_class=&#8221;solo-mobile&#8221;][vc_raw_js]JTNDc2NyaXB0JTIwdHlwZSUzRCUyN3RleHQlMkZqYXZhc2NyaXB0JTI3JTIwc3JjJTNEJTI3JTJGJTJGd3d3Lm9wZW50YWJsZS5jby51ayUyRndpZGdldCUyRnJlc2VydmF0aW9uJTJGbG9hZGVyJTNGcmlkJTNEMjg3MjYyJTI2dHlwZSUzRHN0YW5kYXJkJTI2dGhlbWUlM0RzdGFuZGFyZCUyNmNvbG9yJTNEMSUyNmRhcmslM0RmYWxzZSUyNmlmcmFtZSUzRHRydWUlMjZkb21haW4lM0Rjb3VrJTI2bGFuZyUzRGVuLUdCJTI2bmV3dGFiJTNEZmFsc2UlMjZvdF9zb3VyY2UlM0RSZXN0YXVyYW50JTI1MjB3ZWJzaXRlJTI2Y2ZlJTNEdHJ1ZSUyNyUzRSUzQyUyRnNjcmlwdCUzRQ==[\/vc_raw_js][vc_column_text css=&#8221;.vc_custom_1724143342319{margin-bottom: 24px !important;}&#8221;]<\/p>\n<p style=\"text-align: left;\"><a itemprop=\"url\" href=\"https:\/\/berbere.orderswift.com\/kentish-town\" target=\"_blank\" style=\"color: #ffffff;background-color: #f8d264\" class=\"edgtf-btn edgtf-btn-medium edgtf-btn-solid bianco edgtf-hover-animation\"  >\n            <span class=\"edgtf-btn-hover-item\" ><\/span>\n        <span class=\"edgtf-btn-text\">CLICK AND COLLECT<\/span>\n    <\/a><a itemprop=\"url\" href=\"#ordina-online\" target=\"_self\"  class=\"edgtf-btn edgtf-btn-medium edgtf-btn-solid bianco edgtf-hover-animation\"  >\n            <span class=\"edgtf-btn-hover-item\" ><\/span>\n        <span class=\"edgtf-btn-text\">ORDER ONLINE<\/span>\n    <\/a><a itemprop=\"url\" href=\"https:\/\/www.berberepizzeria.co.uk\/menu\/\" target=\"_self\"  class=\"edgtf-btn edgtf-btn-medium edgtf-btn-solid bianco edgtf-hover-animation\"  >\n            <span class=\"edgtf-btn-hover-item\" ><\/span>\n        <span class=\"edgtf-btn-text\">MENU<\/span>\n    <\/a><\/p>\n<p>[\/vc_column_text][\/vc_column_inner][\/vc_row_inner][\/vc_column][vc_column width=&#8221;1\/4&#8243; css=&#8221;.vc_custom_1646928244676{padding-top: 0px !important;padding-bottom: 0px !important;}&#8221; el_class=&#8221;contatti-mappa box-4&#8243;][\/vc_column][\/vc_row][vc_row el_id=&#8221;mappa-pizzeria&#8221;][vc_column css=&#8221;.vc_custom_1605107808057{padding-right: 0px !important;padding-left: 0px !important;}&#8221;][vc_raw_html]JTNDaWZyYW1lJTIwc3JjJTNEJTIyaHR0cHMlM0ElMkYlMkZ3d3cuZ29vZ2xlLmNvbSUyRm1hcHMlMkZlbWJlZCUzRnBiJTNEJTIxMW0xOCUyMTFtMTIlMjExbTMlMjExZDI5Ny44MjgyMzk1NzczODA0MyUyMTJkLTAuMTQwNDUxMDE2OTA5ODA2MTMlMjEzZDUxLjU1MTAyNzU2MzIwNzk1JTIxMm0zJTIxMWYwJTIxMmYwJTIxM2YwJTIxM20yJTIxMWkxMDI0JTIxMmk3NjglMjE0ZjEzLjElMjEzbTMlMjExbTIlMjExczB4NDg3NjFiOGQyZTJhNDE0ZiUyNTNBMHhiNDlkMjk1MzU1ZTJjZDUwJTIxMnNCZXJiZXIlMjVDMyUyNUE4JTI1MjBLZW50aXNoJTI1MjBUb3duJTIxNWUwJTIxM20yJTIxMXNpdCUyMTJzaXQlMjE0djE2NjY4ODA2Mzg1MTIlMjE1bTIlMjExc2l0JTIxMnNpdCUyMiUyMHdpZHRoJTNEJTIyMTAwJTI1JTIyJTIwaGVpZ2h0JTNEJTIyNDUwJTIyJTIwc3R5bGUlM0QlMjJib3JkZXIlM0EwJTNCJTIyJTIwYWxsb3dmdWxsc2NyZWVuJTNEJTIyJTIyJTIwbG9hZGluZyUzRCUyMmxhenklMjIlMjByZWZlcnJlcnBvbGljeSUzRCUyMm5vLXJlZmVycmVyLXdoZW4tZG93bmdyYWRlJTIyJTNFJTNDJTJGaWZyYW1lJTNF[\/vc_raw_html][\/vc_column][\/vc_row][vc_row full_width=&#8221;stretch_row&#8221; css=&#8221;.vc_custom_1668526773388{margin-top: 0px !important;padding-bottom: 40px !important;background-color: #f6f6f6 !important;}&#8221;][vc_column][vc_raw_html el_id=&#8221;ordina-online&#8221;]JTNDYSUyMGlkJTNEJTIyb3JkaW5hLW9ubGluZSUyMiUzRSUzQyUyRmElM0U=[\/vc_raw_html][vc_empty_space height=&#8221;22px&#8221;][vc_custom_heading text=&#8221;ORDER ONLINE&#8221; font_container=&#8221;tag:h3|text_align:center&#8221; use_theme_fonts=&#8221;yes&#8221; el_class=&#8221;rosso&#8221;][vc_row_inner equal_height=&#8221;yes&#8221; content_placement=&#8221;bottom&#8221; el_id=&#8221;loghi-delivery&#8221; css=&#8221;.vc_custom_1605599864406{margin-top: 60px !important;}&#8221;][vc_column_inner][vc_single_image image=&#8221;6981&#8243; img_size=&#8221;&#8221; alignment=&#8221;center&#8221; onclick=&#8221;custom_link&#8221; img_link_target=&#8221;_blank&#8221; link=&#8221;https:\/\/deliveroo.co.uk\/menu\/London\/kentish-town\/berbere-pizzeria-kentish-town\/&#8221;][vc_column_text el_class=&#8221;rosso&#8221;]<\/p>\n<h5 style=\"text-align: center; margin-bottom: 0; font-size: 18px;\"><a href=\"https:\/\/deliveroo.co.uk\/menu\/London\/kentish-town\/berbere-pizzeria-kentish-town\/\" target=\"_blank\" rel=\"noopener noreferrer\">Deliveroo<\/a><\/h5>\n<p style=\"text-align: center; margin-top: 0;\">Our exclusive delivery partner<\/p>\n<p>[\/vc_column_text][\/vc_column_inner][\/vc_row_inner][vc_empty_space height=&#8221;22px&#8221; el_id=&#8221;solo-desktop&#8221;][\/vc_column][\/vc_row]<\/p>\n<\/section>","protected":false},"excerpt":{"rendered":"<p>[vc_row equal_height=&#8221;yes&#8221; css=&#8221;.vc_custom_1724149043135{padding-top: 0px !important;}&#8221; el_class=&#8221;solo-desktop&#8221;][vc_column width=&#8221;3\/4&#8243; css=&#8221;.vc_custom_1670923727206{padding-top: 0px !important;padding-right: 15px !important;padding-bottom: 0px !important;padding-left: 15px !important;}&#8221;][vc_row_inner el_id=&#8221;sfondo-rosso&#8221; simple_background_color=&#8221;#ef4723&#8243; css=&#8221;.vc_custom_1670923712415{padding-top: 0px !important;padding-right: 0px !important;padding-bottom: 0px !important;padding-left: 0px !important;}&#8221;][vc_column_inner width=&#8221;1\/2&#8243; css=&#8221;.vc_custom_1646928265749{padding-top: 0px !important;padding-right: 0px !important;padding-bottom: 0px !important;padding-left: 0px !important;}&#8221;][rev_slider_vc alias=&#8221;kentishtown&#8221; enable_paspartu=&#8221;no&#8221;][\/vc_column_inner][vc_column_inner width=&#8221;1\/2&#8243; [&hellip;]<\/p>\n","protected":false},"author":1,"featured_media":0,"parent":0,"menu_order":0,"comment_status":"closed","ping_status":"closed","template":"","meta":{"footnotes":""},"class_list":["post-12019","page","type-page","status-publish","hentry"],"yoast_head":"<!-- This site is optimized with the Yoast SEO plugin v27.4 - https:\/\/yoast.com\/product\/yoast-seo-wordpress\/ -->\n<title>Kentish Town London - Berber\u00e8 Pizzeria<\/title>\n<meta name=\"description\" content=\"Berber\u00e8 \u00e8 nata nel 2010 con la missione di servire una pizza artigianale buonissima, con solo lievito madre vivo, digeribile, senza fronzoli e in un ambiente accogliente.Lavoriamo con ingredienti biologici e il nostro unico dogma \u00e8 la qualit\u00e0.\" \/>\n<meta name=\"robots\" content=\"index, follow, max-snippet:-1, max-image-preview:large, max-video-preview:-1\" \/>\n<link rel=\"canonical\" href=\"https:\/\/www.berberepizza.it\/en\/kentish-town\/\" \/>\n<meta property=\"og:locale\" content=\"en_US\" \/>\n<meta property=\"og:type\" content=\"article\" \/>\n<meta property=\"og:title\" content=\"Kentish Town London - Berber\u00e8 Pizzeria\" \/>\n<meta property=\"og:description\" content=\"Berber\u00e8 \u00e8 nata nel 2010 con la missione di servire una pizza artigianale buonissima, con solo lievito madre vivo, digeribile, senza fronzoli e in un ambiente accogliente.Lavoriamo con ingredienti biologici e il nostro unico dogma \u00e8 la qualit\u00e0.\" \/>\n<meta property=\"og:url\" content=\"https:\/\/www.berberepizza.it\/en\/kentish-town\/\" \/>\n<meta property=\"og:site_name\" content=\"Berber\u00e8 Pizzeria\" \/>\n<meta property=\"article:modified_time\" content=\"2025-11-18T13:10:16+00:00\" \/>\n<meta property=\"og:image\" content=\"https:\/\/www.berberepizza.it\/wp-content\/uploads\/2021\/04\/AlbertoBlasetti-5936-scaled.jpg\" \/>\n\t<meta property=\"og:image:width\" content=\"2560\" \/>\n\t<meta property=\"og:image:height\" content=\"1707\" \/>\n\t<meta property=\"og:image:type\" content=\"image\/jpeg\" \/>\n<meta name=\"twitter:card\" content=\"summary_large_image\" \/>\n<meta name=\"twitter:label1\" content=\"Est. reading time\" \/>\n\t<meta name=\"twitter:data1\" content=\"2 minutes\" \/>\n<script type=\"application\/ld+json\" class=\"yoast-schema-graph\">{\"@context\":\"https:\\\/\\\/schema.org\",\"@graph\":[{\"@type\":\"WebPage\",\"@id\":\"https:\\\/\\\/www.berberepizza.it\\\/en\\\/kentish-town\\\/\",\"url\":\"https:\\\/\\\/www.berberepizza.it\\\/en\\\/kentish-town\\\/\",\"name\":\"Kentish Town London - Berber\u00e8 Pizzeria\",\"isPartOf\":{\"@id\":\"https:\\\/\\\/www.berberepizza.it\\\/#website\"},\"datePublished\":\"2022-11-10T10:08:23+00:00\",\"dateModified\":\"2025-11-18T13:10:16+00:00\",\"description\":\"Berber\u00e8 \u00e8 nata nel 2010 con la missione di servire una pizza artigianale buonissima, con solo lievito madre vivo, digeribile, senza fronzoli e in un ambiente accogliente.Lavoriamo con ingredienti biologici e il nostro unico dogma \u00e8 la qualit\u00e0.\",\"breadcrumb\":{\"@id\":\"https:\\\/\\\/www.berberepizza.it\\\/en\\\/kentish-town\\\/#breadcrumb\"},\"inLanguage\":\"en-US\",\"potentialAction\":[{\"@type\":\"ReadAction\",\"target\":[\"https:\\\/\\\/www.berberepizza.it\\\/en\\\/kentish-town\\\/\"]}]},{\"@type\":\"BreadcrumbList\",\"@id\":\"https:\\\/\\\/www.berberepizza.it\\\/en\\\/kentish-town\\\/#breadcrumb\",\"itemListElement\":[{\"@type\":\"ListItem\",\"position\":1,\"name\":\"Home\",\"item\":\"https:\\\/\\\/www.berberepizza.it\\\/en\\\/\"},{\"@type\":\"ListItem\",\"position\":2,\"name\":\"Kentish Town London\"}]},{\"@type\":\"WebSite\",\"@id\":\"https:\\\/\\\/www.berberepizza.it\\\/#website\",\"url\":\"https:\\\/\\\/www.berberepizza.it\\\/\",\"name\":\"Berber\u00e8 Pizzeria\",\"description\":\"Lievito madre dal 2010\",\"potentialAction\":[{\"@type\":\"SearchAction\",\"target\":{\"@type\":\"EntryPoint\",\"urlTemplate\":\"https:\\\/\\\/www.berberepizza.it\\\/?s={search_term_string}\"},\"query-input\":{\"@type\":\"PropertyValueSpecification\",\"valueRequired\":true,\"valueName\":\"search_term_string\"}}],\"inLanguage\":\"en-US\"}]}<\/script>\n<!-- \/ Yoast SEO plugin. -->","yoast_head_json":{"title":"Kentish Town London - Berber\u00e8 Pizzeria","description":"Berber\u00e8 \u00e8 nata nel 2010 con la missione di servire una pizza artigianale buonissima, con solo lievito madre vivo, digeribile, senza fronzoli e in un ambiente accogliente.Lavoriamo con ingredienti biologici e il nostro unico dogma \u00e8 la qualit\u00e0.","robots":{"index":"index","follow":"follow","max-snippet":"max-snippet:-1","max-image-preview":"max-image-preview:large","max-video-preview":"max-video-preview:-1"},"canonical":"https:\/\/www.berberepizza.it\/en\/kentish-town\/","og_locale":"en_US","og_type":"article","og_title":"Kentish Town London - Berber\u00e8 Pizzeria","og_description":"Berber\u00e8 \u00e8 nata nel 2010 con la missione di servire una pizza artigianale buonissima, con solo lievito madre vivo, digeribile, senza fronzoli e in un ambiente accogliente.Lavoriamo con ingredienti biologici e il nostro unico dogma \u00e8 la qualit\u00e0.","og_url":"https:\/\/www.berberepizza.it\/en\/kentish-town\/","og_site_name":"Berber\u00e8 Pizzeria","article_modified_time":"2025-11-18T13:10:16+00:00","og_image":[{"width":2560,"height":1707,"url":"https:\/\/www.berberepizza.it\/wp-content\/uploads\/2021\/04\/AlbertoBlasetti-5936-scaled.jpg","type":"image\/jpeg"}],"twitter_card":"summary_large_image","twitter_misc":{"Est. reading time":"2 minutes"},"schema":{"@context":"https:\/\/schema.org","@graph":[{"@type":"WebPage","@id":"https:\/\/www.berberepizza.it\/en\/kentish-town\/","url":"https:\/\/www.berberepizza.it\/en\/kentish-town\/","name":"Kentish Town London - Berber\u00e8 Pizzeria","isPartOf":{"@id":"https:\/\/www.berberepizza.it\/#website"},"datePublished":"2022-11-10T10:08:23+00:00","dateModified":"2025-11-18T13:10:16+00:00","description":"Berber\u00e8 \u00e8 nata nel 2010 con la missione di servire una pizza artigianale buonissima, con solo lievito madre vivo, digeribile, senza fronzoli e in un ambiente accogliente.Lavoriamo con ingredienti biologici e il nostro unico dogma \u00e8 la qualit\u00e0.","breadcrumb":{"@id":"https:\/\/www.berberepizza.it\/en\/kentish-town\/#breadcrumb"},"inLanguage":"en-US","potentialAction":[{"@type":"ReadAction","target":["https:\/\/www.berberepizza.it\/en\/kentish-town\/"]}]},{"@type":"BreadcrumbList","@id":"https:\/\/www.berberepizza.it\/en\/kentish-town\/#breadcrumb","itemListElement":[{"@type":"ListItem","position":1,"name":"Home","item":"https:\/\/www.berberepizza.it\/en\/"},{"@type":"ListItem","position":2,"name":"Kentish Town London"}]},{"@type":"WebSite","@id":"https:\/\/www.berberepizza.it\/#website","url":"https:\/\/www.berberepizza.it\/","name":"Berber\u00e8 Pizzeria","description":"Lievito madre dal 2010","potentialAction":[{"@type":"SearchAction","target":{"@type":"EntryPoint","urlTemplate":"https:\/\/www.berberepizza.it\/?s={search_term_string}"},"query-input":{"@type":"PropertyValueSpecification","valueRequired":true,"valueName":"search_term_string"}}],"inLanguage":"en-US"}]}},"_links":{"self":[{"href":"https:\/\/www.berberepizza.it\/en\/wp-json\/wp\/v2\/pages\/12019","targetHints":{"allow":["GET"]}}],"collection":[{"href":"https:\/\/www.berberepizza.it\/en\/wp-json\/wp\/v2\/pages"}],"about":[{"href":"https:\/\/www.berberepizza.it\/en\/wp-json\/wp\/v2\/types\/page"}],"author":[{"embeddable":true,"href":"https:\/\/www.berberepizza.it\/en\/wp-json\/wp\/v2\/users\/1"}],"replies":[{"embeddable":true,"href":"https:\/\/www.berberepizza.it\/en\/wp-json\/wp\/v2\/comments?post=12019"}],"version-history":[{"count":0,"href":"https:\/\/www.berberepizza.it\/en\/wp-json\/wp\/v2\/pages\/12019\/revisions"}],"wp:attachment":[{"href":"https:\/\/www.berberepizza.it\/en\/wp-json\/wp\/v2\/media?parent=12019"}],"curies":[{"name":"wp","href":"https:\/\/api.w.org\/{rel}","templated":true}]}}