{"id":14409,"date":"2024-07-31T11:28:00","date_gmt":"2024-07-31T09:28:00","guid":{"rendered":"https:\/\/www.berberepizza.it\/?page_id=14409"},"modified":"2024-07-31T11:28:00","modified_gmt":"2024-07-31T09:28:00","slug":"policy-against-harassment-and-violence","status":"publish","type":"page","link":"https:\/\/www.berberepizza.it\/en\/policy-against-harassment-and-violence\/","title":{"rendered":"Policy against harassment and violence"},"content":{"rendered":"<!-- Added by Post\/Page Specific Custom Code plugin, thank you for using! -->\n<style>.logo-recruiting img {\r\nwidth: 108px;\r\nheight: auto;\r\n}\r\nh2 {\r\nline-height: 1.1em;\r\n}\r\np {\r\nfont-size:17px !important;}\r\n.aw_application .aw_applyLink:hover {\r\ncolor: #ef4723;\r\n}\r\n\r\n.wpb_raw_code.wpb_raw_js.edgtf-btn.edgtf-btn-medium.edgtf-btn-solid.pulsante-b-radius, .pulsante-b-radius .vc_btn3.vc_btn3-color-grey.vc_btn3-style-modern {\r\n background: #ef4723;\r\ncolor: #ffffff;\r\nfont-family: 'atrament-web',sans-serif;\r\nfont-size:21px;\r\npadding: 10px 15px;\r\nborder:none;\r\nborder-radius: 5px;\r\nborder: 2px solid #ef4723;\r\n}\r\n.wpb_raw_code.wpb_raw_js.edgtf-btn.edgtf-btn-medium.edgtf-btn-solid.pulsante-b-radius:hover, .pulsante-b-radius .vc_btn3.vc_btn3-color-grey.vc_btn3-style-modern:hover {\r\n border: 2px solid #ef4723 !important;\r\ncolor: #ef4723 !important;\r\nbackground-color: ##fff4db !important;\r\n}\r\n.vc_message_box-rounded {\r\n    border-radius: 0;\r\n}\r\n.vc_color-info.vc_message_box {\r\n    color: #4a4a4a;\r\n    border: none;\r\n    background-color: #fff4db;\r\n}\r\n.vc_color-info.vc_message_box .vc_message_box-icon {\r\n    color: #ef4723;\r\n}\r\n.vc_message_box {\r\npadding:2em;}\r\n.vc_color-info.vc_message_box h3 {\r\npadding: 1.8em 0 0 0; }\r\n.vc_message_box-icon {\r\nwidth: 100%; \r\nposition: relative;\r\nleft: 15px;\r\ntop: 26px;}\r\n.vc_message_box-icon>* {\r\nleft: 0;\r\nfont-size: 2.1em;\r\n}\r\n\r\n.edgtf-progress-bar {\r\ntext-align:center;\r\n}\r\n.edgtf-progress-bar .edgtf-pb-percent:after {\r\ndisplay: none;\r\n}\r\n.edgtf-progress-bar .edgtf-pb-percent {\r\ncolor: #ef4723;\r\nposition: relative;\r\nfont-family: 'atrament-web',sans-serif;\r\n    font-size: 82px;\r\ntext-align:center;}\r\n.edgtf-progress-bar .edgtf-pb-title-holder .edgtf-pb-title {\r\n    position: absolute;\r\n    display: block;\r\nwidth: 100%;\r\n    top: 66px;\r\ntext-align:center;\r\n}\r\n.con-percentuale .edgtf-progress-bar .edgtf-pb-percent:after {\r\ndisplay: block !important;\r\n    margin-left: 130px;\r\n    margin-top: -24px;\r\n}\r\n.con-percentuale .edgtf-pb-percent {\r\nleft: -22px;}\r\n.edgtf-image-gallery .edgtf-ig-image-inner img {\r\nborder-radius:0px;\r\ntransform: scale(1.02);\r\n}\r\n.edgtf-image-gallery {\r\nwidth: auto !important;\r\n}\r\n.galleria-recruiting {\r\npadding-left:15px;\r\npadding-right:15px;\r\n}\r\n.immagini-bordo img {\r\ntransform: scale(1.02);\r\n}\r\n.icona-freccia {\r\n  animation: bounce2 2s ease infinite;\r\n}\r\n@keyframes bounce2 {\r\n\t0%, 20%, 50%, 80%, 100% {transform: translateY(0);}\r\n\t40% {transform: translateY(-30px);}\r\n\t60% {transform: translateY(-15px);}\r\n}\r\n\r\n.immagine-animata {\r\noverflow:hidden;\r\n}\r\n.immagine-animata img:hover {\r\n    -webkit-transform: scale(1);\r\n    -moz-transform: scale(1);\r\n    transform: scale(1);\r\n    -webkit-transition: -webkit-transform .25s cubic-bezier(.32,.71,.91,1.06);\r\n    -moz-transition: -moz-transform .25s cubic-bezier(.32,.71,.91,1.06);\r\n    transition: transform .25s cubic-bezier(.32,.71,.91,1.06);\r\n    backface-visibility: hidden;\r\n}\r\n.immagine-animata img:hover {    \r\n-webkit-transform: scale(1.02);\r\n    -moz-transform: scale(1.02);\r\n    transform: scale(1.02);\r\n}\r\n\r\n@media (max-width:767px) {\r\n.edgtf-progress-bar {\r\n    min-height: 150px;\r\nmargin-bottom: 35px;\r\n}\r\n.img-team .wpb_single_image img {\r\nmargin-bottom: 22px; !important;\r\n}\r\n#intro-recruiting.solo-desktop, #intro-recruiting.solo-medi {\r\ndisplay: none;}\r\n.edgtf-progress-bar .edgtf-pb-percent {\r\nfont-size: 64px;}\r\n}\r\n\r\n.edgtf-progress-bar .edgtf-pb-content-holder {\r\ndisplay: none;}\r\n.social-recruiting {\r\n    width: 62px;\r\n    margin: auto;\r\n}\r\n\r\n\/*\r\n@media (min-width:768px) and (max-width:1199px) {\r\n#intro-recruiting.solo-desktop, #intro-recruiting.solo-mobile {\r\ndisplay: none;}\r\n}\r\n@media (min-width:1200px) {\r\n#intro-recruiting.solo-medi, #intro-recruiting.solo-mobile {\r\ndisplay: none;}\r\n}\r\n*\/\r\n\r\n@media (min-width:1200px) and (max-width:1539px) {\r\n.vc_custom_1652776915420 {\r\npadding-top: 0 !important;\r\n}\r\n}\r\n@media (min-width:768px) and (max-width:1399px) {\r\n.vc_message_box {\r\n    min-height: 418px !important;\r\n}\r\n}\r\n@media (min-width:1400px) {\r\n.vc_message_box {\r\n    min-height: 344px !important;\r\n}\r\n.testo-headline-landing {\r\npadding-right: 20%;\r\n}\r\n.vc_message_box {\r\nmargin-left: 30px;\r\nmargin-right: 30px;\r\n}\r\n}\r\n@media (min-width:768px) and (max-width:1399px) {\r\n.vc_message_box {\r\nmargin-left: 14px;\r\nmargin-right: 14px;\r\n}\r\n}\r\n\r\n@media (min-width:768px) and (max-width:1190px) {\r\n.testo-headline-landing h2 {\r\nfont-size: 44px !important;\r\n}\r\n.testo-headline-landing h3 {\r\nfont-size: 30px !important;\r\n}\r\n.vc_custom_1652776915420 {\r\npadding-right: 5% !important;\r\npadding-left: 5% !important;}\r\n.logo-recruiting img {\r\nwidth: 120px;\r\n}\r\n}<\/style>\n<section class=\"wpb-content-wrapper\"><p>[vc_row equal_height=&#8221;yes&#8221; content_placement=&#8221;middle&#8221; el_class=&#8221;solo-desktop&#8221; el_id=&#8221;intro-recruiting&#8221; css=&#8221;.vc_custom_1722418078067{margin-bottom: 60px !important;background-color: #fff4db !important;}&#8221;][vc_column width=&#8221;1\/2&#8243; css=&#8221;.vc_custom_1721729027192{margin-top: 0px !important;margin-bottom: 0px !important;padding-top: 0px !important;padding-right: 0px !important;padding-bottom: 0px !important;padding-left: 0px !important;background-image: url(https:\/\/www.berberepizza.it\/wp-content\/uploads\/2024\/07\/berberecartolina_24-1.jpg?id=14399) !important;background-position: center !important;background-repeat: no-repeat !important;background-size: cover !important;}&#8221;][\/vc_column][vc_column width=&#8221;1\/2&#8243; css=&#8221;.vc_custom_1670341039136{padding-top: 6px !important;background-color: #fff4db !important;}&#8221;][vc_row_inner el_class=&#8221;testo-headline-landing&#8221;][vc_column_inner css=&#8221;.vc_custom_1652776915420{padding-top: 4% !important;padding-right: 8% !important;padding-bottom: 2% !important;padding-left: 8% !important;}&#8221;][vc_empty_space height=&#8221;100px&#8221;][vc_column_text]<\/p>\n<h2 style=\"font-size: 54px; line-height: 1.1; margin: 0 0 40px 0;\">WE BELIEVE IN RESPECTING AND VALUING DIFFERENCES<\/h2>\n<p>This is our corporate culture: all people have the right to feel safe, wherever they are.<br \/>\nFor this reason, Berber\u00e8, in collaboration with the <a href=\"https:\/\/www.fondazionelibellula.com\/it\/\" target=\"_blank\" rel=\"noopener\">Dragonfly Foundation<\/a>, has implemented an anti-violence policy, through which we actively commit ourselves to creating, maintaining and inhabiting a pluralistic working environment, free from discrimination, intimidation or harassment.[\/vc_column_text][vc_empty_space][vc_btn title=&#8221;Download the Policy&#8221; align=&#8221;left&#8221; el_class=&#8221;pulsante-b-radius&#8221; link=&#8221;url:https%3A%2F%2Fwww.berberepizza.it%2Fwp-content%2Fuploads%2F2024%2F07%2FPolicy-Antimolestie-Berbere_EN_FR_IT.pdf&#8221;][vc_empty_space][\/vc_column_inner][\/vc_row_inner][\/vc_column][\/vc_row][vc_row full_width=&#8221;stretch_row_content&#8221; equal_height=&#8221;yes&#8221; el_class=&#8221;solo-mobile&#8221; el_id=&#8221;intro-recruiting&#8221; css=&#8221;.vc_custom_1670340059120{background-color: #fff4db !important;}&#8221;][vc_column width=&#8221;1\/2&#8243; css=&#8221;.vc_custom_1652947826561{margin-top: 0px !important;margin-bottom: 0px !important;padding-top: 0px !important;padding-right: 0px !important;padding-bottom: 0px !important;padding-left: 0px !important;background-color: #fdfbed !important;}&#8221;][vc_single_image image=&#8221;14399&#8243; img_size=&#8221;full&#8221;][\/vc_column][vc_column width=&#8221;1\/2&#8243; css=&#8221;.vc_custom_1653406885269{padding-top: 22px !important;padding-right: 0px !important;padding-left: 0px !important;}&#8221;][vc_row_inner][vc_column_inner css=&#8221;.vc_custom_1652776915420{padding-top: 1% !important;padding-right: 8% !important;padding-bottom: 2% !important;padding-left: 8% !important;}&#8221;][vc_empty_space height=&#8221;16px&#8221;][vc_column_text]<\/p>\n<h2 style=\"font-size: 44px; line-height: 1.1; margin: 0;\">WE BELIEVE IN RESPECTING AND VALUING DIFFERENCES<\/h2>\n<p>This is our corporate culture: all people have the right to feel safe, wherever they are.<br \/>\nFor this reason, Berber\u00e8, in collaboration with the <a href=\"https:\/\/www.fondazionelibellula.com\/it\/\" target=\"_blank\" rel=\"noopener\">Dragonfly Foundation<\/a>, has implemented an anti-violence policy, through which we actively commit ourselves to creating, maintaining and inhabiting a pluralistic working environment, free from discrimination, intimidation or harassment.[\/vc_column_text][vc_btn title=&#8221;Download the Policy&#8221; align=&#8221;left&#8221; el_class=&#8221;pulsante-b-radius&#8221; link=&#8221;url:https%3A%2F%2Fwww.berberepizza.it%2Fwp-content%2Fuploads%2F2024%2F07%2FPolicy-Antimolestie-Berbere_EN_FR_IT.pdf&#8221; css=&#8221;.vc_custom_1721740622632{margin-top: 20px !important;}&#8221;][\/vc_column_inner][\/vc_row_inner][vc_empty_space height=&#8221;24px&#8221; el_class=&#8221;solo-mobile&#8221;][\/vc_column][\/vc_row]<\/p>\n<\/section>","protected":false},"excerpt":{"rendered":"<p>[vc_row equal_height=&#8221;yes&#8221; content_placement=&#8221;middle&#8221; el_class=&#8221;solo-desktop&#8221; el_id=&#8221;intro-recruiting&#8221; css=&#8221;.vc_custom_1722418078067{margin-bottom: 60px !important;background-color: #fff4db !important;}&#8221;][vc_column width=&#8221;1\/2&#8243; css=&#8221;.vc_custom_1721729027192{margin-top: 0px !important;margin-bottom: 0px !important;padding-top: 0px !important;padding-right: 0px !important;padding-bottom: 0px !important;padding-left: 0px !important;background-image: url(https:\/\/www.berberepizza.it\/wp-content\/uploads\/2024\/07\/berberecartolina_24-1.jpg?id=14399) !important;background-position: center !important;background-repeat: no-repeat !important;background-size: cover !important;}&#8221;][\/vc_column][vc_column width=&#8221;1\/2&#8243; css=&#8221;.vc_custom_1670341039136{padding-top: 6px !important;background-color: #fff4db !important;}&#8221;][vc_row_inner el_class=&#8221;testo-headline-landing&#8221;][vc_column_inner css=&#8221;.vc_custom_1652776915420{padding-top: [&hellip;]<\/p>\n","protected":false},"author":1,"featured_media":0,"parent":0,"menu_order":0,"comment_status":"closed","ping_status":"closed","template":"","meta":{"footnotes":""},"class_list":["post-14409","page","type-page","status-publish","hentry"],"yoast_head":"<!-- This site is optimized with the Yoast SEO plugin v27.4 - https:\/\/yoast.com\/product\/yoast-seo-wordpress\/ -->\n<title>Policy against harassment and violence - Berber\u00e8 Pizzeria<\/title>\n<meta name=\"description\" content=\"Berber\u00e8 \u00e8 nata nel 2010 con la missione di servire una pizza artigianale buonissima, con solo lievito madre vivo, digeribile, senza fronzoli e in un ambiente accogliente.Lavoriamo con ingredienti biologici e il nostro unico dogma \u00e8 la qualit\u00e0.\" \/>\n<meta name=\"robots\" content=\"index, follow, max-snippet:-1, max-image-preview:large, max-video-preview:-1\" \/>\n<link rel=\"canonical\" href=\"https:\/\/www.berberepizza.it\/en\/policy-against-harassment-and-violence\/\" \/>\n<meta property=\"og:locale\" content=\"en_US\" \/>\n<meta property=\"og:type\" content=\"article\" \/>\n<meta property=\"og:title\" content=\"Policy against harassment and violence - Berber\u00e8 Pizzeria\" \/>\n<meta property=\"og:description\" content=\"Berber\u00e8 \u00e8 nata nel 2010 con la missione di servire una pizza artigianale buonissima, con solo lievito madre vivo, digeribile, senza fronzoli e in un ambiente accogliente.Lavoriamo con ingredienti biologici e il nostro unico dogma \u00e8 la qualit\u00e0.\" \/>\n<meta property=\"og:url\" content=\"https:\/\/www.berberepizza.it\/en\/policy-against-harassment-and-violence\/\" \/>\n<meta property=\"og:site_name\" content=\"Berber\u00e8 Pizzeria\" \/>\n<meta property=\"og:image\" content=\"https:\/\/www.berberepizza.it\/wp-content\/uploads\/2021\/04\/AlbertoBlasetti-5936-scaled.jpg\" \/>\n\t<meta property=\"og:image:width\" content=\"2560\" \/>\n\t<meta property=\"og:image:height\" content=\"1707\" \/>\n\t<meta property=\"og:image:type\" content=\"image\/jpeg\" \/>\n<meta name=\"twitter:card\" content=\"summary_large_image\" \/>\n<meta name=\"twitter:label1\" content=\"Est. reading time\" \/>\n\t<meta name=\"twitter:data1\" content=\"2 minutes\" \/>\n<script type=\"application\/ld+json\" class=\"yoast-schema-graph\">{\"@context\":\"https:\\\/\\\/schema.org\",\"@graph\":[{\"@type\":\"WebPage\",\"@id\":\"https:\\\/\\\/www.berberepizza.it\\\/en\\\/policy-against-harassment-and-violence\\\/\",\"url\":\"https:\\\/\\\/www.berberepizza.it\\\/en\\\/policy-against-harassment-and-violence\\\/\",\"name\":\"Policy against harassment and violence - Berber\u00e8 Pizzeria\",\"isPartOf\":{\"@id\":\"https:\\\/\\\/www.berberepizza.it\\\/#website\"},\"datePublished\":\"2024-07-31T09:28:00+00:00\",\"description\":\"Berber\u00e8 \u00e8 nata nel 2010 con la missione di servire una pizza artigianale buonissima, con solo lievito madre vivo, digeribile, senza fronzoli e in un ambiente accogliente.Lavoriamo con ingredienti biologici e il nostro unico dogma \u00e8 la qualit\u00e0.\",\"breadcrumb\":{\"@id\":\"https:\\\/\\\/www.berberepizza.it\\\/en\\\/policy-against-harassment-and-violence\\\/#breadcrumb\"},\"inLanguage\":\"en-US\",\"potentialAction\":[{\"@type\":\"ReadAction\",\"target\":[\"https:\\\/\\\/www.berberepizza.it\\\/en\\\/policy-against-harassment-and-violence\\\/\"]}]},{\"@type\":\"BreadcrumbList\",\"@id\":\"https:\\\/\\\/www.berberepizza.it\\\/en\\\/policy-against-harassment-and-violence\\\/#breadcrumb\",\"itemListElement\":[{\"@type\":\"ListItem\",\"position\":1,\"name\":\"Home\",\"item\":\"https:\\\/\\\/www.berberepizza.it\\\/en\\\/\"},{\"@type\":\"ListItem\",\"position\":2,\"name\":\"Policy against harassment and violence\"}]},{\"@type\":\"WebSite\",\"@id\":\"https:\\\/\\\/www.berberepizza.it\\\/#website\",\"url\":\"https:\\\/\\\/www.berberepizza.it\\\/\",\"name\":\"Berber\u00e8 Pizzeria\",\"description\":\"Lievito madre dal 2010\",\"potentialAction\":[{\"@type\":\"SearchAction\",\"target\":{\"@type\":\"EntryPoint\",\"urlTemplate\":\"https:\\\/\\\/www.berberepizza.it\\\/?s={search_term_string}\"},\"query-input\":{\"@type\":\"PropertyValueSpecification\",\"valueRequired\":true,\"valueName\":\"search_term_string\"}}],\"inLanguage\":\"en-US\"}]}<\/script>\n<!-- \/ Yoast SEO plugin. -->","yoast_head_json":{"title":"Policy against harassment and violence - Berber\u00e8 Pizzeria","description":"Berber\u00e8 \u00e8 nata nel 2010 con la missione di servire una pizza artigianale buonissima, con solo lievito madre vivo, digeribile, senza fronzoli e in un ambiente accogliente.Lavoriamo con ingredienti biologici e il nostro unico dogma \u00e8 la qualit\u00e0.","robots":{"index":"index","follow":"follow","max-snippet":"max-snippet:-1","max-image-preview":"max-image-preview:large","max-video-preview":"max-video-preview:-1"},"canonical":"https:\/\/www.berberepizza.it\/en\/policy-against-harassment-and-violence\/","og_locale":"en_US","og_type":"article","og_title":"Policy against harassment and violence - Berber\u00e8 Pizzeria","og_description":"Berber\u00e8 \u00e8 nata nel 2010 con la missione di servire una pizza artigianale buonissima, con solo lievito madre vivo, digeribile, senza fronzoli e in un ambiente accogliente.Lavoriamo con ingredienti biologici e il nostro unico dogma \u00e8 la qualit\u00e0.","og_url":"https:\/\/www.berberepizza.it\/en\/policy-against-harassment-and-violence\/","og_site_name":"Berber\u00e8 Pizzeria","og_image":[{"width":2560,"height":1707,"url":"https:\/\/www.berberepizza.it\/wp-content\/uploads\/2021\/04\/AlbertoBlasetti-5936-scaled.jpg","type":"image\/jpeg"}],"twitter_card":"summary_large_image","twitter_misc":{"Est. reading time":"2 minutes"},"schema":{"@context":"https:\/\/schema.org","@graph":[{"@type":"WebPage","@id":"https:\/\/www.berberepizza.it\/en\/policy-against-harassment-and-violence\/","url":"https:\/\/www.berberepizza.it\/en\/policy-against-harassment-and-violence\/","name":"Policy against harassment and violence - Berber\u00e8 Pizzeria","isPartOf":{"@id":"https:\/\/www.berberepizza.it\/#website"},"datePublished":"2024-07-31T09:28:00+00:00","description":"Berber\u00e8 \u00e8 nata nel 2010 con la missione di servire una pizza artigianale buonissima, con solo lievito madre vivo, digeribile, senza fronzoli e in un ambiente accogliente.Lavoriamo con ingredienti biologici e il nostro unico dogma \u00e8 la qualit\u00e0.","breadcrumb":{"@id":"https:\/\/www.berberepizza.it\/en\/policy-against-harassment-and-violence\/#breadcrumb"},"inLanguage":"en-US","potentialAction":[{"@type":"ReadAction","target":["https:\/\/www.berberepizza.it\/en\/policy-against-harassment-and-violence\/"]}]},{"@type":"BreadcrumbList","@id":"https:\/\/www.berberepizza.it\/en\/policy-against-harassment-and-violence\/#breadcrumb","itemListElement":[{"@type":"ListItem","position":1,"name":"Home","item":"https:\/\/www.berberepizza.it\/en\/"},{"@type":"ListItem","position":2,"name":"Policy against harassment and violence"}]},{"@type":"WebSite","@id":"https:\/\/www.berberepizza.it\/#website","url":"https:\/\/www.berberepizza.it\/","name":"Berber\u00e8 Pizzeria","description":"Lievito madre dal 2010","potentialAction":[{"@type":"SearchAction","target":{"@type":"EntryPoint","urlTemplate":"https:\/\/www.berberepizza.it\/?s={search_term_string}"},"query-input":{"@type":"PropertyValueSpecification","valueRequired":true,"valueName":"search_term_string"}}],"inLanguage":"en-US"}]}},"_links":{"self":[{"href":"https:\/\/www.berberepizza.it\/en\/wp-json\/wp\/v2\/pages\/14409","targetHints":{"allow":["GET"]}}],"collection":[{"href":"https:\/\/www.berberepizza.it\/en\/wp-json\/wp\/v2\/pages"}],"about":[{"href":"https:\/\/www.berberepizza.it\/en\/wp-json\/wp\/v2\/types\/page"}],"author":[{"embeddable":true,"href":"https:\/\/www.berberepizza.it\/en\/wp-json\/wp\/v2\/users\/1"}],"replies":[{"embeddable":true,"href":"https:\/\/www.berberepizza.it\/en\/wp-json\/wp\/v2\/comments?post=14409"}],"version-history":[{"count":0,"href":"https:\/\/www.berberepizza.it\/en\/wp-json\/wp\/v2\/pages\/14409\/revisions"}],"wp:attachment":[{"href":"https:\/\/www.berberepizza.it\/en\/wp-json\/wp\/v2\/media?parent=14409"}],"curies":[{"name":"wp","href":"https:\/\/api.w.org\/{rel}","templated":true}]}}