{"id":14422,"date":"2024-11-11T10:35:11","date_gmt":"2024-11-11T09:35:11","guid":{"rendered":"https:\/\/www.berberepizza.it\/?page_id=14422"},"modified":"2024-11-11T10:35:11","modified_gmt":"2024-11-11T09:35:11","slug":"whistleblowing","status":"publish","type":"page","link":"https:\/\/www.berberepizza.it\/en\/whistleblowing\/","title":{"rendered":"Whistleblowing"},"content":{"rendered":"<!-- Added by Post\/Page Specific Custom Code plugin, thank you for using! -->\n<style>.logo-recruiting img {\r\nwidth: 108px;\r\nheight: auto;\r\n}\r\nh2 {\r\nline-height: 1.1em;\r\n}\r\np {\r\nfont-size:17px !important;}\r\n.aw_application .aw_applyLink:hover {\r\ncolor: #ef4723;\r\n}\r\nh3 {\r\nletter-spacing: 0.02em;\r\n}\r\n.wpb_raw_code.wpb_raw_js.edgtf-btn.edgtf-btn-medium.edgtf-btn-solid.pulsante-b-radius, .pulsante-b-radius .vc_btn3.vc_btn3-color-grey.vc_btn3-style-modern {\r\n background: #3c3b43;\r\ncolor: #ffffff;\r\nfont-family: 'atrament-web',sans-serif;\r\nfont-size:21px;\r\npadding: 10px 60px 10px 30px;\r\nborder:none;\r\nborder-radius: 5px;\r\nborder: 2px solid #3c3b43;\r\n}\r\n.wpb_raw_code.wpb_raw_js.edgtf-btn.edgtf-btn-medium.edgtf-btn-solid.pulsante-b-radius:hover, .pulsante-b-radius .vc_btn3.vc_btn3-color-grey.vc_btn3-style-modern:hover {\r\n border: 2px solid #3c3b43 !important;\r\ncolor: #ef4723 !important;\r\nbackground-color: ##fff4db !important;\r\n}\r\n.vc_message_box-rounded {\r\n    border-radius: 0;\r\n}\r\n.vc_color-info.vc_message_box {\r\n    color: #4a4a4a;\r\n    border: none;\r\n    background-color: #fff4db;\r\n}\r\n.vc_color-info.vc_message_box .vc_message_box-icon {\r\n    color: #ef4723;\r\n}\r\n.vc_message_box {\r\npadding:2em;}\r\n.vc_color-info.vc_message_box h3 {\r\npadding: 1.8em 0 0 0; }\r\n.vc_message_box-icon {\r\nwidth: 100%; \r\nposition: relative;\r\nleft: 15px;\r\ntop: 26px;}\r\n.vc_message_box-icon>* {\r\nleft: 0;\r\nfont-size: 2.1em;\r\n}\r\n\r\n.edgtf-progress-bar {\r\ntext-align:center;\r\n}\r\n.edgtf-progress-bar .edgtf-pb-percent:after {\r\ndisplay: none;\r\n}\r\n.edgtf-progress-bar .edgtf-pb-percent {\r\ncolor: #ef4723;\r\nposition: relative;\r\nfont-family: 'atrament-web',sans-serif;\r\n    font-size: 82px;\r\ntext-align:center;}\r\n.edgtf-progress-bar .edgtf-pb-title-holder .edgtf-pb-title {\r\n    position: absolute;\r\n    display: block;\r\nwidth: 100%;\r\n    top: 66px;\r\ntext-align:center;\r\n}\r\n.con-percentuale .edgtf-progress-bar .edgtf-pb-percent:after {\r\ndisplay: block !important;\r\n    margin-left: 130px;\r\n    margin-top: -24px;\r\n}\r\n.con-percentuale .edgtf-pb-percent {\r\nleft: -22px;}\r\n.edgtf-image-gallery .edgtf-ig-image-inner img {\r\nborder-radius:0px;\r\ntransform: scale(1.02);\r\n}\r\n.edgtf-image-gallery {\r\nwidth: auto !important;\r\n}\r\n.galleria-recruiting {\r\npadding-left:15px;\r\npadding-right:15px;\r\n}\r\n.immagini-bordo img {\r\ntransform: scale(1.02);\r\n}\r\n.icona-freccia {\r\n  animation: bounce2 2s ease infinite;\r\n}\r\n@keyframes bounce2 {\r\n\t0%, 20%, 50%, 80%, 100% {transform: translateY(0);}\r\n\t40% {transform: translateY(-30px);}\r\n\t60% {transform: translateY(-15px);}\r\n}\r\n\r\n.immagine-animata {\r\noverflow:hidden;\r\n}\r\n.immagine-animata img:hover {\r\n    -webkit-transform: scale(1);\r\n    -moz-transform: scale(1);\r\n    transform: scale(1);\r\n    -webkit-transition: -webkit-transform .25s cubic-bezier(.32,.71,.91,1.06);\r\n    -moz-transition: -moz-transform .25s cubic-bezier(.32,.71,.91,1.06);\r\n    transition: transform .25s cubic-bezier(.32,.71,.91,1.06);\r\n    backface-visibility: hidden;\r\n}\r\n.immagine-animata img:hover {    \r\n-webkit-transform: scale(1.02);\r\n    -moz-transform: scale(1.02);\r\n    transform: scale(1.02);\r\n}\r\n\r\n@media (max-width:767px) {\r\n.edgtf-progress-bar {\r\n    min-height: 150px;\r\nmargin-bottom: 35px;\r\n}\r\n.img-team .wpb_single_image img {\r\nmargin-bottom: 22px; !important;\r\n}\r\n#intro-recruiting.solo-desktop, #intro-recruiting.solo-medi {\r\ndisplay: none;}\r\n.edgtf-progress-bar .edgtf-pb-percent {\r\nfont-size: 64px;}\r\n}\r\n\r\n.edgtf-progress-bar .edgtf-pb-content-holder {\r\ndisplay: none;}\r\n.social-recruiting {\r\n    width: 62px;\r\n    margin: auto;\r\n}\r\n\r\n.pulsante-b-radius.solo-desktop a {\r\n    font-size: 21px !important;\r\n}\r\n\r\n\/*\r\n@media (min-width:768px) and (max-width:1199px) {\r\n#intro-recruiting.solo-desktop, #intro-recruiting.solo-mobile {\r\ndisplay: none;}\r\n}\r\n@media (min-width:1200px) {\r\n#intro-recruiting.solo-medi, #intro-recruiting.solo-mobile {\r\ndisplay: none;}\r\n}\r\n*\/\r\n\r\n@media (min-width:1200px) and (max-width:1539px) {\r\n.vc_custom_1652776915420 {\r\npadding-top: 0 !important;\r\n}\r\n}\r\n@media (min-width:768px) and (max-width:1399px) {\r\n.vc_message_box {\r\n    min-height: 418px !important;\r\n}\r\n}\r\n@media (min-width:1400px) {\r\n.vc_message_box {\r\n    min-height: 344px !important;\r\n}\r\n.testo-headline-landing {\r\npadding-right: 20%;\r\n}\r\n.vc_message_box {\r\nmargin-left: 30px;\r\nmargin-right: 30px;\r\n}\r\n}\r\n@media (min-width:768px) and (max-width:1399px) {\r\n.vc_message_box {\r\nmargin-left: 14px;\r\nmargin-right: 14px;\r\n}\r\n}\r\n\r\n@media (min-width:768px) and (max-width:1190px) {\r\n.testo-headline-landing h2 {\r\nfont-size: 44px !important;\r\n}\r\n.testo-headline-landing h3 {\r\nfont-size: 30px !important;\r\n}\r\n.vc_custom_1652776915420 {\r\npadding-right: 5% !important;\r\npadding-left: 5% !important;}\r\n.logo-recruiting img {\r\nwidth: 120px;\r\n}\r\n}<\/style>\n<section class=\"wpb-content-wrapper\"><p>[vc_row css=&#8221;.vc_custom_1722001135872{padding-top: 20px !important;padding-bottom: 40px !important;}&#8221;][vc_column][vc_column_text]<\/p>\n<h2 style=\"font-size: 54px; line-height: 1.1; margin: 40px 0; text-transform: uppercase;\">Whistleblowing<\/h2>\n<p>Did you know that the legislative decree of 10 March 2023, n24 (known as &#8216;The Whistleblowing Decree&#8217;) has changed the regulatory framework regarding whistleblowing?<\/p>\n<p>It is the system which provides protection for people who report violations of national or European regulations which they have become aware of in their working environment.<\/p>\n<p>If you need to report an offense according to the new regulations <strong><a href=\"https:\/\/berberepizza.segnalazioni.net\/\" target=\"_blank\" rel=\"noopener\">click here<\/a><\/strong>.[\/vc_column_text][\/vc_column][\/vc_row][vc_row][vc_column][vc_separator color=&#8221;custom&#8221; accent_color=&#8221;#3c3c43&#8243;][\/vc_column][\/vc_row][vc_row css=&#8221;.vc_custom_1721988912056{padding-top: 40px !important;}&#8221;][vc_column width=&#8221;2\/3&#8243; css=&#8221;.vc_custom_1721989025755{padding-bottom: 20px !important;}&#8221;][vc_column_text]<\/p>\n<h3 style=\"font-size: 28px; line-height: 1.1; margin: 10px 0; text-transform: uppercase;\">Whistleblowing Policy<\/h3>\n<p>[\/vc_column_text][\/vc_column][vc_column width=&#8221;1\/3&#8243;][vc_btn title=&#8221;Download&#8221; align=&#8221;right&#8221; i_align=&#8221;right&#8221; i_icon_fontawesome=&#8221;fas fa-download&#8221; add_icon=&#8221;true&#8221; el_class=&#8221;pulsante-b-radius solo-desktop&#8221; link=&#8221;url:https%3A%2F%2Fwww.berberepizza.it%2Fwp-content%2Fuploads%2F2024%2F11%2FPolicy-Whistleblowing.pdf&#8221;][vc_btn title=&#8221;Download&#8221; align=&#8221;left&#8221; i_align=&#8221;right&#8221; i_icon_fontawesome=&#8221;fas fa-download&#8221; add_icon=&#8221;true&#8221; el_class=&#8221;pulsante-b-radius solo-mobile&#8221; link=&#8221;url:https%3A%2F%2Fwww.berberepizza.it%2Fwp-content%2Fuploads%2F2024%2F11%2FPolicy-Whistleblowing.pdf&#8221;][\/vc_column][\/vc_row][vc_row][vc_column][vc_separator color=&#8221;custom&#8221; accent_color=&#8221;#3c3c43&#8243;][\/vc_column][\/vc_row][vc_row css=&#8221;.vc_custom_1722000898535{padding-top: 40px !important;padding-bottom: 80px !important;}&#8221;][vc_column width=&#8221;2\/3&#8243; css=&#8221;.vc_custom_1721989025755{padding-bottom: 20px !important;}&#8221;][vc_column_text]<\/p>\n<h3 style=\"font-size: 28px; line-height: 1.1; margin: 10px 0; text-transform: uppercase;\">Whistleblowing Privacy Information<\/h3>\n<p>[\/vc_column_text][\/vc_column][vc_column width=&#8221;1\/3&#8243;][vc_btn title=&#8221;Download&#8221; align=&#8221;right&#8221; i_align=&#8221;right&#8221; i_icon_fontawesome=&#8221;fas fa-download&#8221; add_icon=&#8221;true&#8221; el_class=&#8221;pulsante-b-radius solo-desktop&#8221; link=&#8221;url:https%3A%2F%2Fwww.berberepizza.it%2Fwp-content%2Fuploads%2F2024%2F07%2FINFORMATIVA-ART.13-WHISTLEBLOWING.docx|target:_blank&#8221;][vc_btn title=&#8221;Download&#8221; align=&#8221;left&#8221; i_align=&#8221;right&#8221; i_icon_fontawesome=&#8221;fas fa-download&#8221; add_icon=&#8221;true&#8221; el_class=&#8221;pulsante-b-radius solo-mobile&#8221; link=&#8221;url:https%3A%2F%2Fwww.berberepizza.it%2Fwp-content%2Fuploads%2F2024%2F07%2FINFORMATIVA-ART.13-WHISTLEBLOWING.docx|target:_blank&#8221;][\/vc_column][\/vc_row]<\/p>\n<\/section>","protected":false},"excerpt":{"rendered":"<p>[vc_row css=&#8221;.vc_custom_1722001135872{padding-top: 20px !important;padding-bottom: 40px !important;}&#8221;][vc_column][vc_column_text] Whistleblowing Did you know that the legislative decree of 10 March 2023, n24 (known as &#8216;The Whistleblowing Decree&#8217;) has changed the regulatory framework regarding whistleblowing? It is the system which provides protection for people [&hellip;]<\/p>\n","protected":false},"author":1,"featured_media":0,"parent":0,"menu_order":0,"comment_status":"closed","ping_status":"closed","template":"","meta":{"footnotes":""},"class_list":["post-14422","page","type-page","status-publish","hentry"],"yoast_head":"<!-- This site is optimized with the Yoast SEO plugin v27.4 - https:\/\/yoast.com\/product\/yoast-seo-wordpress\/ -->\n<title>Whistleblowing - Berber\u00e8 Pizzeria<\/title>\n<meta name=\"description\" content=\"Berber\u00e8 \u00e8 nata nel 2010 con la missione di servire una pizza artigianale buonissima, con solo lievito madre vivo, digeribile, senza fronzoli e in un ambiente accogliente.Lavoriamo con ingredienti biologici e il nostro unico dogma \u00e8 la qualit\u00e0.\" \/>\n<meta name=\"robots\" content=\"index, follow, max-snippet:-1, max-image-preview:large, max-video-preview:-1\" \/>\n<link rel=\"canonical\" href=\"https:\/\/www.berberepizza.it\/codice-etico-e-whistleblowing\/\" \/>\n<meta property=\"og:locale\" content=\"en_US\" \/>\n<meta property=\"og:type\" content=\"article\" \/>\n<meta property=\"og:title\" content=\"Whistleblowing - Berber\u00e8 Pizzeria\" \/>\n<meta property=\"og:description\" content=\"Berber\u00e8 \u00e8 nata nel 2010 con la missione di servire una pizza artigianale buonissima, con solo lievito madre vivo, digeribile, senza fronzoli e in un ambiente accogliente.Lavoriamo con ingredienti biologici e il nostro unico dogma \u00e8 la qualit\u00e0.\" \/>\n<meta property=\"og:url\" content=\"https:\/\/www.berberepizza.it\/codice-etico-e-whistleblowing\/\" \/>\n<meta property=\"og:site_name\" content=\"Berber\u00e8 Pizzeria\" \/>\n<meta property=\"og:image\" content=\"https:\/\/www.berberepizza.it\/wp-content\/uploads\/2021\/04\/AlbertoBlasetti-5936-scaled.jpg\" \/>\n\t<meta property=\"og:image:width\" content=\"2560\" \/>\n\t<meta property=\"og:image:height\" content=\"1707\" \/>\n\t<meta property=\"og:image:type\" content=\"image\/jpeg\" \/>\n<meta name=\"twitter:card\" content=\"summary_large_image\" \/>\n<meta name=\"twitter:label1\" content=\"Est. reading time\" \/>\n\t<meta name=\"twitter:data1\" content=\"1 minute\" \/>\n<script type=\"application\/ld+json\" class=\"yoast-schema-graph\">{\"@context\":\"https:\\\/\\\/schema.org\",\"@graph\":[{\"@type\":\"WebPage\",\"@id\":\"https:\\\/\\\/www.berberepizza.it\\\/codice-etico-e-whistleblowing\\\/\",\"url\":\"https:\\\/\\\/www.berberepizza.it\\\/codice-etico-e-whistleblowing\\\/\",\"name\":\"Whistleblowing - Berber\u00e8 Pizzeria\",\"isPartOf\":{\"@id\":\"https:\\\/\\\/www.berberepizza.it\\\/#website\"},\"datePublished\":\"2024-11-11T09:35:11+00:00\",\"description\":\"Berber\u00e8 \u00e8 nata nel 2010 con la missione di servire una pizza artigianale buonissima, con solo lievito madre vivo, digeribile, senza fronzoli e in un ambiente accogliente.Lavoriamo con ingredienti biologici e il nostro unico dogma \u00e8 la qualit\u00e0.\",\"breadcrumb\":{\"@id\":\"https:\\\/\\\/www.berberepizza.it\\\/codice-etico-e-whistleblowing\\\/#breadcrumb\"},\"inLanguage\":\"en-US\",\"potentialAction\":[{\"@type\":\"ReadAction\",\"target\":[\"https:\\\/\\\/www.berberepizza.it\\\/codice-etico-e-whistleblowing\\\/\"]}]},{\"@type\":\"BreadcrumbList\",\"@id\":\"https:\\\/\\\/www.berberepizza.it\\\/codice-etico-e-whistleblowing\\\/#breadcrumb\",\"itemListElement\":[{\"@type\":\"ListItem\",\"position\":1,\"name\":\"Home\",\"item\":\"https:\\\/\\\/www.berberepizza.it\\\/en\\\/\"},{\"@type\":\"ListItem\",\"position\":2,\"name\":\"Whistleblowing\"}]},{\"@type\":\"WebSite\",\"@id\":\"https:\\\/\\\/www.berberepizza.it\\\/#website\",\"url\":\"https:\\\/\\\/www.berberepizza.it\\\/\",\"name\":\"Berber\u00e8 Pizzeria\",\"description\":\"Lievito madre dal 2010\",\"potentialAction\":[{\"@type\":\"SearchAction\",\"target\":{\"@type\":\"EntryPoint\",\"urlTemplate\":\"https:\\\/\\\/www.berberepizza.it\\\/?s={search_term_string}\"},\"query-input\":{\"@type\":\"PropertyValueSpecification\",\"valueRequired\":true,\"valueName\":\"search_term_string\"}}],\"inLanguage\":\"en-US\"}]}<\/script>\n<!-- \/ Yoast SEO plugin. -->","yoast_head_json":{"title":"Whistleblowing - Berber\u00e8 Pizzeria","description":"Berber\u00e8 \u00e8 nata nel 2010 con la missione di servire una pizza artigianale buonissima, con solo lievito madre vivo, digeribile, senza fronzoli e in un ambiente accogliente.Lavoriamo con ingredienti biologici e il nostro unico dogma \u00e8 la qualit\u00e0.","robots":{"index":"index","follow":"follow","max-snippet":"max-snippet:-1","max-image-preview":"max-image-preview:large","max-video-preview":"max-video-preview:-1"},"canonical":"https:\/\/www.berberepizza.it\/codice-etico-e-whistleblowing\/","og_locale":"en_US","og_type":"article","og_title":"Whistleblowing - Berber\u00e8 Pizzeria","og_description":"Berber\u00e8 \u00e8 nata nel 2010 con la missione di servire una pizza artigianale buonissima, con solo lievito madre vivo, digeribile, senza fronzoli e in un ambiente accogliente.Lavoriamo con ingredienti biologici e il nostro unico dogma \u00e8 la qualit\u00e0.","og_url":"https:\/\/www.berberepizza.it\/codice-etico-e-whistleblowing\/","og_site_name":"Berber\u00e8 Pizzeria","og_image":[{"width":2560,"height":1707,"url":"https:\/\/www.berberepizza.it\/wp-content\/uploads\/2021\/04\/AlbertoBlasetti-5936-scaled.jpg","type":"image\/jpeg"}],"twitter_card":"summary_large_image","twitter_misc":{"Est. reading time":"1 minute"},"schema":{"@context":"https:\/\/schema.org","@graph":[{"@type":"WebPage","@id":"https:\/\/www.berberepizza.it\/codice-etico-e-whistleblowing\/","url":"https:\/\/www.berberepizza.it\/codice-etico-e-whistleblowing\/","name":"Whistleblowing - Berber\u00e8 Pizzeria","isPartOf":{"@id":"https:\/\/www.berberepizza.it\/#website"},"datePublished":"2024-11-11T09:35:11+00:00","description":"Berber\u00e8 \u00e8 nata nel 2010 con la missione di servire una pizza artigianale buonissima, con solo lievito madre vivo, digeribile, senza fronzoli e in un ambiente accogliente.Lavoriamo con ingredienti biologici e il nostro unico dogma \u00e8 la qualit\u00e0.","breadcrumb":{"@id":"https:\/\/www.berberepizza.it\/codice-etico-e-whistleblowing\/#breadcrumb"},"inLanguage":"en-US","potentialAction":[{"@type":"ReadAction","target":["https:\/\/www.berberepizza.it\/codice-etico-e-whistleblowing\/"]}]},{"@type":"BreadcrumbList","@id":"https:\/\/www.berberepizza.it\/codice-etico-e-whistleblowing\/#breadcrumb","itemListElement":[{"@type":"ListItem","position":1,"name":"Home","item":"https:\/\/www.berberepizza.it\/en\/"},{"@type":"ListItem","position":2,"name":"Whistleblowing"}]},{"@type":"WebSite","@id":"https:\/\/www.berberepizza.it\/#website","url":"https:\/\/www.berberepizza.it\/","name":"Berber\u00e8 Pizzeria","description":"Lievito madre dal 2010","potentialAction":[{"@type":"SearchAction","target":{"@type":"EntryPoint","urlTemplate":"https:\/\/www.berberepizza.it\/?s={search_term_string}"},"query-input":{"@type":"PropertyValueSpecification","valueRequired":true,"valueName":"search_term_string"}}],"inLanguage":"en-US"}]}},"_links":{"self":[{"href":"https:\/\/www.berberepizza.it\/en\/wp-json\/wp\/v2\/pages\/14422","targetHints":{"allow":["GET"]}}],"collection":[{"href":"https:\/\/www.berberepizza.it\/en\/wp-json\/wp\/v2\/pages"}],"about":[{"href":"https:\/\/www.berberepizza.it\/en\/wp-json\/wp\/v2\/types\/page"}],"author":[{"embeddable":true,"href":"https:\/\/www.berberepizza.it\/en\/wp-json\/wp\/v2\/users\/1"}],"replies":[{"embeddable":true,"href":"https:\/\/www.berberepizza.it\/en\/wp-json\/wp\/v2\/comments?post=14422"}],"version-history":[{"count":0,"href":"https:\/\/www.berberepizza.it\/en\/wp-json\/wp\/v2\/pages\/14422\/revisions"}],"wp:attachment":[{"href":"https:\/\/www.berberepizza.it\/en\/wp-json\/wp\/v2\/media?parent=14422"}],"curies":[{"name":"wp","href":"https:\/\/api.w.org\/{rel}","templated":true}]}}