{"id":15176,"date":"2025-01-13T17:28:55","date_gmt":"2025-01-13T16:28:55","guid":{"rendered":"https:\/\/www.berberepizza.it\/?page_id=15176"},"modified":"2025-01-23T16:05:25","modified_gmt":"2025-01-23T15:05:25","slug":"faq","status":"publish","type":"page","link":"https:\/\/www.berberepizza.it\/en\/faq\/","title":{"rendered":"FAQ"},"content":{"rendered":"<section class=\"wpb-content-wrapper\"><p>[vc_row][vc_column][vc_custom_heading text=&#8221;FAQ&#8221; font_container=&#8221;tag:h1|font_size:44|text_align:left&#8221; use_theme_fonts=&#8221;yes&#8221; css=&#8221;.vc_custom_1736439425093{margin-right: 56px !important;}&#8221;][vc_column_text el_class=&#8221;faq-pulsanti&#8221;][vc_btn title=&#8221;FOOD &amp; DRINKS&#8221; align=&#8221;left&#8221; el_class=&#8221;pulsante-b-radius&#8221; link=&#8221;url:#menu&#8221;][vc_btn title=&#8221;BOOKING&#8221; align=&#8221;left&#8221; el_class=&#8221;pulsante-b-radius&#8221; link=&#8221;url:#booking&#8221;][vc_btn title=&#8221;GENERAL&#8221; align=&#8221;left&#8221; el_class=&#8221;pulsante-b-radius&#8221; link=&#8221;url:#general&#8221;][\/vc_column_text][\/vc_column][\/vc_row][vc_row el_id=&#8221;menu&#8221;][vc_column][vc_custom_heading text=&#8221;FOOD &amp; DRINKS&#8221; font_container=&#8221;tag:h2|font_size:38|text_align:left|color:%23ef4723&#8243; use_theme_fonts=&#8221;yes&#8221; css=&#8221;.vc_custom_1736784502297{margin-right: 56px !important;}&#8221;]<div class=\"edgtf-accordion-holder edgtf-ac-default faq-accordion edgtf-toggle edgtf-ac-simple  clearfix\">\n\t<h5 class=\"edgtf-accordion-title\">\n    <span class=\"edgtf-accordion-mark\">\n\t\t<span class=\"edgtf_icon_plus icon_plus\"><\/span>\n\t\t<span class=\"edgtf_icon_minus icon_minus-06\"><\/span>\n\t<\/span>\n\t<span class=\"edgtf-tab-title\">Do you have vegetarian \/ vegan dishes?<\/span>\n<\/h5>\n<div class=\"edgtf-accordion-content\">\n\t<div class=\"edgtf-accordion-content-inner\">\n\t\t[vc_column_text]Yes! We have a range of veggie and vegan dishes. You can even create your own pizza, using the vegetables that we have on offer. We usually advise taking the marinara pizza and adding toppings.[\/vc_column_text]\t<\/div>\n<\/div><h5 class=\"edgtf-accordion-title\">\n    <span class=\"edgtf-accordion-mark\">\n\t\t<span class=\"edgtf_icon_plus icon_plus\"><\/span>\n\t\t<span class=\"edgtf_icon_minus icon_minus-06\"><\/span>\n\t<\/span>\n\t<span class=\"edgtf-tab-title\">Do you have lactose-free cheese?<\/span>\n<\/h5>\n<div class=\"edgtf-accordion-content\">\n\t<div class=\"edgtf-accordion-content-inner\">\n\t\t[vc_column_text]We\u2019re working on it &#8211; we hope to have a plant-based alternative soon.[\/vc_column_text]\t<\/div>\n<\/div><h5 class=\"edgtf-accordion-title\">\n    <span class=\"edgtf-accordion-mark\">\n\t\t<span class=\"edgtf_icon_plus icon_plus\"><\/span>\n\t\t<span class=\"edgtf_icon_minus icon_minus-06\"><\/span>\n\t<\/span>\n\t<span class=\"edgtf-tab-title\">Do you do gluten free pizzas?<\/span>\n<\/h5>\n<div class=\"edgtf-accordion-content\">\n\t<div class=\"edgtf-accordion-content-inner\">\n\t\t[vc_column_text]Unfortunately not. At the moment, we are unable to create the dough without any sort of cross-contamination. However, if you\u2019re planning to come to Berber\u00e8 with friends we do have lots of gluten free alternatives to pizza.[\/vc_column_text]\t<\/div>\n<\/div><h5 class=\"edgtf-accordion-title\">\n    <span class=\"edgtf-accordion-mark\">\n\t\t<span class=\"edgtf_icon_plus icon_plus\"><\/span>\n\t\t<span class=\"edgtf_icon_minus icon_minus-06\"><\/span>\n\t<\/span>\n\t<span class=\"edgtf-tab-title\">Why does the pizza come already cut?<\/span>\n<\/h5>\n<div class=\"edgtf-accordion-content\">\n\t<div class=\"edgtf-accordion-content-inner\">\n\t\t[vc_column_text]The 8 slices of pizza are part of the Berber\u00e8 trademark. We want to make it easier for you to share the pizza, without it getting cold.[\/vc_column_text]\t<\/div>\n<\/div><h5 class=\"edgtf-accordion-title\">\n    <span class=\"edgtf-accordion-mark\">\n\t\t<span class=\"edgtf_icon_plus icon_plus\"><\/span>\n\t\t<span class=\"edgtf_icon_minus icon_minus-06\"><\/span>\n\t<\/span>\n\t<span class=\"edgtf-tab-title\">What is sourdough pizza?<\/span>\n<\/h5>\n<div class=\"edgtf-accordion-content\">\n\t<div class=\"edgtf-accordion-content-inner\">\n\t\t[vc_column_text]Simply put it\u2019s a mixture created from the fermentation of flour and water which has been mixed and left to rest. Pizza which rises slowly over a long period of time gets cooked at a lower temperature so as to have that unique consistency which is slightly crunchy on the outside and soft on the inside.<\/p>\n<p><a href=\"https:\/\/www.berberepizza.it\/en\/living-sourdough\/\">Read more \u00bb<\/a>[\/vc_column_text]\t<\/div>\n<\/div><h5 class=\"edgtf-accordion-title\">\n    <span class=\"edgtf-accordion-mark\">\n\t\t<span class=\"edgtf_icon_plus icon_plus\"><\/span>\n\t\t<span class=\"edgtf_icon_minus icon_minus-06\"><\/span>\n\t<\/span>\n\t<span class=\"edgtf-tab-title\">What are the different doughs you offer?<\/span>\n<\/h5>\n<div class=\"edgtf-accordion-content\">\n\t<div class=\"edgtf-accordion-content-inner\">\n\t\t[vc_column_text]We have two special doughs: &#8216;idrolisi&#8217;, which is available everyday and our &#8216;biodiverso&#8217; which is a mix of flours and seeds and is available during the weekend. Our biodiverse dough is an \u2018indirect dough\u2019 or a pre-leavened dough, made with sourdough starter so it contains wheat and gluten, although in smaller quantities compared to a classic dough. These are complicated, artisan products meaning we cannot guarantee their availability at all times, especially as we make everything from scratch in our kitchens everyday.[\/vc_column_text]\t<\/div>\n<\/div><h5 class=\"edgtf-accordion-title\">\n    <span class=\"edgtf-accordion-mark\">\n\t\t<span class=\"edgtf_icon_plus icon_plus\"><\/span>\n\t\t<span class=\"edgtf_icon_minus icon_minus-06\"><\/span>\n\t<\/span>\n\t<span class=\"edgtf-tab-title\">Can I reserve ahead my preferred dough?<\/span>\n<\/h5>\n<div class=\"edgtf-accordion-content\">\n\t<div class=\"edgtf-accordion-content-inner\">\n\t\t[vc_column_text]Depending on their availability on that particular day you can reserve one of our special doughs by calling ahead.[\/vc_column_text]\t<\/div>\n<\/div><h5 class=\"edgtf-accordion-title\">\n    <span class=\"edgtf-accordion-mark\">\n\t\t<span class=\"edgtf_icon_plus icon_plus\"><\/span>\n\t\t<span class=\"edgtf_icon_minus icon_minus-06\"><\/span>\n\t<\/span>\n\t<span class=\"edgtf-tab-title\">Why don\u2019t you serve Coca-Cola?<\/span>\n<\/h5>\n<div class=\"edgtf-accordion-content\">\n\t<div class=\"edgtf-accordion-content-inner\">\n\t\t[vc_column_text]We don\u2019t serve Coca-Cola as we like to be able to offer alternatives to the multinational giants which often erase local traditions, regional produce and entire cultures which express themselves through gastronomy.<\/p>\n<p>Instead, try Molecola! It\u2019s an Italian company which started in Piemonte and which uses Italian ingredients to create its unique flavour. Molecola work closely with Renken, an Italian non-profit focussed on improving education both in Italy and Senegal.[\/vc_column_text]\t<\/div>\n<\/div><\/div>[\/vc_column][\/vc_row][vc_row el_id=&#8221;booking&#8221;][vc_column][vc_custom_heading text=&#8221;BOOKING&#8221; font_container=&#8221;tag:h2|font_size:38|text_align:left|color:%23ef4723&#8243; use_theme_fonts=&#8221;yes&#8221; css=&#8221;.vc_custom_1736786608423{margin-right: 56px !important;}&#8221;]<div class=\"edgtf-accordion-holder edgtf-ac-default faq-accordion edgtf-toggle edgtf-ac-simple  clearfix\">\n\t<h5 class=\"edgtf-accordion-title\">\n    <span class=\"edgtf-accordion-mark\">\n\t\t<span class=\"edgtf_icon_plus icon_plus\"><\/span>\n\t\t<span class=\"edgtf_icon_minus icon_minus-06\"><\/span>\n\t<\/span>\n\t<span class=\"edgtf-tab-title\">Where is my nearest Berber\u00e8?<\/span>\n<\/h5>\n<div class=\"edgtf-accordion-content\">\n\t<div class=\"edgtf-accordion-content-inner\">\n\t\t[vc_column_text]You can find the full list of all of our restaurants, both those in Italy and the UK on our <a href=\"https:\/\/www.berberepizza.it\/en\/\">website<\/a>.[\/vc_column_text]\t<\/div>\n<\/div><h5 class=\"edgtf-accordion-title\">\n    <span class=\"edgtf-accordion-mark\">\n\t\t<span class=\"edgtf_icon_plus icon_plus\"><\/span>\n\t\t<span class=\"edgtf_icon_minus icon_minus-06\"><\/span>\n\t<\/span>\n\t<span class=\"edgtf-tab-title\">Do I need to book? Can I come without a booking?<\/span>\n<\/h5>\n<div class=\"edgtf-accordion-content\">\n\t<div class=\"edgtf-accordion-content-inner\">\n\t\t[vc_column_text]We take bookings at all times of day and everyday of the week but it\u2019s not compulsory and if you don\u2019t have a booking we would be happy to welcome you to any one of our restaurants.<\/p>\n<p>If you do decide to book you can do it via our website, on the phone or when passing by one of our restaurants.Our Tottenham Court Road restaurant is walk-ins only and if we don\u2019t have a table straight away we will take your name and number, so you can go grab a drink while you wait and we will contact you as soon as your table is ready.[\/vc_column_text]\t<\/div>\n<\/div><h5 class=\"edgtf-accordion-title\">\n    <span class=\"edgtf-accordion-mark\">\n\t\t<span class=\"edgtf_icon_plus icon_plus\"><\/span>\n\t\t<span class=\"edgtf_icon_minus icon_minus-06\"><\/span>\n\t<\/span>\n\t<span class=\"edgtf-tab-title\">Can I book a private space for an event?<\/span>\n<\/h5>\n<div class=\"edgtf-accordion-content\">\n\t<div class=\"edgtf-accordion-content-inner\">\n\t\t[vc_column_text]Absolutely! Thanks for picking us for your celebrations! Send us an email to <a href=\"mailto:info@berbere.it\">info@berbere.it<\/a> with what you\u2019re looking for and one of our team will get back to you right away.[\/vc_column_text]\t<\/div>\n<\/div><h5 class=\"edgtf-accordion-title\">\n    <span class=\"edgtf-accordion-mark\">\n\t\t<span class=\"edgtf_icon_plus icon_plus\"><\/span>\n\t\t<span class=\"edgtf_icon_minus icon_minus-06\"><\/span>\n\t<\/span>\n\t<span class=\"edgtf-tab-title\">Can I order a pizza and come and collect it in-store?<\/span>\n<\/h5>\n<div class=\"edgtf-accordion-content\">\n\t<div class=\"edgtf-accordion-content-inner\">\n\t\t[vc_column_text]Of course! We have a <a href=\"https:\/\/berbere.deliverectdirect.com\/?channel=widget\">click and collect<\/a> service.[\/vc_column_text]\t<\/div>\n<\/div><h5 class=\"edgtf-accordion-title\">\n    <span class=\"edgtf-accordion-mark\">\n\t\t<span class=\"edgtf_icon_plus icon_plus\"><\/span>\n\t\t<span class=\"edgtf_icon_minus icon_minus-06\"><\/span>\n\t<\/span>\n\t<span class=\"edgtf-tab-title\">Do you do delivery?<\/span>\n<\/h5>\n<div class=\"edgtf-accordion-content\">\n\t<div class=\"edgtf-accordion-content-inner\">\n\t\t[vc_column_text]We do! You can get pizza delivered to the comfort of your own home on <a href=\"https:\/\/berbere.ordine.deliveroo.it\/en\" target=\"_blank\" rel=\"noopener\">Deliveroo<\/a> or via our site by clicking \u2018order\u2019. Delivery and service will be provided by Deliveroo.[\/vc_column_text]\t<\/div>\n<\/div><h5 class=\"edgtf-accordion-title\">\n    <span class=\"edgtf-accordion-mark\">\n\t\t<span class=\"edgtf_icon_plus icon_plus\"><\/span>\n\t\t<span class=\"edgtf_icon_minus icon_minus-06\"><\/span>\n\t<\/span>\n\t<span class=\"edgtf-tab-title\">Can I bring my dog?<\/span>\n<\/h5>\n<div class=\"edgtf-accordion-content\">\n\t<div class=\"edgtf-accordion-content-inner\">\n\t\t[vc_column_text]Absolutely![\/vc_column_text]\t<\/div>\n<\/div><\/div>[\/vc_column][\/vc_row][vc_row css=&#8221;.vc_custom_1736786639067{margin-bottom: 40px !important;}&#8221; el_id=&#8221;general&#8221;][vc_column][vc_custom_heading text=&#8221;GENERAL&#8221; font_container=&#8221;tag:h2|font_size:38|text_align:left|color:%23ef4723&#8243; use_theme_fonts=&#8221;yes&#8221; css=&#8221;.vc_custom_1736785563696{margin-right: 56px !important;}&#8221;]<div class=\"edgtf-accordion-holder edgtf-ac-default faq-accordion edgtf-toggle edgtf-ac-simple  clearfix\">\n\t<h5 class=\"edgtf-accordion-title\">\n    <span class=\"edgtf-accordion-mark\">\n\t\t<span class=\"edgtf_icon_plus icon_plus\"><\/span>\n\t\t<span class=\"edgtf_icon_minus icon_minus-06\"><\/span>\n\t<\/span>\n\t<span class=\"edgtf-tab-title\">Do you have a loyalty scheme?<\/span>\n<\/h5>\n<div class=\"edgtf-accordion-content\">\n\t<div class=\"edgtf-accordion-content-inner\">\n\t\t[vc_column_text]Not yet but we\u2019re working on it\u2026keep an eye on our social channels to make sure you are always up-to-date. [\/vc_column_text]\t<\/div>\n<\/div><h5 class=\"edgtf-accordion-title\">\n    <span class=\"edgtf-accordion-mark\">\n\t\t<span class=\"edgtf_icon_plus icon_plus\"><\/span>\n\t\t<span class=\"edgtf_icon_minus icon_minus-06\"><\/span>\n\t<\/span>\n\t<span class=\"edgtf-tab-title\">Do you have gift cards?<\/span>\n<\/h5>\n<div class=\"edgtf-accordion-content\">\n\t<div class=\"edgtf-accordion-content-inner\">\n\t\t[vc_column_text]Yes! They are \u20ac30 and you can buy them directly at the till in all of our shops.[\/vc_column_text]\t<\/div>\n<\/div><h5 class=\"edgtf-accordion-title\">\n    <span class=\"edgtf-accordion-mark\">\n\t\t<span class=\"edgtf_icon_plus icon_plus\"><\/span>\n\t\t<span class=\"edgtf_icon_minus icon_minus-06\"><\/span>\n\t<\/span>\n\t<span class=\"edgtf-tab-title\">I want to give feedback, how can I do this?<\/span>\n<\/h5>\n<div class=\"edgtf-accordion-content\">\n\t<div class=\"edgtf-accordion-content-inner\">\n\t\t[vc_column_text]Share any feedback you have with our team via this email <a href=\"mailto:info@berbere.it\">info@berbere.it<\/a> &#8211; we love to hear your thoughts![\/vc_column_text]\t<\/div>\n<\/div><\/div>[\/vc_column][\/vc_row][vc_row][vc_column][vc_column_text][\/vc_column_text][\/vc_column][\/vc_row]<\/p>\n<\/section>","protected":false},"excerpt":{"rendered":"<p>[vc_row][vc_column][vc_custom_heading text=&#8221;FAQ&#8221; font_container=&#8221;tag:h1|font_size:44|text_align:left&#8221; use_theme_fonts=&#8221;yes&#8221; css=&#8221;.vc_custom_1736439425093{margin-right: 56px !important;}&#8221;][vc_column_text el_class=&#8221;faq-pulsanti&#8221;][vc_btn title=&#8221;FOOD &amp; DRINKS&#8221; align=&#8221;left&#8221; el_class=&#8221;pulsante-b-radius&#8221; link=&#8221;url:#menu&#8221;][vc_btn title=&#8221;BOOKING&#8221; align=&#8221;left&#8221; el_class=&#8221;pulsante-b-radius&#8221; link=&#8221;url:#booking&#8221;][vc_btn title=&#8221;GENERAL&#8221; align=&#8221;left&#8221; el_class=&#8221;pulsante-b-radius&#8221; link=&#8221;url:#general&#8221;][\/vc_column_text][\/vc_column][\/vc_row][vc_row el_id=&#8221;menu&#8221;][vc_column][vc_custom_heading text=&#8221;FOOD &amp; DRINKS&#8221; font_container=&#8221;tag:h2|font_size:38|text_align:left|color:%23ef4723&#8243; use_theme_fonts=&#8221;yes&#8221; css=&#8221;.vc_custom_1736784502297{margin-right: 56px !important;}&#8221;][\/vc_column][\/vc_row][vc_row el_id=&#8221;booking&#8221;][vc_column][vc_custom_heading text=&#8221;BOOKING&#8221; font_container=&#8221;tag:h2|font_size:38|text_align:left|color:%23ef4723&#8243; use_theme_fonts=&#8221;yes&#8221; css=&#8221;.vc_custom_1736786608423{margin-right: 56px !important;}&#8221;][\/vc_column][\/vc_row][vc_row css=&#8221;.vc_custom_1736786639067{margin-bottom: 40px [&hellip;]<\/p>\n","protected":false},"author":1,"featured_media":0,"parent":0,"menu_order":0,"comment_status":"closed","ping_status":"closed","template":"","meta":{"footnotes":""},"class_list":["post-15176","page","type-page","status-publish","hentry"],"yoast_head":"<!-- This site is optimized with the Yoast SEO plugin v27.4 - https:\/\/yoast.com\/product\/yoast-seo-wordpress\/ -->\n<title>FAQ - Berber\u00e8 Pizzeria<\/title>\n<meta name=\"description\" content=\"Berber\u00e8 \u00e8 nata nel 2010 con la missione di servire una pizza artigianale buonissima, con solo lievito madre vivo, digeribile, senza fronzoli e in un ambiente accogliente.Lavoriamo con ingredienti biologici e il nostro unico dogma \u00e8 la qualit\u00e0.\" \/>\n<meta name=\"robots\" content=\"index, follow, max-snippet:-1, max-image-preview:large, max-video-preview:-1\" \/>\n<link rel=\"canonical\" href=\"https:\/\/www.berberepizza.it\/en\/faq\/\" \/>\n<meta property=\"og:locale\" content=\"en_US\" \/>\n<meta property=\"og:type\" content=\"article\" \/>\n<meta property=\"og:title\" content=\"FAQ - Berber\u00e8 Pizzeria\" \/>\n<meta property=\"og:description\" content=\"Berber\u00e8 \u00e8 nata nel 2010 con la missione di servire una pizza artigianale buonissima, con solo lievito madre vivo, digeribile, senza fronzoli e in un ambiente accogliente.Lavoriamo con ingredienti biologici e il nostro unico dogma \u00e8 la qualit\u00e0.\" \/>\n<meta property=\"og:url\" content=\"https:\/\/www.berberepizza.it\/en\/faq\/\" \/>\n<meta property=\"og:site_name\" content=\"Berber\u00e8 Pizzeria\" \/>\n<meta property=\"article:modified_time\" content=\"2025-01-23T15:05:25+00:00\" \/>\n<meta property=\"og:image\" content=\"https:\/\/www.berberepizza.it\/wp-content\/uploads\/2021\/04\/AlbertoBlasetti-5936-scaled.jpg\" \/>\n\t<meta property=\"og:image:width\" content=\"2560\" \/>\n\t<meta property=\"og:image:height\" content=\"1707\" \/>\n\t<meta property=\"og:image:type\" content=\"image\/jpeg\" \/>\n<meta name=\"twitter:card\" content=\"summary_large_image\" \/>\n<meta name=\"twitter:label1\" content=\"Est. reading time\" \/>\n\t<meta name=\"twitter:data1\" content=\"5 minutes\" \/>\n<script type=\"application\/ld+json\" class=\"yoast-schema-graph\">{\"@context\":\"https:\\\/\\\/schema.org\",\"@graph\":[{\"@type\":\"WebPage\",\"@id\":\"https:\\\/\\\/www.berberepizza.it\\\/en\\\/faq\\\/\",\"url\":\"https:\\\/\\\/www.berberepizza.it\\\/en\\\/faq\\\/\",\"name\":\"FAQ - Berber\u00e8 Pizzeria\",\"isPartOf\":{\"@id\":\"https:\\\/\\\/www.berberepizza.it\\\/#website\"},\"datePublished\":\"2025-01-13T16:28:55+00:00\",\"dateModified\":\"2025-01-23T15:05:25+00:00\",\"description\":\"Berber\u00e8 \u00e8 nata nel 2010 con la missione di servire una pizza artigianale buonissima, con solo lievito madre vivo, digeribile, senza fronzoli e in un ambiente accogliente.Lavoriamo con ingredienti biologici e il nostro unico dogma \u00e8 la qualit\u00e0.\",\"breadcrumb\":{\"@id\":\"https:\\\/\\\/www.berberepizza.it\\\/en\\\/faq\\\/#breadcrumb\"},\"inLanguage\":\"en-US\",\"potentialAction\":[{\"@type\":\"ReadAction\",\"target\":[\"https:\\\/\\\/www.berberepizza.it\\\/en\\\/faq\\\/\"]}]},{\"@type\":\"BreadcrumbList\",\"@id\":\"https:\\\/\\\/www.berberepizza.it\\\/en\\\/faq\\\/#breadcrumb\",\"itemListElement\":[{\"@type\":\"ListItem\",\"position\":1,\"name\":\"Home\",\"item\":\"https:\\\/\\\/www.berberepizza.it\\\/en\\\/\"},{\"@type\":\"ListItem\",\"position\":2,\"name\":\"FAQ\"}]},{\"@type\":\"WebSite\",\"@id\":\"https:\\\/\\\/www.berberepizza.it\\\/#website\",\"url\":\"https:\\\/\\\/www.berberepizza.it\\\/\",\"name\":\"Berber\u00e8 Pizzeria\",\"description\":\"Lievito madre dal 2010\",\"potentialAction\":[{\"@type\":\"SearchAction\",\"target\":{\"@type\":\"EntryPoint\",\"urlTemplate\":\"https:\\\/\\\/www.berberepizza.it\\\/?s={search_term_string}\"},\"query-input\":{\"@type\":\"PropertyValueSpecification\",\"valueRequired\":true,\"valueName\":\"search_term_string\"}}],\"inLanguage\":\"en-US\"}]}<\/script>\n<!-- \/ Yoast SEO plugin. -->","yoast_head_json":{"title":"FAQ - Berber\u00e8 Pizzeria","description":"Berber\u00e8 \u00e8 nata nel 2010 con la missione di servire una pizza artigianale buonissima, con solo lievito madre vivo, digeribile, senza fronzoli e in un ambiente accogliente.Lavoriamo con ingredienti biologici e il nostro unico dogma \u00e8 la qualit\u00e0.","robots":{"index":"index","follow":"follow","max-snippet":"max-snippet:-1","max-image-preview":"max-image-preview:large","max-video-preview":"max-video-preview:-1"},"canonical":"https:\/\/www.berberepizza.it\/en\/faq\/","og_locale":"en_US","og_type":"article","og_title":"FAQ - Berber\u00e8 Pizzeria","og_description":"Berber\u00e8 \u00e8 nata nel 2010 con la missione di servire una pizza artigianale buonissima, con solo lievito madre vivo, digeribile, senza fronzoli e in un ambiente accogliente.Lavoriamo con ingredienti biologici e il nostro unico dogma \u00e8 la qualit\u00e0.","og_url":"https:\/\/www.berberepizza.it\/en\/faq\/","og_site_name":"Berber\u00e8 Pizzeria","article_modified_time":"2025-01-23T15:05:25+00:00","og_image":[{"width":2560,"height":1707,"url":"https:\/\/www.berberepizza.it\/wp-content\/uploads\/2021\/04\/AlbertoBlasetti-5936-scaled.jpg","type":"image\/jpeg"}],"twitter_card":"summary_large_image","twitter_misc":{"Est. reading time":"5 minutes"},"schema":{"@context":"https:\/\/schema.org","@graph":[{"@type":"WebPage","@id":"https:\/\/www.berberepizza.it\/en\/faq\/","url":"https:\/\/www.berberepizza.it\/en\/faq\/","name":"FAQ - Berber\u00e8 Pizzeria","isPartOf":{"@id":"https:\/\/www.berberepizza.it\/#website"},"datePublished":"2025-01-13T16:28:55+00:00","dateModified":"2025-01-23T15:05:25+00:00","description":"Berber\u00e8 \u00e8 nata nel 2010 con la missione di servire una pizza artigianale buonissima, con solo lievito madre vivo, digeribile, senza fronzoli e in un ambiente accogliente.Lavoriamo con ingredienti biologici e il nostro unico dogma \u00e8 la qualit\u00e0.","breadcrumb":{"@id":"https:\/\/www.berberepizza.it\/en\/faq\/#breadcrumb"},"inLanguage":"en-US","potentialAction":[{"@type":"ReadAction","target":["https:\/\/www.berberepizza.it\/en\/faq\/"]}]},{"@type":"BreadcrumbList","@id":"https:\/\/www.berberepizza.it\/en\/faq\/#breadcrumb","itemListElement":[{"@type":"ListItem","position":1,"name":"Home","item":"https:\/\/www.berberepizza.it\/en\/"},{"@type":"ListItem","position":2,"name":"FAQ"}]},{"@type":"WebSite","@id":"https:\/\/www.berberepizza.it\/#website","url":"https:\/\/www.berberepizza.it\/","name":"Berber\u00e8 Pizzeria","description":"Lievito madre dal 2010","potentialAction":[{"@type":"SearchAction","target":{"@type":"EntryPoint","urlTemplate":"https:\/\/www.berberepizza.it\/?s={search_term_string}"},"query-input":{"@type":"PropertyValueSpecification","valueRequired":true,"valueName":"search_term_string"}}],"inLanguage":"en-US"}]}},"_links":{"self":[{"href":"https:\/\/www.berberepizza.it\/en\/wp-json\/wp\/v2\/pages\/15176","targetHints":{"allow":["GET"]}}],"collection":[{"href":"https:\/\/www.berberepizza.it\/en\/wp-json\/wp\/v2\/pages"}],"about":[{"href":"https:\/\/www.berberepizza.it\/en\/wp-json\/wp\/v2\/types\/page"}],"author":[{"embeddable":true,"href":"https:\/\/www.berberepizza.it\/en\/wp-json\/wp\/v2\/users\/1"}],"replies":[{"embeddable":true,"href":"https:\/\/www.berberepizza.it\/en\/wp-json\/wp\/v2\/comments?post=15176"}],"version-history":[{"count":0,"href":"https:\/\/www.berberepizza.it\/en\/wp-json\/wp\/v2\/pages\/15176\/revisions"}],"wp:attachment":[{"href":"https:\/\/www.berberepizza.it\/en\/wp-json\/wp\/v2\/media?parent=15176"}],"curies":[{"name":"wp","href":"https:\/\/api.w.org\/{rel}","templated":true}]}}