{"id":15704,"date":"2025-03-27T14:02:45","date_gmt":"2025-03-27T13:02:45","guid":{"rendered":"https:\/\/www.berberepizza.it\/?page_id=15704"},"modified":"2025-04-24T17:15:06","modified_gmt":"2025-04-24T15:15:06","slug":"sconto-50-flyer-roma-san-lorenzo","status":"publish","type":"page","link":"https:\/\/www.berberepizza.it\/en\/sconto-50-flyer-roma-san-lorenzo\/","title":{"rendered":"Sconto 50% Roma San Lorenzo"},"content":{"rendered":"<!-- Added by Post\/Page Specific Custom Code plugin, thank you for using! -->\n<style>.edgtf-content .edgtf-content-inner .edgtf-container .edgtf-container-inner {\r\n\tpadding-top: 0px !important;\r\n}\r\n.primo.vc_custom_heading.solo-mobile {\r\nmargin-top: -20px !important;\r\n}\r\n.vc_custom_heading.solo-mobile {\r\n\tbackground-color: #ef4723;\r\n\ttext-align: left !important;\r\n\t\tfloat: left;\r\n\t\tpadding: 1px 6px;\r\n\t\tmargin-left: 2px !important;\r\nmargin-top: 10px !important;\r\n\tmargin-bottom: 0px !important;\r\n\tdisplay: block;\r\n}\r\nh2.vc_custom_heading.solo-desktop  {\r\nline-height: 1;\r\nmargin:0 !important;\r\n}\r\n.popup-sfondo-colore {\r\n\t\tborder-radius: 0 !important;\r\n\tbackground-color: #ef4723;\r\n\t}\r\n  .edgtf-page-header, .edgtf-page-footer, .madeby-footer, .edgtf-mobile-header {\r\n\tdisplay:none;\r\n}\r\n .pulsante-nl {\r\nwidth: 100%;\r\nmargin-top: 0px;\r\nmargin-bottom: 4px;\r\n}\r\n .pulsante-nl button {\r\n\tbackground-color: #fdfbed;\r\n\tcolor: #ef4723 !important;\r\nwidth: 100%;\r\nfont-size: 26px;\r\nborder-radius: 30px;\r\n\t}\r\n.pulsante-nl button:hover {\r\nbackground-color:#f1e163 !important;\r\ncolor: #000 !important;\r\n}\r\n.pulsante-b-radius.switch-landing a, .pulsante-b-radius.switch-mobile a {\r\n    background: #ffffff !important;\r\n    color: #ef4723 !important;\r\n    font-family: 'atrament-web', sans-serif;\r\nfont-weight: bold !important;\r\n    border: 1px solid #ffffff !important;\r\n}\r\n.pulsante-b-radius.switch-landing a:hover, .pulsante-b-radius.switch-mobile a:hover {\r\nbackground: #ef4723 !important;\r\n    color: #ffffff !important;\r\n}\r\n#respond input[type=text], #respond textarea, .edgtf-style-form textarea, .post-password-form input[type=password], .wpcf7-form-control.wpcf7-number, .wpcf7-form-control.wpcf7-quiz, .wpcf7-form-control.wpcf7-select, .wpcf7-form-control.wpcf7-text, .wpcf7-form-control.wpcf7-textarea, input[type=text], input[type=email], input[type=password] {\r\nborder-radius: 10px;\r\nmargin: 0 0 4px;\r\npadding: 8px 20px;\r\n}\r\n#iscrizione-vdr {\r\n    display: flex;\r\n    height: 100vh;\r\n}\r\n.popup-sfondo-colore {\r\npadding: 10px;\r\n}\r\nselect#group {\r\npadding: 10px 20px;\r\nwidth: 100%;\r\n}\r\n@media (max-width: 767px) {\r\n.logo-landing img {\r\n    max-width: 94px !important;\r\n}\r\n#landing-first-mobile {\r\n    padding: 2px 26px !important;\r\nbackground: linear-gradient(0deg, rgba(0, 0, 0, 0.2), rgba(0, 0, 0, 0.2)), url(https:\/\/www.berberepizza.it\/wp-content\/uploads\/2024\/09\/landing-compleanno-modena.jpg) !important;\r\n    background-position: center top !important;\r\n    background-repeat: no-repeat !important;\r\n    background-size: cover !important;\r\n\t}\r\n.pulsante-nl {\r\n\t\tmargin-bottom: 8px;\r\n\t}\r\n .pulsante-nl button {\r\n\t\tmargin-top: 0;\r\n\t}\r\n.popup-sfondo-colore {\r\n\t\tborder-radius: 0 !important;\r\n\t}\r\n.vc_custom_heading.solo-mobile {\r\n\tmargin-right: 19%;\r\n}\r\n}\r\n\r\n@media (max-width: 480px) {\r\n.vc_custom_heading.solo-mobile {\r\n\tmargin-right: 6%;\r\n}\r\n\t}\r\n\r\n.logo-landing, .switch-mobile {width: 43% !important;\r\nfloat: left;}\r\n\r\n@media (min-width: 768px) {\r\n.popup-sfondo-colore {\r\n    width: 38%;\r\n\ttop: 0%;\r\n\tvertical-align: middle !important;\r\n    margin: auto !important;\r\n    border-radius: 20px !important;\r\n\tfloat: none;\r\n\tpadding: 10px 10px;\r\n}\r\n}\r\n@media (min-width: 1200px) {\r\n.popup-sfondo-colore {\r\n    width: 30% !important;\r\n\ttop:0%;\r\n}\r\n}\r\n\r\n  @media only screen and (max-width: 1024px) {\r\nbody:not(.edgtf-content-is-behind-header):not(.error404):not(.home) .edgtf-content {\r\n  margin-top:0 !important;\r\n}\r\n}<\/style>\n<section class=\"wpb-content-wrapper\"><p>[vc_row full_width=&#8221;stretch_row_content_no_spaces&#8221; equal_height=&#8221;yes&#8221; css=&#8221;.vc_custom_1644329277810{margin-top: 0px !important;border-top-width: 0px !important;padding-top: 0px !important;background-color: #fdfbed !important;}&#8221;][vc_column css=&#8221;.vc_custom_1634226552396{padding-top: 0px !important;padding-right: 0px !important;padding-left: 0px !important;}&#8221;][vc_row_inner el_class=&#8221;solo-mobile&#8221; css=&#8221;.vc_custom_1687339694315{margin-top: 0px !important;border-top-width: 0px !important;padding-top: 0px !important;background-image: url(https:\/\/www.berberepizza.it\/wp-content\/uploads\/2023\/06\/AlbertoBlasetti-1301-1.jpg?id=12593) !important;background-position: center !important;background-repeat: no-repeat !important;background-size: cover !important;}&#8221; el_id=&#8221;landing-first-mobile&#8221;][vc_column_inner css=&#8221;.vc_custom_1645608872163{padding-top: 0px !important;}&#8221;][vc_single_image image=&#8221;10521&#8243; img_size=&#8221;&#8221; el_class=&#8221;logo-landing&#8221; css=&#8221;.vc_custom_1687355660490{padding-top: 10px !important;padding-left: 10px !important;}&#8221;][vc_btn title=&#8221;IT&#8221; shape=&#8221;round&#8221; align=&#8221;right&#8221; el_class=&#8221;pulsante-b-radius switch-landing switch-mobile&#8221; link=&#8221;url:https%3A%2F%2Fwww.berberepizza.it%2Fsconto-50-roma-san-lorenzo%2F|title:Menu&#8221; css=&#8221;.vc_custom_1741970272560{padding-top: 12px !important;}&#8221;][vc_empty_space height=&#8221;40px&#8221; el_class=&#8221;spazio&#8221;][vc_custom_heading text=&#8221;50% OFF JUST FOR YOU!&#8221; font_container=&#8221;tag:h2|font_size:29|text_align:left|color:%23fdfbed&#8221; use_theme_fonts=&#8221;yes&#8221; el_class=&#8221;solo-mobile&#8221;][vc_empty_space height=&#8221;20px&#8221; el_class=&#8221;spazio&#8221;][\/vc_column_inner][\/vc_row_inner][vc_row_inner css=&#8221;.vc_custom_1687339711278{margin-top: 0px !important;border-top-width: 0px !important;padding-top: 0px !important;padding-bottom: 14px !important;background: #fdfbed url(https:\/\/www.berberepizza.it\/wp-content\/uploads\/2023\/06\/AlbertoBlasetti-1301-1.jpg?id=12593) !important;background-position: center !important;background-repeat: no-repeat !important;background-size: cover !important;}&#8221; el_id=&#8221;iscrizione-vdr&#8221;][vc_column_inner el_class=&#8221;popup-sfondo-colore&#8221; css=&#8221;.vc_custom_1645624201694{padding-top: 0px !important;padding-right: 20px !important;padding-bottom: 10px !important;padding-left: 20px !important;}&#8221;][vc_btn title=&#8221;IT&#8221; shape=&#8221;round&#8221; align=&#8221;right&#8221; el_class=&#8221;pulsante-b-radius switch-landing solo-desktop&#8221; link=&#8221;url:https%3A%2F%2Fwww.berberepizza.it%2Fsconto-50-roma-san-lorenzo%2F|title:Menu&#8221;][vc_single_image image=&#8221;10521&#8243; img_size=&#8221;&#8221; el_class=&#8221;logo-landing-desktop solo-desktop&#8221; css=&#8221;.vc_custom_1643722715047{padding-top: 10px !important;padding-left: 10px !important;}&#8221;][vc_custom_heading text=&#8221;50% OFF JUST FOR YOU!&#8221; font_container=&#8221;tag:h2|font_size:58|text_align:left|color:%23fdfbed&#8221; use_theme_fonts=&#8221;yes&#8221; el_class=&#8221;solo-desktop&#8221;][vc_column_text]<\/p>\n<p style=\"text-align: left; font-size: 19px; color: #fdfbed; margin-top: 0; font-weight: bold;\">Sign up to our newsletter to receive your discount code and enjoy delicious sourdough pizzas half price* in our new location in San Lorenzo, Rome \ud83d\ude09<\/p>\n<p>[\/vc_column_text][vc_empty_space height=&#8221;20px&#8221; el_class=&#8221;solo-desktop&#8221;][vc_empty_space height=&#8221;8px&#8221; el_class=&#8221;solo-mobile&#8221;][vc_raw_html el_class=&#8221;newsletter-crema&#8221;]JTNDZm9ybSUyMGFjdGlvbiUzRCUyMmh0dHBzJTNBJTJGJTJGYzhiOGMuZW1haWxzcC5jb20lMkZmcm9udGVuZCUyRnN1YnNjcmliZS5hc3B4JTIyJTNFJTBBJTNDZGl2JTNFJTBBJTNDaW5wdXQlMjB0eXBlJTNEJTIydGV4dCUyMiUyMHJlbCUzRCUyMjElMjIlMjBuYW1lJTNEJTIyY2FtcG8xJTIyJTIwaWQlM0QlMjJjYW1wbzElMjIlMjBwbGFjZWhvbGRlciUzRCUyMk5hbWUlMkElMjIlMjBtYXhsZW5ndGglM0QlMjIyMDAlMjIlMjByZXF1aXJlZCUzRCUyMnJlcXVpcmVkJTIyJTNFJTBBJTNDcCUyMCUzRSUzQyUyRnAlM0UlMEElM0MlMkZkaXYlM0UlMEElM0NkaXYlM0UlMEElM0NpbnB1dCUyMHR5cGUlM0QlMjJlbWFpbCUyMiUyMG5hbWUlM0QlMjJlbWFpbCUyMiUyMGlkJTNEJTIyZW1haWwlMjIlMjBwbGFjZWhvbGRlciUzRCUyMkVtYWlsJTJBJTIyJTIwcmVxdWlyZWQlM0QlMjJyZXF1aXJlZCUyMiUzRSUwQSUzQ3AlMjAlM0UlM0MlMkZwJTNFJTBBJTNDJTJGZGl2JTNFJTBBJTNDZGl2JTNFJTBBJTNDaW5wdXQlMjB0eXBlJTNEJTIydGV4dCUyMiUyMHJlbCUzRCUyMjI3JTIyJTIwbmFtZSUzRCUyMmNhbXBvMjclMjIlMjBpZCUzRCUyMmNhbXBvMjclMjIlMjBwbGFjZWhvbGRlciUzRCUyMkQuby5CLiUyQSUyMCUyOGRkJTJGbW0lMkZ5eXl5JTI5JTIyJTIwbWF4bGVuZ3RoJTNEJTIyMjAwJTIyJTIwcmVxdWlyZWQlM0QlMjJyZXF1aXJlZCUyMiUzRSUwQSUzQyUyRmRpdiUzRSUwQSUzQ2RpdiUyMHN0eWxlJTNEJTIybWFyZ2luLWJvdHRvbSUzQThweCUzQmxpbmUtaGVpZ2h0JTNBMSUzQiUyMiUzRSUwQSUzQ2xhYmVsJTNFJTNDaW5wdXQlMjB0eXBlJTNEJTIyY2hlY2tib3glMjIlMjBuYW1lJTNEJTIycHJpdmFjeSUyMiUyMHJlcXVpcmVkJTNEJTIycmVxdWlyZWQlMjIlM0UlM0NzcGFuJTIwc3R5bGUlM0QlMjJmb250LXNpemUlM0ExM3B4JTNCJTIyJTNFJTJBJTIwSSUyN2QlMjBsaWtlJTIwdG8lMjByZWNlaXZlJTIwZW1haWxzJTIwdGhhdCUyMGNvbnRhaW4lMjBuZXdzJTIwYW5kJTIwb2ZmZXJzJTIwZnJvbSUyMEJlcmJlciVDMyVBOCUyMGFuZCUyMEklMjBhY2NlcHQlMjBCZXJiZXIlQzMlQTglMjdzJTIwJTNDYSUyMGhyZWYlM0QlMjIlMkZwcml2YWN5LXBvbGljeSUyRiUyMiUzRXByaXZhY3klMjBwb2xpY3klM0MlMkZhJTNFJTNDJTJGc3BhbiUzRSUzQyUyRmxhYmVsJTNFJTIwJTBBJTNDJTJGZGl2JTNFJTBBJTNDZGl2JTNFJTBBJTNDZGl2JTIwY2xhc3MlM0QlMjJwdWxzYW50ZS1ubCUyMiUzRSUzQ2J1dHRvbiUyMHR5cGUlM0QlMjJzdWJtaXQlMjIlMjBuYW1lJTNEJTIyc3VibWl0JTIyJTIwdmFsdWUlM0QlMjJ0cnVlJTIyJTIwJTNFJTBBSSUyMFdBTlQlMjA1MCUyNSUyME9GRiUyMSUwQSUzQyUyRmJ1dHRvbiUzRSUzQyUyRmRpdiUzRSUwQSUzQyUyRmRpdiUzRSUwQSUzQ2lucHV0JTIwdHlwZSUzRCUyMmhpZGRlbiUyMiUyMG5hbWUlM0QlMjJsaXN0JTIyJTIwdmFsdWUlM0QlMjI5JTIyJTNFJTBBJTNDaW5wdXQlMjB0eXBlJTNEJTIyaGlkZGVuJTIyJTIwaWQlM0QlMjJhcGdyb3VwJTIyJTIwbmFtZSUzRCUyMmFwZ3JvdXAlMjIlMjB2YWx1ZSUzRCUyMjQwMzAlMjIlM0UlM0MlMkZmb3JtJTNF[\/vc_raw_html][vc_column_text]<span style=\"line-height: 1.1; font-size: 13px; color: #fff;\">* Offer valid until 22 of May.<\/span>[\/vc_column_text][\/vc_column_inner][\/vc_row_inner][\/vc_column][\/vc_row]<\/p>\n<\/section>","protected":false},"excerpt":{"rendered":"<p>[vc_row full_width=&#8221;stretch_row_content_no_spaces&#8221; equal_height=&#8221;yes&#8221; css=&#8221;.vc_custom_1644329277810{margin-top: 0px !important;border-top-width: 0px !important;padding-top: 0px !important;background-color: #fdfbed !important;}&#8221;][vc_column css=&#8221;.vc_custom_1634226552396{padding-top: 0px !important;padding-right: 0px !important;padding-left: 0px !important;}&#8221;][vc_row_inner el_class=&#8221;solo-mobile&#8221; css=&#8221;.vc_custom_1687339694315{margin-top: 0px !important;border-top-width: 0px !important;padding-top: 0px !important;background-image: url(https:\/\/www.berberepizza.it\/wp-content\/uploads\/2023\/06\/AlbertoBlasetti-1301-1.jpg?id=12593) !important;background-position: center !important;background-repeat: no-repeat !important;background-size: cover !important;}&#8221; el_id=&#8221;landing-first-mobile&#8221;][vc_column_inner css=&#8221;.vc_custom_1645608872163{padding-top: 0px !important;}&#8221;][vc_single_image image=&#8221;10521&#8243; [&hellip;]<\/p>\n","protected":false},"author":1,"featured_media":0,"parent":0,"menu_order":0,"comment_status":"closed","ping_status":"closed","template":"","meta":{"footnotes":""},"class_list":["post-15704","page","type-page","status-publish","hentry"],"yoast_head":"<!-- This site is optimized with the Yoast SEO plugin v27.4 - https:\/\/yoast.com\/product\/yoast-seo-wordpress\/ -->\n<title>Sconto 50% Roma San Lorenzo - Berber\u00e8 Pizzeria<\/title>\n<meta name=\"description\" content=\"Berber\u00e8 \u00e8 nata nel 2010 con la missione di servire una pizza artigianale buonissima, con solo lievito madre vivo, digeribile, senza fronzoli e in un ambiente accogliente.Lavoriamo con ingredienti biologici e il nostro unico dogma \u00e8 la qualit\u00e0.\" \/>\n<meta name=\"robots\" content=\"index, follow, max-snippet:-1, max-image-preview:large, max-video-preview:-1\" \/>\n<link rel=\"canonical\" href=\"https:\/\/www.berberepizza.it\/en\/sconto-50-flyer-roma-san-lorenzo\/\" \/>\n<meta property=\"og:locale\" content=\"en_US\" \/>\n<meta property=\"og:type\" content=\"article\" \/>\n<meta property=\"og:title\" content=\"Sconto 50% Roma San Lorenzo - Berber\u00e8 Pizzeria\" \/>\n<meta property=\"og:description\" content=\"Berber\u00e8 \u00e8 nata nel 2010 con la missione di servire una pizza artigianale buonissima, con solo lievito madre vivo, digeribile, senza fronzoli e in un ambiente accogliente.Lavoriamo con ingredienti biologici e il nostro unico dogma \u00e8 la qualit\u00e0.\" \/>\n<meta property=\"og:url\" content=\"https:\/\/www.berberepizza.it\/en\/sconto-50-flyer-roma-san-lorenzo\/\" \/>\n<meta property=\"og:site_name\" content=\"Berber\u00e8 Pizzeria\" \/>\n<meta property=\"article:modified_time\" content=\"2025-04-24T15:15:06+00:00\" \/>\n<meta property=\"og:image\" content=\"https:\/\/www.berberepizza.it\/wp-content\/uploads\/2021\/04\/AlbertoBlasetti-5936-scaled.jpg\" \/>\n\t<meta property=\"og:image:width\" content=\"2560\" \/>\n\t<meta property=\"og:image:height\" content=\"1707\" \/>\n\t<meta property=\"og:image:type\" content=\"image\/jpeg\" \/>\n<meta name=\"twitter:card\" content=\"summary_large_image\" \/>\n<meta name=\"twitter:label1\" content=\"Est. reading time\" \/>\n\t<meta name=\"twitter:data1\" content=\"2 minutes\" \/>\n<script type=\"application\/ld+json\" class=\"yoast-schema-graph\">{\"@context\":\"https:\\\/\\\/schema.org\",\"@graph\":[{\"@type\":\"WebPage\",\"@id\":\"https:\\\/\\\/www.berberepizza.it\\\/en\\\/sconto-50-flyer-roma-san-lorenzo\\\/\",\"url\":\"https:\\\/\\\/www.berberepizza.it\\\/en\\\/sconto-50-flyer-roma-san-lorenzo\\\/\",\"name\":\"Sconto 50% Roma San Lorenzo - Berber\u00e8 Pizzeria\",\"isPartOf\":{\"@id\":\"https:\\\/\\\/www.berberepizza.it\\\/#website\"},\"datePublished\":\"2025-03-27T13:02:45+00:00\",\"dateModified\":\"2025-04-24T15:15:06+00:00\",\"description\":\"Berber\u00e8 \u00e8 nata nel 2010 con la missione di servire una pizza artigianale buonissima, con solo lievito madre vivo, digeribile, senza fronzoli e in un ambiente accogliente.Lavoriamo con ingredienti biologici e il nostro unico dogma \u00e8 la qualit\u00e0.\",\"breadcrumb\":{\"@id\":\"https:\\\/\\\/www.berberepizza.it\\\/en\\\/sconto-50-flyer-roma-san-lorenzo\\\/#breadcrumb\"},\"inLanguage\":\"en-US\",\"potentialAction\":[{\"@type\":\"ReadAction\",\"target\":[\"https:\\\/\\\/www.berberepizza.it\\\/en\\\/sconto-50-flyer-roma-san-lorenzo\\\/\"]}]},{\"@type\":\"BreadcrumbList\",\"@id\":\"https:\\\/\\\/www.berberepizza.it\\\/en\\\/sconto-50-flyer-roma-san-lorenzo\\\/#breadcrumb\",\"itemListElement\":[{\"@type\":\"ListItem\",\"position\":1,\"name\":\"Home\",\"item\":\"https:\\\/\\\/www.berberepizza.it\\\/en\\\/\"},{\"@type\":\"ListItem\",\"position\":2,\"name\":\"Sconto 50% Roma San Lorenzo\"}]},{\"@type\":\"WebSite\",\"@id\":\"https:\\\/\\\/www.berberepizza.it\\\/#website\",\"url\":\"https:\\\/\\\/www.berberepizza.it\\\/\",\"name\":\"Berber\u00e8 Pizzeria\",\"description\":\"Lievito madre dal 2010\",\"potentialAction\":[{\"@type\":\"SearchAction\",\"target\":{\"@type\":\"EntryPoint\",\"urlTemplate\":\"https:\\\/\\\/www.berberepizza.it\\\/?s={search_term_string}\"},\"query-input\":{\"@type\":\"PropertyValueSpecification\",\"valueRequired\":true,\"valueName\":\"search_term_string\"}}],\"inLanguage\":\"en-US\"}]}<\/script>\n<!-- \/ Yoast SEO plugin. -->","yoast_head_json":{"title":"Sconto 50% Roma San Lorenzo - Berber\u00e8 Pizzeria","description":"Berber\u00e8 \u00e8 nata nel 2010 con la missione di servire una pizza artigianale buonissima, con solo lievito madre vivo, digeribile, senza fronzoli e in un ambiente accogliente.Lavoriamo con ingredienti biologici e il nostro unico dogma \u00e8 la qualit\u00e0.","robots":{"index":"index","follow":"follow","max-snippet":"max-snippet:-1","max-image-preview":"max-image-preview:large","max-video-preview":"max-video-preview:-1"},"canonical":"https:\/\/www.berberepizza.it\/en\/sconto-50-flyer-roma-san-lorenzo\/","og_locale":"en_US","og_type":"article","og_title":"Sconto 50% Roma San Lorenzo - Berber\u00e8 Pizzeria","og_description":"Berber\u00e8 \u00e8 nata nel 2010 con la missione di servire una pizza artigianale buonissima, con solo lievito madre vivo, digeribile, senza fronzoli e in un ambiente accogliente.Lavoriamo con ingredienti biologici e il nostro unico dogma \u00e8 la qualit\u00e0.","og_url":"https:\/\/www.berberepizza.it\/en\/sconto-50-flyer-roma-san-lorenzo\/","og_site_name":"Berber\u00e8 Pizzeria","article_modified_time":"2025-04-24T15:15:06+00:00","og_image":[{"width":2560,"height":1707,"url":"https:\/\/www.berberepizza.it\/wp-content\/uploads\/2021\/04\/AlbertoBlasetti-5936-scaled.jpg","type":"image\/jpeg"}],"twitter_card":"summary_large_image","twitter_misc":{"Est. reading time":"2 minutes"},"schema":{"@context":"https:\/\/schema.org","@graph":[{"@type":"WebPage","@id":"https:\/\/www.berberepizza.it\/en\/sconto-50-flyer-roma-san-lorenzo\/","url":"https:\/\/www.berberepizza.it\/en\/sconto-50-flyer-roma-san-lorenzo\/","name":"Sconto 50% Roma San Lorenzo - Berber\u00e8 Pizzeria","isPartOf":{"@id":"https:\/\/www.berberepizza.it\/#website"},"datePublished":"2025-03-27T13:02:45+00:00","dateModified":"2025-04-24T15:15:06+00:00","description":"Berber\u00e8 \u00e8 nata nel 2010 con la missione di servire una pizza artigianale buonissima, con solo lievito madre vivo, digeribile, senza fronzoli e in un ambiente accogliente.Lavoriamo con ingredienti biologici e il nostro unico dogma \u00e8 la qualit\u00e0.","breadcrumb":{"@id":"https:\/\/www.berberepizza.it\/en\/sconto-50-flyer-roma-san-lorenzo\/#breadcrumb"},"inLanguage":"en-US","potentialAction":[{"@type":"ReadAction","target":["https:\/\/www.berberepizza.it\/en\/sconto-50-flyer-roma-san-lorenzo\/"]}]},{"@type":"BreadcrumbList","@id":"https:\/\/www.berberepizza.it\/en\/sconto-50-flyer-roma-san-lorenzo\/#breadcrumb","itemListElement":[{"@type":"ListItem","position":1,"name":"Home","item":"https:\/\/www.berberepizza.it\/en\/"},{"@type":"ListItem","position":2,"name":"Sconto 50% Roma San Lorenzo"}]},{"@type":"WebSite","@id":"https:\/\/www.berberepizza.it\/#website","url":"https:\/\/www.berberepizza.it\/","name":"Berber\u00e8 Pizzeria","description":"Lievito madre dal 2010","potentialAction":[{"@type":"SearchAction","target":{"@type":"EntryPoint","urlTemplate":"https:\/\/www.berberepizza.it\/?s={search_term_string}"},"query-input":{"@type":"PropertyValueSpecification","valueRequired":true,"valueName":"search_term_string"}}],"inLanguage":"en-US"}]}},"_links":{"self":[{"href":"https:\/\/www.berberepizza.it\/en\/wp-json\/wp\/v2\/pages\/15704","targetHints":{"allow":["GET"]}}],"collection":[{"href":"https:\/\/www.berberepizza.it\/en\/wp-json\/wp\/v2\/pages"}],"about":[{"href":"https:\/\/www.berberepizza.it\/en\/wp-json\/wp\/v2\/types\/page"}],"author":[{"embeddable":true,"href":"https:\/\/www.berberepizza.it\/en\/wp-json\/wp\/v2\/users\/1"}],"replies":[{"embeddable":true,"href":"https:\/\/www.berberepizza.it\/en\/wp-json\/wp\/v2\/comments?post=15704"}],"version-history":[{"count":0,"href":"https:\/\/www.berberepizza.it\/en\/wp-json\/wp\/v2\/pages\/15704\/revisions"}],"wp:attachment":[{"href":"https:\/\/www.berberepizza.it\/en\/wp-json\/wp\/v2\/media?parent=15704"}],"curies":[{"name":"wp","href":"https:\/\/api.w.org\/{rel}","templated":true}]}}