{"id":15841,"date":"2025-04-11T11:41:03","date_gmt":"2025-04-11T09:41:03","guid":{"rendered":"https:\/\/www.berberepizza.it\/?page_id=15841"},"modified":"2025-11-18T14:55:30","modified_gmt":"2025-11-18T13:55:30","slug":"private-hire","status":"publish","type":"page","link":"https:\/\/www.berberepizza.it\/en\/private-hire\/","title":{"rendered":"Private Hire"},"content":{"rendered":"<!-- Added by Post\/Page Specific Custom Code plugin, thank you for using! -->\n<style>.pulsante-b-radius .vc_btn3.vc_btn3-color-grey.vc_btn3-style-modern {\r\n background: #ef4723;\r\ncolor: #ffffff;\r\nfont-family: 'atrament-web',sans-serif;\r\nfont-size:18px;\r\npadding: 10px 15px;\r\nborder: 2px solid #ef4723;\r\n}\r\n.pulsante-b-radius .vc_btn3.vc_btn3-color-grey.vc_btn3-style-modern:hover {\r\nborder: 2px solid #ef4723;\r\n    background: #FFFAED;\r\n    color: #ef4723 !important;\r\n}\r\n\r\n@media (max-width:767px) {\r\n.riga-1-ingredienti {\r\npadding-bottom: 0 !important;\r\n}\r\n.riga-2-ingredienti {\r\npadding-top: 0 !important;}\r\n}<\/style>\n<section class=\"wpb-content-wrapper\"><p>[vc_row css=&#8221;.vc_custom_1620842373250{margin-bottom: 40px !important;}&#8221;][vc_column][vc_custom_heading text=&#8221;COOL SPACES FOR SPECIAL OCCASIONS&#8221; font_container=&#8221;tag:h1|font_size:44|text_align:left&#8221; use_theme_fonts=&#8221;yes&#8221; el_class=&#8221;titolo-interno&#8221; css=&#8221;.vc_custom_1744364210409{margin-bottom: 10px !important;}&#8221;][vc_custom_heading text=&#8221;Book a large table or a private space&#8221; font_container=&#8221;tag:h2|font_size:40|text_align:left|color:%23ef4723&#8243; use_theme_fonts=&#8221;yes&#8221; el_class=&#8221;titolo-interno&#8221; css=&#8221;.vc_custom_1744364218460{margin-top: 0px !important;padding-top: 0px !important;}&#8221;][vc_column_text]Got a special occasion that needs celebrating and not sure where to do it?<br \/>\nWhether it&#8217;s a birthday, graduation, work lunch or just a get together with friends &#8211; we have the space to host it.<br \/>\nSome of our pizzerias have private rooms to hire, some extra large tables, or for those extra big events you can hire the whole pizzeria!<\/p>\n<p>Write to us and let us know what you&#8217;re looking for and we&#8217;ll look after everything else &#8211; and our pizza comes already sliced to make everything as easy as possible!<\/p>\n<p>Write to <a href=\"mailto:info@berbere.it\">info@berbere.it<\/a> to ask for a personalised quote.[\/vc_column_text][vc_empty_space height=&#8221;22px&#8221;][\/vc_column][\/vc_row][vc_row css=&#8221;.vc_custom_1744034940830{margin-bottom: 20px !important;}&#8221;][vc_column width=&#8221;1\/3&#8243;][vc_custom_heading text=&#8221;Bologna Murri&#8221; font_container=&#8221;tag:h2|font_size:38|text_align:left|line_height:1&#8243; use_theme_fonts=&#8221;yes&#8221; css=&#8221;.vc_custom_1744035107837{margin-top: 12px !important;margin-bottom: 18px !important;}&#8221;]<div class=\"edgtf-single-image-holder   edgtf-image-behavior-custom-link\">\n    <div class=\"edgtf-si-inner\" style=\"background-image: url(https:\/\/www.berberepizza.it\/wp-content\/uploads\/2025\/04\/bologna-murri.jpg)\">\n        \t            <a itemprop=\"url\" href=\"https:\/\/www.berberepizza.it\/en\/berbere-bologna-murri\/\" target=\"_blank\">\n                                    <img loading=\"lazy\" decoding=\"async\" width=\"867\" height=\"578\" src=\"https:\/\/www.berberepizza.it\/wp-content\/uploads\/2025\/04\/bologna-murri.jpg\" class=\"attachment-full size-full\" alt=\"Locale per feste Bologna Murri\" srcset=\"https:\/\/www.berberepizza.it\/wp-content\/uploads\/2025\/04\/bologna-murri.jpg 867w, https:\/\/www.berberepizza.it\/wp-content\/uploads\/2025\/04\/bologna-murri-300x200.jpg 300w, https:\/\/www.berberepizza.it\/wp-content\/uploads\/2025\/04\/bologna-murri-768x512.jpg 768w\" sizes=\"auto, (max-width: 867px) 100vw, 867px\" \/>                                <\/a>\n            <\/div>\n<\/div>[vc_column_text]<\/p>\n<h5>Via Augusto Murri, 71<\/h5>\n<p>[\/vc_column_text]<div class=\"edgtf-iwt clearfix  edgtf-iwt-icon-left edgtf-iwt-icon-small\">\n\t<div class=\"edgtf-iwt-icon\">\n\t\t\t\t\t<a itemprop=\"url\" href=\"mailto:info@berbere.it\" target=\"_self\">\n\t\t\t\t\t\t\t\t\t    <span class=\"edgtf-icon-shortcode edgtf-normal   edgtf-icon-small\"  >\n                    <i class=\"edgtf-icon-font-awesome fa fa-envelope edgtf-icon-element\" style=\"\" ><\/i>            <\/span>\n\t\t\t\t\t\t\t\t<\/a>\n\t\t\t<\/div>\n\t<div class=\"edgtf-iwt-content\" >\n\t\t\t\t\t<\/div>\n<\/div>[\/vc_column][vc_column width=&#8221;1\/3&#8243;][vc_custom_heading text=&#8221;Bologna Petroni&#8221; font_container=&#8221;tag:h2|font_size:38|text_align:left|line_height:1&#8243; use_theme_fonts=&#8221;yes&#8221; css=&#8221;.vc_custom_1744035115004{margin-top: 12px !important;margin-bottom: 18px !important;}&#8221;]<div class=\"edgtf-single-image-holder   edgtf-image-behavior-custom-link\">\n    <div class=\"edgtf-si-inner\" style=\"background-image: url(https:\/\/www.berberepizza.it\/wp-content\/uploads\/2025\/11\/DSC07530.jpg)\">\n        \t            <a itemprop=\"url\" href=\"https:\/\/www.berberepizza.it\/en\/berbere-bologna\/\" target=\"_blank\">\n                                    <img loading=\"lazy\" decoding=\"async\" width=\"867\" height=\"578\" src=\"https:\/\/www.berberepizza.it\/wp-content\/uploads\/2025\/11\/DSC07530.jpg\" class=\"attachment-full size-full\" alt=\"Sala per feste private Berber\u00e8 Bologna Petroni\" srcset=\"https:\/\/www.berberepizza.it\/wp-content\/uploads\/2025\/11\/DSC07530.jpg 867w, https:\/\/www.berberepizza.it\/wp-content\/uploads\/2025\/11\/DSC07530-300x200.jpg 300w, https:\/\/www.berberepizza.it\/wp-content\/uploads\/2025\/11\/DSC07530-768x512.jpg 768w\" sizes=\"auto, (max-width: 867px) 100vw, 867px\" \/>                                <\/a>\n            <\/div>\n<\/div>[vc_column_text]<\/p>\n<h5>Via Petroni, 9\/c<\/h5>\n<p>[\/vc_column_text]<div class=\"edgtf-iwt clearfix  edgtf-iwt-icon-left edgtf-iwt-icon-small\">\n\t<div class=\"edgtf-iwt-icon\">\n\t\t\t\t\t<a itemprop=\"url\" href=\"mailto:info@berbere.it\" target=\"_self\">\n\t\t\t\t\t\t\t\t\t    <span class=\"edgtf-icon-shortcode edgtf-normal   edgtf-icon-small\"  >\n                    <i class=\"edgtf-icon-font-awesome fa fa-envelope edgtf-icon-element\" style=\"\" ><\/i>            <\/span>\n\t\t\t\t\t\t\t\t<\/a>\n\t\t\t<\/div>\n\t<div class=\"edgtf-iwt-content\" >\n\t\t\t\t\t<\/div>\n<\/div>[\/vc_column][vc_column width=&#8221;1\/3&#8243;][vc_custom_heading text=&#8221;Modena&#8221; font_container=&#8221;tag:h2|font_size:38|text_align:left|line_height:1&#8243; use_theme_fonts=&#8221;yes&#8221; css=&#8221;.vc_custom_1744035120222{margin-top: 12px !important;margin-bottom: 18px !important;}&#8221;]<div class=\"edgtf-single-image-holder   edgtf-image-behavior-custom-link\">\n    <div class=\"edgtf-si-inner\" style=\"background-image: url(https:\/\/www.berberepizza.it\/wp-content\/uploads\/2025\/04\/modena.jpg)\">\n        \t            <a itemprop=\"url\" href=\"https:\/\/www.berberepizza.it\/en\/berbere-modena\/\" target=\"_blank\">\n                                    <img loading=\"lazy\" decoding=\"async\" width=\"867\" height=\"578\" src=\"https:\/\/www.berberepizza.it\/wp-content\/uploads\/2025\/04\/modena.jpg\" class=\"attachment-full size-full\" alt=\"Pizzeria Berber\u00e8 Modena\" srcset=\"https:\/\/www.berberepizza.it\/wp-content\/uploads\/2025\/04\/modena.jpg 867w, https:\/\/www.berberepizza.it\/wp-content\/uploads\/2025\/04\/modena-300x200.jpg 300w, https:\/\/www.berberepizza.it\/wp-content\/uploads\/2025\/04\/modena-768x512.jpg 768w\" sizes=\"auto, (max-width: 867px) 100vw, 867px\" \/>                                <\/a>\n            <\/div>\n<\/div>[vc_column_text]<\/p>\n<h5>Via del Taglio, 40<\/h5>\n<p>[\/vc_column_text]<div class=\"edgtf-iwt clearfix  edgtf-iwt-icon-left edgtf-iwt-icon-small\">\n\t<div class=\"edgtf-iwt-icon\">\n\t\t\t\t\t<a itemprop=\"url\" href=\"mailto:info@berbere.it\" target=\"_self\">\n\t\t\t\t\t\t\t\t\t    <span class=\"edgtf-icon-shortcode edgtf-normal   edgtf-icon-small\"  >\n                    <i class=\"edgtf-icon-font-awesome fa fa-envelope edgtf-icon-element\" style=\"\" ><\/i>            <\/span>\n\t\t\t\t\t\t\t\t<\/a>\n\t\t\t<\/div>\n\t<div class=\"edgtf-iwt-content\" >\n\t\t\t\t\t<\/div>\n<\/div>[\/vc_column][\/vc_row][vc_row css=&#8221;.vc_custom_1744034946727{margin-bottom: 20px !important;}&#8221;][vc_column width=&#8221;1\/3&#8243;][vc_custom_heading text=&#8221;Milano Centrale&#8221; font_container=&#8221;tag:h2|font_size:38|text_align:left|line_height:1&#8243; use_theme_fonts=&#8221;yes&#8221; css=&#8221;.vc_custom_1744035126724{margin-top: 12px !important;margin-bottom: 18px !important;}&#8221;]<div class=\"edgtf-single-image-holder   edgtf-image-behavior-custom-link\">\n    <div class=\"edgtf-si-inner\" style=\"background-image: url(https:\/\/www.berberepizza.it\/wp-content\/uploads\/2025\/04\/milano-centrale.jpg)\">\n        \t            <a itemprop=\"url\" href=\"https:\/\/www.berberepizza.it\/en\/berbere-milano-centrale\/\" target=\"_blank\">\n                                    <img loading=\"lazy\" decoding=\"async\" width=\"867\" height=\"578\" src=\"https:\/\/www.berberepizza.it\/wp-content\/uploads\/2025\/04\/milano-centrale.jpg\" class=\"attachment-full size-full\" alt=\"Locale per feste Milano Centrale\" srcset=\"https:\/\/www.berberepizza.it\/wp-content\/uploads\/2025\/04\/milano-centrale.jpg 867w, https:\/\/www.berberepizza.it\/wp-content\/uploads\/2025\/04\/milano-centrale-300x200.jpg 300w, https:\/\/www.berberepizza.it\/wp-content\/uploads\/2025\/04\/milano-centrale-768x512.jpg 768w\" sizes=\"auto, (max-width: 867px) 100vw, 867px\" \/>                                <\/a>\n            <\/div>\n<\/div>[vc_column_text]<\/p>\n<h5>Via Alfredo Cappellini, 18\/A<\/h5>\n<p>[\/vc_column_text]<div class=\"edgtf-iwt clearfix  edgtf-iwt-icon-left edgtf-iwt-icon-small\">\n\t<div class=\"edgtf-iwt-icon\">\n\t\t\t\t\t<a itemprop=\"url\" href=\"mailto:info@berbere.it\" target=\"_self\">\n\t\t\t\t\t\t\t\t\t    <span class=\"edgtf-icon-shortcode edgtf-normal   edgtf-icon-small\"  >\n                    <i class=\"edgtf-icon-font-awesome fa fa-envelope edgtf-icon-element\" style=\"\" ><\/i>            <\/span>\n\t\t\t\t\t\t\t\t<\/a>\n\t\t\t<\/div>\n\t<div class=\"edgtf-iwt-content\" >\n\t\t\t\t\t<\/div>\n<\/div>[\/vc_column][vc_column width=&#8221;1\/3&#8243;][vc_custom_heading text=&#8221;Roma Porta Pia&#8221; font_container=&#8221;tag:h2|font_size:38|text_align:left|line_height:1&#8243; use_theme_fonts=&#8221;yes&#8221; css=&#8221;.vc_custom_1744035132142{margin-top: 12px !important;margin-bottom: 18px !important;}&#8221;]<div class=\"edgtf-single-image-holder   edgtf-image-behavior-custom-link\">\n    <div class=\"edgtf-si-inner\" style=\"background-image: url(https:\/\/www.berberepizza.it\/wp-content\/uploads\/2025\/04\/Roma.jpg)\">\n        \t            <a itemprop=\"url\" href=\"https:\/\/www.berberepizza.it\/en\/berbere-roma-porta-pia\/\" target=\"_blank\">\n                                    <img loading=\"lazy\" decoding=\"async\" width=\"867\" height=\"578\" src=\"https:\/\/www.berberepizza.it\/wp-content\/uploads\/2025\/04\/Roma.jpg\" class=\"attachment-full size-full\" alt=\"Locale per feste Roma\" srcset=\"https:\/\/www.berberepizza.it\/wp-content\/uploads\/2025\/04\/Roma.jpg 867w, https:\/\/www.berberepizza.it\/wp-content\/uploads\/2025\/04\/Roma-300x200.jpg 300w, https:\/\/www.berberepizza.it\/wp-content\/uploads\/2025\/04\/Roma-768x512.jpg 768w\" sizes=\"auto, (max-width: 867px) 100vw, 867px\" \/>                                <\/a>\n            <\/div>\n<\/div>[vc_column_text]<\/p>\n<h5>Via Mantova, 5<\/h5>\n<p>[\/vc_column_text]<div class=\"edgtf-iwt clearfix  edgtf-iwt-icon-left edgtf-iwt-icon-small\">\n\t<div class=\"edgtf-iwt-icon\">\n\t\t\t\t\t<a itemprop=\"url\" href=\"mailto:info@berbere.it\" target=\"_self\">\n\t\t\t\t\t\t\t\t\t    <span class=\"edgtf-icon-shortcode edgtf-normal   edgtf-icon-small\"  >\n                    <i class=\"edgtf-icon-font-awesome fa fa-envelope edgtf-icon-element\" style=\"\" ><\/i>            <\/span>\n\t\t\t\t\t\t\t\t<\/a>\n\t\t\t<\/div>\n\t<div class=\"edgtf-iwt-content\" >\n\t\t\t\t\t<\/div>\n<\/div>[\/vc_column][vc_column width=&#8221;1\/3&#8243;][vc_custom_heading text=&#8221;Torino Porta Palazzo&#8221; font_container=&#8221;tag:h2|font_size:38|text_align:left|line_height:1&#8243; use_theme_fonts=&#8221;yes&#8221; css=&#8221;.vc_custom_1744035138177{margin-top: 12px !important;margin-bottom: 18px !important;}&#8221;]<div class=\"edgtf-single-image-holder   edgtf-image-behavior-custom-link\">\n    <div class=\"edgtf-si-inner\" style=\"background-image: url(https:\/\/www.berberepizza.it\/wp-content\/uploads\/2025\/04\/torino-p-palazzo.jpg)\">\n        \t            <a itemprop=\"url\" href=\"https:\/\/www.berberepizza.it\/en\/torino-porta-palazzo\/\" target=\"_blank\">\n                                    <img loading=\"lazy\" decoding=\"async\" width=\"867\" height=\"578\" src=\"https:\/\/www.berberepizza.it\/wp-content\/uploads\/2025\/04\/torino-p-palazzo.jpg\" class=\"attachment-full size-full\" alt=\"Locale per feste Torino\" srcset=\"https:\/\/www.berberepizza.it\/wp-content\/uploads\/2025\/04\/torino-p-palazzo.jpg 867w, https:\/\/www.berberepizza.it\/wp-content\/uploads\/2025\/04\/torino-p-palazzo-300x200.jpg 300w, https:\/\/www.berberepizza.it\/wp-content\/uploads\/2025\/04\/torino-p-palazzo-768x512.jpg 768w\" sizes=\"auto, (max-width: 867px) 100vw, 867px\" \/>                                <\/a>\n            <\/div>\n<\/div>[vc_column_text]<\/p>\n<h5>Via Bellezia, 24<\/h5>\n<p>[\/vc_column_text]<div class=\"edgtf-iwt clearfix  edgtf-iwt-icon-left edgtf-iwt-icon-small\">\n\t<div class=\"edgtf-iwt-icon\">\n\t\t\t\t\t<a itemprop=\"url\" href=\"mailto:info@berbere.it\" target=\"_self\">\n\t\t\t\t\t\t\t\t\t    <span class=\"edgtf-icon-shortcode edgtf-normal   edgtf-icon-small\"  >\n                    <i class=\"edgtf-icon-font-awesome fa fa-envelope edgtf-icon-element\" style=\"\" ><\/i>            <\/span>\n\t\t\t\t\t\t\t\t<\/a>\n\t\t\t<\/div>\n\t<div class=\"edgtf-iwt-content\" >\n\t\t\t\t\t<\/div>\n<\/div>[\/vc_column][\/vc_row][vc_row css=&#8221;.vc_custom_1744034953330{margin-bottom: 40px !important;}&#8221;][vc_column width=&#8221;1\/3&#8243;][vc_custom_heading text=&#8221;Verona&#8221; font_container=&#8221;tag:h2|font_size:38|text_align:left|line_height:1&#8243; use_theme_fonts=&#8221;yes&#8221; css=&#8221;.vc_custom_1744035145330{margin-top: 12px !important;margin-bottom: 18px !important;}&#8221;]<div class=\"edgtf-single-image-holder   edgtf-image-behavior-custom-link\">\n    <div class=\"edgtf-si-inner\" style=\"background-image: url(https:\/\/www.berberepizza.it\/wp-content\/uploads\/2025\/04\/verona.jpg)\">\n        \t            <a itemprop=\"url\" href=\"https:\/\/www.berberepizza.it\/en\/berbere-verona\/\" target=\"_blank\">\n                                    <img loading=\"lazy\" decoding=\"async\" width=\"867\" height=\"578\" src=\"https:\/\/www.berberepizza.it\/wp-content\/uploads\/2025\/04\/verona.jpg\" class=\"attachment-full size-full\" alt=\"Locale per feste Verona\" srcset=\"https:\/\/www.berberepizza.it\/wp-content\/uploads\/2025\/04\/verona.jpg 867w, https:\/\/www.berberepizza.it\/wp-content\/uploads\/2025\/04\/verona-300x200.jpg 300w, https:\/\/www.berberepizza.it\/wp-content\/uploads\/2025\/04\/verona-768x512.jpg 768w\" sizes=\"auto, (max-width: 867px) 100vw, 867px\" \/>                                <\/a>\n            <\/div>\n<\/div>[vc_column_text]<\/p>\n<h5>Via dei Pellicciai, 2<\/h5>\n<p>[\/vc_column_text]<div class=\"edgtf-iwt clearfix  edgtf-iwt-icon-left edgtf-iwt-icon-small\">\n\t<div class=\"edgtf-iwt-icon\">\n\t\t\t\t\t<a itemprop=\"url\" href=\"mailto:info@berbere.it\" target=\"_self\">\n\t\t\t\t\t\t\t\t\t    <span class=\"edgtf-icon-shortcode edgtf-normal   edgtf-icon-small\"  >\n                    <i class=\"edgtf-icon-font-awesome fa fa-envelope edgtf-icon-element\" style=\"\" ><\/i>            <\/span>\n\t\t\t\t\t\t\t\t<\/a>\n\t\t\t<\/div>\n\t<div class=\"edgtf-iwt-content\" >\n\t\t\t\t\t<\/div>\n<\/div>[\/vc_column][vc_column width=&#8221;1\/3&#8243;][\/vc_column][vc_column width=&#8221;1\/3&#8243;][\/vc_column][\/vc_row]<\/p>\n<\/section>","protected":false},"excerpt":{"rendered":"<p>[vc_row css=&#8221;.vc_custom_1620842373250{margin-bottom: 40px !important;}&#8221;][vc_column][vc_custom_heading text=&#8221;COOL SPACES FOR SPECIAL OCCASIONS&#8221; font_container=&#8221;tag:h1|font_size:44|text_align:left&#8221; use_theme_fonts=&#8221;yes&#8221; el_class=&#8221;titolo-interno&#8221; css=&#8221;.vc_custom_1744364210409{margin-bottom: 10px !important;}&#8221;][vc_custom_heading text=&#8221;Book a large table or a private space&#8221; font_container=&#8221;tag:h2|font_size:40|text_align:left|color:%23ef4723&#8243; use_theme_fonts=&#8221;yes&#8221; el_class=&#8221;titolo-interno&#8221; css=&#8221;.vc_custom_1744364218460{margin-top: 0px !important;padding-top: 0px !important;}&#8221;][vc_column_text]Got a special occasion that needs celebrating and not sure [&hellip;]<\/p>\n","protected":false},"author":1,"featured_media":0,"parent":0,"menu_order":0,"comment_status":"closed","ping_status":"closed","template":"","meta":{"footnotes":""},"class_list":["post-15841","page","type-page","status-publish","hentry"],"yoast_head":"<!-- This site is optimized with the Yoast SEO plugin v27.4 - https:\/\/yoast.com\/product\/yoast-seo-wordpress\/ -->\n<title>Private Hire - Berber\u00e8 Pizzeria<\/title>\n<meta name=\"description\" content=\"Berber\u00e8 \u00e8 nata nel 2010 con la missione di servire una pizza artigianale buonissima, con solo lievito madre vivo, digeribile, senza fronzoli e in un ambiente accogliente.Lavoriamo con ingredienti biologici e il nostro unico dogma \u00e8 la qualit\u00e0.\" \/>\n<meta name=\"robots\" content=\"index, follow, max-snippet:-1, max-image-preview:large, max-video-preview:-1\" \/>\n<link rel=\"canonical\" href=\"https:\/\/www.berberepizza.it\/en\/private-hire\/\" \/>\n<meta property=\"og:locale\" content=\"en_US\" \/>\n<meta property=\"og:type\" content=\"article\" \/>\n<meta property=\"og:title\" content=\"Private Hire - Berber\u00e8 Pizzeria\" \/>\n<meta property=\"og:description\" content=\"Berber\u00e8 \u00e8 nata nel 2010 con la missione di servire una pizza artigianale buonissima, con solo lievito madre vivo, digeribile, senza fronzoli e in un ambiente accogliente.Lavoriamo con ingredienti biologici e il nostro unico dogma \u00e8 la qualit\u00e0.\" \/>\n<meta property=\"og:url\" content=\"https:\/\/www.berberepizza.it\/en\/private-hire\/\" \/>\n<meta property=\"og:site_name\" content=\"Berber\u00e8 Pizzeria\" \/>\n<meta property=\"article:modified_time\" content=\"2025-11-18T13:55:30+00:00\" \/>\n<meta property=\"og:image\" content=\"https:\/\/www.berberepizza.it\/wp-content\/uploads\/2021\/04\/AlbertoBlasetti-5936-scaled.jpg\" \/>\n\t<meta property=\"og:image:width\" content=\"2560\" \/>\n\t<meta property=\"og:image:height\" content=\"1707\" \/>\n\t<meta property=\"og:image:type\" content=\"image\/jpeg\" \/>\n<meta name=\"twitter:card\" content=\"summary_large_image\" \/>\n<meta name=\"twitter:label1\" content=\"Est. reading time\" \/>\n\t<meta name=\"twitter:data1\" content=\"3 minutes\" \/>\n<script type=\"application\/ld+json\" class=\"yoast-schema-graph\">{\"@context\":\"https:\\\/\\\/schema.org\",\"@graph\":[{\"@type\":\"WebPage\",\"@id\":\"https:\\\/\\\/www.berberepizza.it\\\/en\\\/private-hire\\\/\",\"url\":\"https:\\\/\\\/www.berberepizza.it\\\/en\\\/private-hire\\\/\",\"name\":\"Private Hire - Berber\u00e8 Pizzeria\",\"isPartOf\":{\"@id\":\"https:\\\/\\\/www.berberepizza.it\\\/#website\"},\"datePublished\":\"2025-04-11T09:41:03+00:00\",\"dateModified\":\"2025-11-18T13:55:30+00:00\",\"description\":\"Berber\u00e8 \u00e8 nata nel 2010 con la missione di servire una pizza artigianale buonissima, con solo lievito madre vivo, digeribile, senza fronzoli e in un ambiente accogliente.Lavoriamo con ingredienti biologici e il nostro unico dogma \u00e8 la qualit\u00e0.\",\"breadcrumb\":{\"@id\":\"https:\\\/\\\/www.berberepizza.it\\\/en\\\/private-hire\\\/#breadcrumb\"},\"inLanguage\":\"en-US\",\"potentialAction\":[{\"@type\":\"ReadAction\",\"target\":[\"https:\\\/\\\/www.berberepizza.it\\\/en\\\/private-hire\\\/\"]}]},{\"@type\":\"BreadcrumbList\",\"@id\":\"https:\\\/\\\/www.berberepizza.it\\\/en\\\/private-hire\\\/#breadcrumb\",\"itemListElement\":[{\"@type\":\"ListItem\",\"position\":1,\"name\":\"Home\",\"item\":\"https:\\\/\\\/www.berberepizza.it\\\/en\\\/\"},{\"@type\":\"ListItem\",\"position\":2,\"name\":\"Private Hire\"}]},{\"@type\":\"WebSite\",\"@id\":\"https:\\\/\\\/www.berberepizza.it\\\/#website\",\"url\":\"https:\\\/\\\/www.berberepizza.it\\\/\",\"name\":\"Berber\u00e8 Pizzeria\",\"description\":\"Lievito madre dal 2010\",\"potentialAction\":[{\"@type\":\"SearchAction\",\"target\":{\"@type\":\"EntryPoint\",\"urlTemplate\":\"https:\\\/\\\/www.berberepizza.it\\\/?s={search_term_string}\"},\"query-input\":{\"@type\":\"PropertyValueSpecification\",\"valueRequired\":true,\"valueName\":\"search_term_string\"}}],\"inLanguage\":\"en-US\"}]}<\/script>\n<!-- \/ Yoast SEO plugin. -->","yoast_head_json":{"title":"Private Hire - Berber\u00e8 Pizzeria","description":"Berber\u00e8 \u00e8 nata nel 2010 con la missione di servire una pizza artigianale buonissima, con solo lievito madre vivo, digeribile, senza fronzoli e in un ambiente accogliente.Lavoriamo con ingredienti biologici e il nostro unico dogma \u00e8 la qualit\u00e0.","robots":{"index":"index","follow":"follow","max-snippet":"max-snippet:-1","max-image-preview":"max-image-preview:large","max-video-preview":"max-video-preview:-1"},"canonical":"https:\/\/www.berberepizza.it\/en\/private-hire\/","og_locale":"en_US","og_type":"article","og_title":"Private Hire - Berber\u00e8 Pizzeria","og_description":"Berber\u00e8 \u00e8 nata nel 2010 con la missione di servire una pizza artigianale buonissima, con solo lievito madre vivo, digeribile, senza fronzoli e in un ambiente accogliente.Lavoriamo con ingredienti biologici e il nostro unico dogma \u00e8 la qualit\u00e0.","og_url":"https:\/\/www.berberepizza.it\/en\/private-hire\/","og_site_name":"Berber\u00e8 Pizzeria","article_modified_time":"2025-11-18T13:55:30+00:00","og_image":[{"width":2560,"height":1707,"url":"https:\/\/www.berberepizza.it\/wp-content\/uploads\/2021\/04\/AlbertoBlasetti-5936-scaled.jpg","type":"image\/jpeg"}],"twitter_card":"summary_large_image","twitter_misc":{"Est. reading time":"3 minutes"},"schema":{"@context":"https:\/\/schema.org","@graph":[{"@type":"WebPage","@id":"https:\/\/www.berberepizza.it\/en\/private-hire\/","url":"https:\/\/www.berberepizza.it\/en\/private-hire\/","name":"Private Hire - Berber\u00e8 Pizzeria","isPartOf":{"@id":"https:\/\/www.berberepizza.it\/#website"},"datePublished":"2025-04-11T09:41:03+00:00","dateModified":"2025-11-18T13:55:30+00:00","description":"Berber\u00e8 \u00e8 nata nel 2010 con la missione di servire una pizza artigianale buonissima, con solo lievito madre vivo, digeribile, senza fronzoli e in un ambiente accogliente.Lavoriamo con ingredienti biologici e il nostro unico dogma \u00e8 la qualit\u00e0.","breadcrumb":{"@id":"https:\/\/www.berberepizza.it\/en\/private-hire\/#breadcrumb"},"inLanguage":"en-US","potentialAction":[{"@type":"ReadAction","target":["https:\/\/www.berberepizza.it\/en\/private-hire\/"]}]},{"@type":"BreadcrumbList","@id":"https:\/\/www.berberepizza.it\/en\/private-hire\/#breadcrumb","itemListElement":[{"@type":"ListItem","position":1,"name":"Home","item":"https:\/\/www.berberepizza.it\/en\/"},{"@type":"ListItem","position":2,"name":"Private Hire"}]},{"@type":"WebSite","@id":"https:\/\/www.berberepizza.it\/#website","url":"https:\/\/www.berberepizza.it\/","name":"Berber\u00e8 Pizzeria","description":"Lievito madre dal 2010","potentialAction":[{"@type":"SearchAction","target":{"@type":"EntryPoint","urlTemplate":"https:\/\/www.berberepizza.it\/?s={search_term_string}"},"query-input":{"@type":"PropertyValueSpecification","valueRequired":true,"valueName":"search_term_string"}}],"inLanguage":"en-US"}]}},"_links":{"self":[{"href":"https:\/\/www.berberepizza.it\/en\/wp-json\/wp\/v2\/pages\/15841","targetHints":{"allow":["GET"]}}],"collection":[{"href":"https:\/\/www.berberepizza.it\/en\/wp-json\/wp\/v2\/pages"}],"about":[{"href":"https:\/\/www.berberepizza.it\/en\/wp-json\/wp\/v2\/types\/page"}],"author":[{"embeddable":true,"href":"https:\/\/www.berberepizza.it\/en\/wp-json\/wp\/v2\/users\/1"}],"replies":[{"embeddable":true,"href":"https:\/\/www.berberepizza.it\/en\/wp-json\/wp\/v2\/comments?post=15841"}],"version-history":[{"count":0,"href":"https:\/\/www.berberepizza.it\/en\/wp-json\/wp\/v2\/pages\/15841\/revisions"}],"wp:attachment":[{"href":"https:\/\/www.berberepizza.it\/en\/wp-json\/wp\/v2\/media?parent=15841"}],"curies":[{"name":"wp","href":"https:\/\/api.w.org\/{rel}","templated":true}]}}