{"id":4658,"date":"2017-11-16T11:09:40","date_gmt":"2017-11-16T11:09:40","guid":{"rendered":"https:\/\/www.berberepizza.it\/?page_id=4658"},"modified":"2026-04-14T17:13:38","modified_gmt":"2026-04-14T15:13:38","slug":"contacts","status":"publish","type":"page","link":"https:\/\/www.berberepizza.it\/en\/contacts\/","title":{"rendered":"Contacts"},"content":{"rendered":"<section class=\"wpb-content-wrapper\"><p>[vc_row row_content_width=&#8221;grid&#8221; css=&#8221;.vc_custom_1511264093523{padding-top: 9% !important;padding-bottom: 9% !important;}&#8221;][vc_column][vc_row_inner][vc_column_inner offset=&#8221;vc_col-lg-6 vc_col-md-12 vc_col-xs-12&#8243;][vc_column_text]<\/p>\n<h4><strong>Se hai bisogno di noi, puoi chiamarci al:<\/strong><\/h4>\n<p>[\/vc_column_text][vc_empty_space height=&#8221;10px&#8221;]<div class=\"edgtf-icon-list-holder \" >\n\t<div class=\"edgtf-il-icon-holder\">\n\t\t<span aria-hidden=\"true\" class=\"edgtf-icon-linear-icons lnr lnr-phone-handset \" style=\"font-size: 13px\"><\/span>\t<\/div>\n    <div class=\"edgtf-il-text-holder\">\n        <p class=\"edgtf-il-text\" style=\"font-size: 15px;padding-left: 18px\">051 484 2826<\/p>\n            <\/div>\n<\/div>[vc_empty_space height=&#8221;53px&#8221;][vc_column_text]<\/p>\n<h5><b>Ci trovi:<\/b><\/h5>\n<p>[\/vc_column_text]<div class=\"edgtf-icon-list-holder \" >\n\t<div class=\"edgtf-il-icon-holder\">\n\t\t<span aria-hidden=\"true\" class=\"edgtf-icon-linear-icons lnr lnr-location \" style=\"font-size: 13px\"><\/span>\t<\/div>\n    <div class=\"edgtf-il-text-holder\">\n        <p class=\"edgtf-il-text\" style=\"font-size: 15px;padding-left: 18px\">Via Baldassarre Carrati 1, Bologna<\/p>\n            <\/div>\n<\/div>[vc_empty_space height=&#8221;10px&#8221;][vc_column_text]<iframe loading=\"lazy\" style=\"border: 0;\" src=\"https:\/\/www.google.com\/maps\/embed?pb=!1m18!1m12!1m3!1d697.0201111023907!2d11.360700988731478!3d44.48107038417247!2m3!1f0!2f0!3f0!3m2!1i1024!2i768!4f13.1!3m3!1m2!1s0x477fd4cd30c5bb7b%3A0xa027b0fc9b0791e0!2sVia%20Baldassarre%20Carrati%2C%201%2C%2040137%20Bologna%20BO!5e0!3m2!1sit!2sit!4v1726652306432!5m2!1sit!2sit\" width=\"600\" height=\"300\" allowfullscreen=\"allowfullscreen\"><\/iframe>[\/vc_column_text][\/vc_column_inner][vc_column_inner offset=&#8221;vc_col-lg-6 vc_col-md-12 vc_col-xs-12&#8243;]<div class=\"edgtf-elements-holder   edgtf-two-columns  edgtf-responsive-mode-768 \" ><div class=\"edgtf-eh-item    \"  data-item-class=\"edgtf-eh-custom-9943\" data-680-768=\"3% 10% 0% 0%\" data-680=\"3% 10% 0% 0%\">\n\t<div class=\"edgtf-eh-item-inner\">\n\t\t<div class=\"edgtf-eh-item-content edgtf-eh-custom-9943\" style=\"padding: 0% 10% 0% 0%\">\n\t\t\t[vc_empty_space height=&#8221;40px&#8221;][vc_column_text]<strong>Per domande o dubbi puoi scriverci qui:<\/strong>[\/vc_column_text][vc_empty_space height=&#8221;13px&#8221;]<div class=\"edgtf-icon-list-holder \" >\n\t<div class=\"edgtf-il-icon-holder\">\n\t\t<span aria-hidden=\"true\" class=\"edgtf-icon-linear-icons lnr lnr-envelope \" style=\"font-size: 13px\"><\/span>\t<\/div>\n    <div class=\"edgtf-il-text-holder\">\n        <p class=\"edgtf-il-text\" style=\"font-size: 15px;padding-left: 18px\">info@berbere.it<\/p>\n                    <a itemprop=\"url\" class=\"edgtf-il-link\" href=\"mailto:info@berbere.it\" target=\"_self\"><\/a>\n            <\/div>\n<\/div>[vc_empty_space height=&#8221;13px&#8221;][vc_column_text]<\/p>\n<h5><b>Amministrazione:<\/b><\/h5>\n<p>[\/vc_column_text]<div class=\"edgtf-icon-list-holder \" >\n\t<div class=\"edgtf-il-icon-holder\">\n\t\t<span aria-hidden=\"true\" class=\"edgtf-icon-linear-icons lnr lnr-envelope \" style=\"font-size: 13px\"><\/span>\t<\/div>\n    <div class=\"edgtf-il-text-holder\">\n        <p class=\"edgtf-il-text\" style=\"font-size: 15px;padding-left: 18px\">amministrazione@berbere.it<\/p>\n                    <a itemprop=\"url\" class=\"edgtf-il-link\" href=\"mailto:amministrazione@berbere.it\" target=\"_self\"><\/a>\n            <\/div>\n<\/div>[vc_empty_space height=&#8221;13px&#8221;][vc_column_text]<\/p>\n<h5><b>Risorse umane:<\/b><\/h5>\n<p>[\/vc_column_text]<div class=\"edgtf-icon-list-holder \" >\n\t<div class=\"edgtf-il-icon-holder\">\n\t\t<span aria-hidden=\"true\" class=\"edgtf-icon-linear-icons lnr lnr-envelope \" style=\"font-size: 13px\"><\/span>\t<\/div>\n    <div class=\"edgtf-il-text-holder\">\n        <p class=\"edgtf-il-text\" style=\"font-size: 15px;padding-left: 18px\">job@berbere.it<\/p>\n                    <a itemprop=\"url\" class=\"edgtf-il-link\" href=\"mailto:job@berbere.it\" target=\"_self\"><\/a>\n            <\/div>\n<\/div>[vc_empty_space height=&#8221;13px&#8221;][vc_column_text]<\/p>\n<h5><b>Acquisti:<\/b><\/h5>\n<p>[\/vc_column_text]<div class=\"edgtf-icon-list-holder \" >\n\t<div class=\"edgtf-il-icon-holder\">\n\t\t<span aria-hidden=\"true\" class=\"edgtf-icon-linear-icons lnr lnr-envelope \" style=\"font-size: 13px\"><\/span>\t<\/div>\n    <div class=\"edgtf-il-text-holder\">\n        <p class=\"edgtf-il-text\" style=\"font-size: 15px;padding-left: 18px\">info@berbere.it<\/p>\n                    <a itemprop=\"url\" class=\"edgtf-il-link\" href=\"mailto:info@berbere.it\" target=\"_self\"><\/a>\n            <\/div>\n<\/div>[vc_empty_space height=&#8221;13px&#8221;][vc_empty_space height=&#8221;13px&#8221;][vc_column_text]<\/p>\n<h5><b>Ufficio stampa:<\/b><\/h5>\n<p>[\/vc_column_text]<div class=\"edgtf-icon-list-holder \" >\n\t<div class=\"edgtf-il-icon-holder\">\n\t\t<span aria-hidden=\"true\" class=\"edgtf-icon-linear-icons lnr lnr-envelope \" style=\"font-size: 13px\"><\/span>\t<\/div>\n    <div class=\"edgtf-il-text-holder\">\n        <p class=\"edgtf-il-text\" style=\"font-size: 15px;padding-left: 18px\">marketing@berbere.it<\/p>\n                    <a itemprop=\"url\" class=\"edgtf-il-link\" href=\"mailto:marketing@berbere.it\" target=\"_self\"><\/a>\n            <\/div>\n<\/div>\t\t<\/div>\n\t<\/div>\n<\/div><\/div>[\/vc_column_inner][\/vc_row_inner][\/vc_column][\/vc_row]<\/p>\n<\/section>","protected":false},"excerpt":{"rendered":"<p>[vc_row row_content_width=&#8221;grid&#8221; css=&#8221;.vc_custom_1511264093523{padding-top: 9% !important;padding-bottom: 9% !important;}&#8221;][vc_column][vc_row_inner][vc_column_inner offset=&#8221;vc_col-lg-6 vc_col-md-12 vc_col-xs-12&#8243;][vc_column_text] Se hai bisogno di noi, puoi chiamarci al: [\/vc_column_text][vc_empty_space height=&#8221;10px&#8221;][vc_empty_space height=&#8221;53px&#8221;][vc_column_text] Ci trovi: [\/vc_column_text][vc_empty_space height=&#8221;10px&#8221;][vc_column_text][\/vc_column_text][\/vc_column_inner][vc_column_inner offset=&#8221;vc_col-lg-6 vc_col-md-12 vc_col-xs-12&#8243;][\/vc_column_inner][\/vc_row_inner][\/vc_column][\/vc_row]<\/p>\n","protected":false},"author":1,"featured_media":0,"parent":0,"menu_order":0,"comment_status":"closed","ping_status":"closed","template":"full-width.php","meta":{"footnotes":""},"class_list":["post-4658","page","type-page","status-publish","hentry"],"yoast_head":"<!-- This site is optimized with the Yoast SEO plugin v27.4 - https:\/\/yoast.com\/product\/yoast-seo-wordpress\/ -->\n<title>Contacts - Berber\u00e8 Pizzeria<\/title>\n<meta name=\"description\" content=\"Berber\u00e8 \u00e8 nata nel 2010 con la missione di servire una pizza artigianale buonissima, con solo lievito madre vivo, digeribile, senza fronzoli e in un ambiente accogliente.Lavoriamo con ingredienti biologici e il nostro unico dogma \u00e8 la qualit\u00e0.\" \/>\n<meta name=\"robots\" content=\"index, follow, max-snippet:-1, max-image-preview:large, max-video-preview:-1\" \/>\n<link rel=\"canonical\" href=\"https:\/\/www.berberepizza.it\/en\/contacts\/\" \/>\n<meta property=\"og:locale\" content=\"en_US\" \/>\n<meta property=\"og:type\" content=\"article\" \/>\n<meta property=\"og:title\" content=\"Contacts - Berber\u00e8 Pizzeria\" \/>\n<meta property=\"og:description\" content=\"Berber\u00e8 \u00e8 nata nel 2010 con la missione di servire una pizza artigianale buonissima, con solo lievito madre vivo, digeribile, senza fronzoli e in un ambiente accogliente.Lavoriamo con ingredienti biologici e il nostro unico dogma \u00e8 la qualit\u00e0.\" \/>\n<meta property=\"og:url\" content=\"https:\/\/www.berberepizza.it\/en\/contacts\/\" \/>\n<meta property=\"og:site_name\" content=\"Berber\u00e8 Pizzeria\" \/>\n<meta property=\"article:modified_time\" content=\"2026-04-14T15:13:38+00:00\" \/>\n<meta property=\"og:image\" content=\"https:\/\/www.berberepizza.it\/wp-content\/uploads\/2021\/04\/AlbertoBlasetti-5936-scaled.jpg\" \/>\n\t<meta property=\"og:image:width\" content=\"2560\" \/>\n\t<meta property=\"og:image:height\" content=\"1707\" \/>\n\t<meta property=\"og:image:type\" content=\"image\/jpeg\" \/>\n<meta name=\"twitter:card\" content=\"summary_large_image\" \/>\n<meta name=\"twitter:label1\" content=\"Est. reading time\" \/>\n\t<meta name=\"twitter:data1\" content=\"1 minute\" \/>\n<script type=\"application\/ld+json\" class=\"yoast-schema-graph\">{\"@context\":\"https:\\\/\\\/schema.org\",\"@graph\":[{\"@type\":\"WebPage\",\"@id\":\"https:\\\/\\\/www.berberepizza.it\\\/en\\\/contacts\\\/\",\"url\":\"https:\\\/\\\/www.berberepizza.it\\\/en\\\/contacts\\\/\",\"name\":\"Contacts - Berber\u00e8 Pizzeria\",\"isPartOf\":{\"@id\":\"https:\\\/\\\/www.berberepizza.it\\\/#website\"},\"datePublished\":\"2017-11-16T11:09:40+00:00\",\"dateModified\":\"2026-04-14T15:13:38+00:00\",\"description\":\"Berber\u00e8 \u00e8 nata nel 2010 con la missione di servire una pizza artigianale buonissima, con solo lievito madre vivo, digeribile, senza fronzoli e in un ambiente accogliente.Lavoriamo con ingredienti biologici e il nostro unico dogma \u00e8 la qualit\u00e0.\",\"breadcrumb\":{\"@id\":\"https:\\\/\\\/www.berberepizza.it\\\/en\\\/contacts\\\/#breadcrumb\"},\"inLanguage\":\"en-US\",\"potentialAction\":[{\"@type\":\"ReadAction\",\"target\":[\"https:\\\/\\\/www.berberepizza.it\\\/en\\\/contacts\\\/\"]}]},{\"@type\":\"BreadcrumbList\",\"@id\":\"https:\\\/\\\/www.berberepizza.it\\\/en\\\/contacts\\\/#breadcrumb\",\"itemListElement\":[{\"@type\":\"ListItem\",\"position\":1,\"name\":\"Home\",\"item\":\"https:\\\/\\\/www.berberepizza.it\\\/en\\\/\"},{\"@type\":\"ListItem\",\"position\":2,\"name\":\"Contacts\"}]},{\"@type\":\"WebSite\",\"@id\":\"https:\\\/\\\/www.berberepizza.it\\\/#website\",\"url\":\"https:\\\/\\\/www.berberepizza.it\\\/\",\"name\":\"Berber\u00e8 Pizzeria\",\"description\":\"Lievito madre dal 2010\",\"potentialAction\":[{\"@type\":\"SearchAction\",\"target\":{\"@type\":\"EntryPoint\",\"urlTemplate\":\"https:\\\/\\\/www.berberepizza.it\\\/?s={search_term_string}\"},\"query-input\":{\"@type\":\"PropertyValueSpecification\",\"valueRequired\":true,\"valueName\":\"search_term_string\"}}],\"inLanguage\":\"en-US\"}]}<\/script>\n<!-- \/ Yoast SEO plugin. -->","yoast_head_json":{"title":"Contacts - Berber\u00e8 Pizzeria","description":"Berber\u00e8 \u00e8 nata nel 2010 con la missione di servire una pizza artigianale buonissima, con solo lievito madre vivo, digeribile, senza fronzoli e in un ambiente accogliente.Lavoriamo con ingredienti biologici e il nostro unico dogma \u00e8 la qualit\u00e0.","robots":{"index":"index","follow":"follow","max-snippet":"max-snippet:-1","max-image-preview":"max-image-preview:large","max-video-preview":"max-video-preview:-1"},"canonical":"https:\/\/www.berberepizza.it\/en\/contacts\/","og_locale":"en_US","og_type":"article","og_title":"Contacts - Berber\u00e8 Pizzeria","og_description":"Berber\u00e8 \u00e8 nata nel 2010 con la missione di servire una pizza artigianale buonissima, con solo lievito madre vivo, digeribile, senza fronzoli e in un ambiente accogliente.Lavoriamo con ingredienti biologici e il nostro unico dogma \u00e8 la qualit\u00e0.","og_url":"https:\/\/www.berberepizza.it\/en\/contacts\/","og_site_name":"Berber\u00e8 Pizzeria","article_modified_time":"2026-04-14T15:13:38+00:00","og_image":[{"width":2560,"height":1707,"url":"https:\/\/www.berberepizza.it\/wp-content\/uploads\/2021\/04\/AlbertoBlasetti-5936-scaled.jpg","type":"image\/jpeg"}],"twitter_card":"summary_large_image","twitter_misc":{"Est. reading time":"1 minute"},"schema":{"@context":"https:\/\/schema.org","@graph":[{"@type":"WebPage","@id":"https:\/\/www.berberepizza.it\/en\/contacts\/","url":"https:\/\/www.berberepizza.it\/en\/contacts\/","name":"Contacts - Berber\u00e8 Pizzeria","isPartOf":{"@id":"https:\/\/www.berberepizza.it\/#website"},"datePublished":"2017-11-16T11:09:40+00:00","dateModified":"2026-04-14T15:13:38+00:00","description":"Berber\u00e8 \u00e8 nata nel 2010 con la missione di servire una pizza artigianale buonissima, con solo lievito madre vivo, digeribile, senza fronzoli e in un ambiente accogliente.Lavoriamo con ingredienti biologici e il nostro unico dogma \u00e8 la qualit\u00e0.","breadcrumb":{"@id":"https:\/\/www.berberepizza.it\/en\/contacts\/#breadcrumb"},"inLanguage":"en-US","potentialAction":[{"@type":"ReadAction","target":["https:\/\/www.berberepizza.it\/en\/contacts\/"]}]},{"@type":"BreadcrumbList","@id":"https:\/\/www.berberepizza.it\/en\/contacts\/#breadcrumb","itemListElement":[{"@type":"ListItem","position":1,"name":"Home","item":"https:\/\/www.berberepizza.it\/en\/"},{"@type":"ListItem","position":2,"name":"Contacts"}]},{"@type":"WebSite","@id":"https:\/\/www.berberepizza.it\/#website","url":"https:\/\/www.berberepizza.it\/","name":"Berber\u00e8 Pizzeria","description":"Lievito madre dal 2010","potentialAction":[{"@type":"SearchAction","target":{"@type":"EntryPoint","urlTemplate":"https:\/\/www.berberepizza.it\/?s={search_term_string}"},"query-input":{"@type":"PropertyValueSpecification","valueRequired":true,"valueName":"search_term_string"}}],"inLanguage":"en-US"}]}},"_links":{"self":[{"href":"https:\/\/www.berberepizza.it\/en\/wp-json\/wp\/v2\/pages\/4658","targetHints":{"allow":["GET"]}}],"collection":[{"href":"https:\/\/www.berberepizza.it\/en\/wp-json\/wp\/v2\/pages"}],"about":[{"href":"https:\/\/www.berberepizza.it\/en\/wp-json\/wp\/v2\/types\/page"}],"author":[{"embeddable":true,"href":"https:\/\/www.berberepizza.it\/en\/wp-json\/wp\/v2\/users\/1"}],"replies":[{"embeddable":true,"href":"https:\/\/www.berberepizza.it\/en\/wp-json\/wp\/v2\/comments?post=4658"}],"version-history":[{"count":1,"href":"https:\/\/www.berberepizza.it\/en\/wp-json\/wp\/v2\/pages\/4658\/revisions"}],"predecessor-version":[{"id":17417,"href":"https:\/\/www.berberepizza.it\/en\/wp-json\/wp\/v2\/pages\/4658\/revisions\/17417"}],"wp:attachment":[{"href":"https:\/\/www.berberepizza.it\/en\/wp-json\/wp\/v2\/media?parent=4658"}],"curies":[{"name":"wp","href":"https:\/\/api.w.org\/{rel}","templated":true}]}}