{"id":7505,"date":"2020-11-17T09:46:22","date_gmt":"2020-11-17T08:46:22","guid":{"rendered":"https:\/\/www.berberepizza.it\/berbere-torino-binaria\/"},"modified":"2024-10-28T12:21:47","modified_gmt":"2024-10-28T11:21:47","slug":"berbere-torino-binaria","status":"publish","type":"page","link":"https:\/\/www.berberepizza.it\/en\/berbere-torino-binaria\/","title":{"rendered":"Berber\u00e8 Torino Binaria"},"content":{"rendered":"<section class=\"wpb-content-wrapper\"><p>[vc_row equal_height=&#8221;yes&#8221; anchor=&#8221;castelmaggiore&#8221; css=&#8221;.vc_custom_1605192619943{padding-top: 0px !important;}&#8221; simple_background_color=&#8221;#ef4723&#8243; el_id=&#8221;sfondo-rosso&#8221;][vc_column width=&#8221;1\/2&#8243; css=&#8221;.vc_custom_1605166600007{padding-top: 0px !important;padding-right: 0px !important;padding-bottom: 0px !important;padding-left: 0px !important;}&#8221;][rev_slider_vc alias=&#8221;torino-binaria1&#8243; enable_paspartu=&#8221;no&#8221;][\/vc_column][vc_column width=&#8221;1\/2&#8243; css=&#8221;.vc_custom_1605166527661{padding-top: 40px !important;padding-right: 30px !important;padding-bottom: 40px !important;padding-left: 40px !important;}&#8221; el_class=&#8221;contatti-mappa box-4&#8243;][vc_column_text el_class=&#8221;rosso&#8221; css=&#8221;.vc_custom_1713858456941{padding-bottom: 24px !important;}&#8221;]<\/p>\n<h3 style=\"margin-top: 0;\">Berber\u00e8 pizzeria Binaria | Torino<\/h3>\n<p>[\/vc_column_text]<div class=\"edgtf-iwt clearfix icona-pizzerie edgtf-iwt-icon-left edgtf-iwt-icon-tiny\">\n\t<div class=\"edgtf-iwt-icon\">\n\t\t\t\t\t<a itemprop=\"url\" href=\"https:\/\/goo.gl\/maps\/geATMWHoz3h9BQzq6\" target=\"_blank\">\n\t\t\t\t\t\t\t\t\t    <span class=\"edgtf-icon-shortcode edgtf-normal   edgtf-icon-tiny\"  >\n                    <i class=\"edgtf-icon-font-awesome fa fa-map-pin edgtf-icon-element\" style=\"\" ><\/i>            <\/span>\n\t\t\t\t\t\t\t\t<\/a>\n\t\t\t<\/div>\n\t<div class=\"edgtf-iwt-content\" >\n\t\t\t\t\t<h5 class=\"edgtf-iwt-title\" >\n\t\t\t\t\t\t\t\t\t<a itemprop=\"url\" href=\"https:\/\/goo.gl\/maps\/geATMWHoz3h9BQzq6\" target=\"_blank\">\n\t\t\t\t\t\t\t\t<span class=\"edgtf-iwt-title-text\">Via Sestriere, 34<\/span>\n\t\t\t\t\t\t\t\t\t<\/a>\n\t\t\t\t\t\t\t<\/h5>\n\t\t\t\t\t<\/div>\n<\/div><div class=\"edgtf-iwt clearfix icona-pizzerie edgtf-iwt-icon-left edgtf-iwt-icon-tiny\">\n\t<div class=\"edgtf-iwt-icon\">\n\t\t\t\t\t<a itemprop=\"url\" href=\"tel:+390110267530\" target=\"_self\">\n\t\t\t\t\t\t\t\t\t    <span class=\"edgtf-icon-animation-holder\" style=\"-webkit-transition-delay: 0.5ms;-moz-transition-delay: 0.5ms;transition-delay: 0.5ms\">\n    <span class=\"edgtf-icon-shortcode edgtf-normal  edgtf-icon-animation edgtf-icon-tiny\"  data-animation-delay=\"0.5\">\n                    <i class=\"edgtf-icon-font-awesome fa fa-phone edgtf-icon-element\" style=\"\" ><\/i>            <\/span>\n    <\/span>\n\t\t\t\t\t\t\t\t<\/a>\n\t\t\t<\/div>\n\t<div class=\"edgtf-iwt-content\" >\n\t\t\t\t\t<h5 class=\"edgtf-iwt-title\" >\n\t\t\t\t\t\t\t\t\t<a itemprop=\"url\" href=\"tel:+390110267530\" target=\"_self\">\n\t\t\t\t\t\t\t\t<span class=\"edgtf-iwt-title-text\">0110267530<\/span>\n\t\t\t\t\t\t\t\t\t<\/a>\n\t\t\t\t\t\t\t<\/h5>\n\t\t\t\t\t<\/div>\n<\/div>[vc_column_text el_class=&#8221;rosso&#8221; css=&#8221;.vc_custom_1625472081389{padding-top: 20px !important;}&#8221;]<\/p>\n<h4 style=\"text-align: left;\">OPENING HOURS<\/h4>\n<div><\/div>\n<p>[\/vc_column_text][vc_row_inner][vc_column_inner][vc_column_text el_class=&#8221;rosso&#8221;]<\/p>\n<h5 style=\"text-align: left;\"><span style=\"font-size: 15px;\">LUNCH:<br \/>\n<\/span><span style=\"font-size: 15px;\">Every day <\/span><span style=\"font-size: 15px;\">12:30pm to 2:30pm<\/span><\/h5>\n<p>[\/vc_column_text][vc_column_text el_class=&#8221;rosso&#8221;]<\/p>\n<h5 style=\"text-align: left;\"><span style=\"font-size: 15px;\">DINNER:<br \/>\nEvery day 7pm to 11:30pm<\/span><\/h5>\n<p>[\/vc_column_text][\/vc_column_inner][\/vc_row_inner][vc_row_inner el_id=&#8221;pulsanti-pizzeria&#8221;][vc_column_inner][vc_column_text]<a itemprop=\"url\" href=\"https:\/\/reservations.1001menus.com\/indexv2.php?rid=349651&#038;pid=1001&#038;padding=0&#038;bgcolor=555&#038;ftcolor=fff&#038;ticolor=222&#038;bghvcolor=000&#038;fthvcolor=fff&#038;txtcolor=222&#038;type=web&#038;lang=it\" target=\"_self\" style=\"color: #ffffff;background-color: #f8d264\" class=\"edgtf-btn edgtf-btn-medium edgtf-btn-solid reservation_popup bianco edgtf-hover-animation\"  >\n            <span class=\"edgtf-btn-hover-item\" ><\/span>\n        <span class=\"edgtf-btn-text\">BOOK HERE<\/span>\n    <\/a><a itemprop=\"url\" href=\"https:\/\/berbere.ordine.deliveroo.it\/\" target=\"_blank\"  class=\"edgtf-btn edgtf-btn-medium edgtf-btn-solid bianco edgtf-hover-animation\"  >\n            <span class=\"edgtf-btn-hover-item\" ><\/span>\n        <span class=\"edgtf-btn-text\">ORDER ONLINE<\/span>\n    <\/a><a itemprop=\"url\" href=\"https:\/\/www.berberepizza.it\/en\/our-menu\/\" target=\"_self\"  class=\"edgtf-btn edgtf-btn-medium edgtf-btn-solid bianco edgtf-hover-animation\"  >\n            <span class=\"edgtf-btn-hover-item\" ><\/span>\n        <span class=\"edgtf-btn-text\">MENU<\/span>\n    <\/a><a itemprop=\"url\" href=\"https:\/\/berbere.deliverectdirect.com\/?channel=webordering\" target=\"_self\"  class=\"edgtf-btn edgtf-btn-medium edgtf-btn-solid bianco edgtf-hover-animation\"  >\n            <span class=\"edgtf-btn-hover-item\" ><\/span>\n        <span class=\"edgtf-btn-text\">CLICK &amp; COLLECT<\/span>\n    <\/a>[\/vc_column_text][\/vc_column_inner][\/vc_row_inner][\/vc_column][\/vc_row][vc_row el_id=&#8221;mappa-pizzeria&#8221;][vc_column css=&#8221;.vc_custom_1605107808057{padding-right: 0px !important;padding-left: 0px !important;}&#8221;][vc_raw_html]JTNDaWZyYW1lJTIwc3JjJTNEJTIyaHR0cHMlM0ElMkYlMkZ3d3cuZ29vZ2xlLmNvbSUyRm1hcHMlMkZlbWJlZCUzRnBiJTNEJTIxMW0xOCUyMTFtMTIlMjExbTMlMjExZDI4MTcuOTA5OTk5NDg1NTM1NSUyMTJkNy42MzY0MDMzNTE3NjUwOTMlMjEzZDQ1LjA2NzMzNjc2Nzc1MzQ3JTIxMm0zJTIxMWYwJTIxMmYwJTIxM2YwJTIxM20yJTIxMWkxMDI0JTIxMmk3NjglMjE0ZjEzLjElMjEzbTMlMjExbTIlMjExczB4NDc4ODZjZTkyZGExYjhkNyUyNTNBMHhlNWViZDY4YmExMzVmNGI0JTIxMnNWaWElMjUyMFNlc3RyaWVyZSUyNTJDJTI1MjAzNCUyNTJDJTI1MjAxMDE0MSUyNTIwVG9yaW5vJTI1MjBUTyUyMTVlMCUyMTNtMiUyMTFzaXQlMjEyc2l0JTIxNHYxNjA1NjAxMzgxMzU2JTIxNW0yJTIxMXNpdCUyMTJzaXQlMjIlMjB3aWR0aCUzRCUyMjEwMCUyNSUyMiUyMGhlaWdodCUzRCUyMjQ1MCUyMiUyMGZyYW1lYm9yZGVyJTNEJTIyMCUyMiUyMHN0eWxlJTNEJTIyYm9yZGVyJTNBMCUzQiUyMiUyMGFsbG93ZnVsbHNjcmVlbiUzRCUyMiUyMiUyMGFyaWEtaGlkZGVuJTNEJTIyZmFsc2UlMjIlMjB0YWJpbmRleCUzRCUyMjAlMjIlM0UlM0MlMkZpZnJhbWUlM0U=[\/vc_raw_html][\/vc_column][\/vc_row]<\/p>\n<\/section>","protected":false},"excerpt":{"rendered":"<p>[vc_row equal_height=&#8221;yes&#8221; anchor=&#8221;castelmaggiore&#8221; css=&#8221;.vc_custom_1605192619943{padding-top: 0px !important;}&#8221; simple_background_color=&#8221;#ef4723&#8243; el_id=&#8221;sfondo-rosso&#8221;][vc_column width=&#8221;1\/2&#8243; css=&#8221;.vc_custom_1605166600007{padding-top: 0px !important;padding-right: 0px !important;padding-bottom: 0px !important;padding-left: 0px !important;}&#8221;][rev_slider_vc alias=&#8221;torino-binaria1&#8243; enable_paspartu=&#8221;no&#8221;][\/vc_column][vc_column width=&#8221;1\/2&#8243; css=&#8221;.vc_custom_1605166527661{padding-top: 40px !important;padding-right: 30px !important;padding-bottom: 40px !important;padding-left: 40px !important;}&#8221; el_class=&#8221;contatti-mappa box-4&#8243;][vc_column_text el_class=&#8221;rosso&#8221; css=&#8221;.vc_custom_1713858456941{padding-bottom: 24px !important;}&#8221;] Berber\u00e8 pizzeria Binaria | [&hellip;]<\/p>\n","protected":false},"author":1,"featured_media":0,"parent":0,"menu_order":0,"comment_status":"closed","ping_status":"closed","template":"","meta":{"footnotes":""},"class_list":["post-7505","page","type-page","status-publish","hentry"],"yoast_head":"<!-- This site is optimized with the Yoast SEO plugin v27.4 - https:\/\/yoast.com\/product\/yoast-seo-wordpress\/ -->\n<title>Berber\u00e8 Torino Binaria - Berber\u00e8 Pizzeria<\/title>\n<meta name=\"description\" content=\"Berber\u00e8 \u00e8 nata nel 2010 con la missione di servire una pizza artigianale buonissima, con solo lievito madre vivo, digeribile, senza fronzoli e in un ambiente accogliente.Lavoriamo con ingredienti biologici e il nostro unico dogma \u00e8 la qualit\u00e0.\" \/>\n<meta name=\"robots\" content=\"index, follow, max-snippet:-1, max-image-preview:large, max-video-preview:-1\" \/>\n<link rel=\"canonical\" href=\"https:\/\/www.berberepizza.it\/en\/berbere-torino-binaria\/\" \/>\n<meta property=\"og:locale\" content=\"en_US\" \/>\n<meta property=\"og:type\" content=\"article\" \/>\n<meta property=\"og:title\" content=\"Berber\u00e8 Torino Binaria - Berber\u00e8 Pizzeria\" \/>\n<meta property=\"og:description\" content=\"Berber\u00e8 \u00e8 nata nel 2010 con la missione di servire una pizza artigianale buonissima, con solo lievito madre vivo, digeribile, senza fronzoli e in un ambiente accogliente.Lavoriamo con ingredienti biologici e il nostro unico dogma \u00e8 la qualit\u00e0.\" \/>\n<meta property=\"og:url\" content=\"https:\/\/www.berberepizza.it\/en\/berbere-torino-binaria\/\" \/>\n<meta property=\"og:site_name\" content=\"Berber\u00e8 Pizzeria\" \/>\n<meta property=\"article:modified_time\" content=\"2024-10-28T11:21:47+00:00\" \/>\n<meta property=\"og:image\" content=\"https:\/\/www.berberepizza.it\/wp-content\/uploads\/2021\/04\/AlbertoBlasetti-5936-scaled.jpg\" \/>\n\t<meta property=\"og:image:width\" content=\"2560\" \/>\n\t<meta property=\"og:image:height\" content=\"1707\" \/>\n\t<meta property=\"og:image:type\" content=\"image\/jpeg\" \/>\n<meta name=\"twitter:card\" content=\"summary_large_image\" \/>\n<meta name=\"twitter:label1\" content=\"Est. reading time\" \/>\n\t<meta name=\"twitter:data1\" content=\"1 minute\" \/>\n<script type=\"application\/ld+json\" class=\"yoast-schema-graph\">{\"@context\":\"https:\\\/\\\/schema.org\",\"@graph\":[{\"@type\":\"WebPage\",\"@id\":\"https:\\\/\\\/www.berberepizza.it\\\/en\\\/berbere-torino-binaria\\\/\",\"url\":\"https:\\\/\\\/www.berberepizza.it\\\/en\\\/berbere-torino-binaria\\\/\",\"name\":\"Berber\u00e8 Torino Binaria - Berber\u00e8 Pizzeria\",\"isPartOf\":{\"@id\":\"https:\\\/\\\/www.berberepizza.it\\\/#website\"},\"datePublished\":\"2020-11-17T08:46:22+00:00\",\"dateModified\":\"2024-10-28T11:21:47+00:00\",\"description\":\"Berber\u00e8 \u00e8 nata nel 2010 con la missione di servire una pizza artigianale buonissima, con solo lievito madre vivo, digeribile, senza fronzoli e in un ambiente accogliente.Lavoriamo con ingredienti biologici e il nostro unico dogma \u00e8 la qualit\u00e0.\",\"breadcrumb\":{\"@id\":\"https:\\\/\\\/www.berberepizza.it\\\/en\\\/berbere-torino-binaria\\\/#breadcrumb\"},\"inLanguage\":\"en-US\",\"potentialAction\":[{\"@type\":\"ReadAction\",\"target\":[\"https:\\\/\\\/www.berberepizza.it\\\/en\\\/berbere-torino-binaria\\\/\"]}]},{\"@type\":\"BreadcrumbList\",\"@id\":\"https:\\\/\\\/www.berberepizza.it\\\/en\\\/berbere-torino-binaria\\\/#breadcrumb\",\"itemListElement\":[{\"@type\":\"ListItem\",\"position\":1,\"name\":\"Home\",\"item\":\"https:\\\/\\\/www.berberepizza.it\\\/en\\\/\"},{\"@type\":\"ListItem\",\"position\":2,\"name\":\"Berber\u00e8 Torino Binaria\"}]},{\"@type\":\"WebSite\",\"@id\":\"https:\\\/\\\/www.berberepizza.it\\\/#website\",\"url\":\"https:\\\/\\\/www.berberepizza.it\\\/\",\"name\":\"Berber\u00e8 Pizzeria\",\"description\":\"Lievito madre dal 2010\",\"potentialAction\":[{\"@type\":\"SearchAction\",\"target\":{\"@type\":\"EntryPoint\",\"urlTemplate\":\"https:\\\/\\\/www.berberepizza.it\\\/?s={search_term_string}\"},\"query-input\":{\"@type\":\"PropertyValueSpecification\",\"valueRequired\":true,\"valueName\":\"search_term_string\"}}],\"inLanguage\":\"en-US\"}]}<\/script>\n<!-- \/ Yoast SEO plugin. -->","yoast_head_json":{"title":"Berber\u00e8 Torino Binaria - Berber\u00e8 Pizzeria","description":"Berber\u00e8 \u00e8 nata nel 2010 con la missione di servire una pizza artigianale buonissima, con solo lievito madre vivo, digeribile, senza fronzoli e in un ambiente accogliente.Lavoriamo con ingredienti biologici e il nostro unico dogma \u00e8 la qualit\u00e0.","robots":{"index":"index","follow":"follow","max-snippet":"max-snippet:-1","max-image-preview":"max-image-preview:large","max-video-preview":"max-video-preview:-1"},"canonical":"https:\/\/www.berberepizza.it\/en\/berbere-torino-binaria\/","og_locale":"en_US","og_type":"article","og_title":"Berber\u00e8 Torino Binaria - Berber\u00e8 Pizzeria","og_description":"Berber\u00e8 \u00e8 nata nel 2010 con la missione di servire una pizza artigianale buonissima, con solo lievito madre vivo, digeribile, senza fronzoli e in un ambiente accogliente.Lavoriamo con ingredienti biologici e il nostro unico dogma \u00e8 la qualit\u00e0.","og_url":"https:\/\/www.berberepizza.it\/en\/berbere-torino-binaria\/","og_site_name":"Berber\u00e8 Pizzeria","article_modified_time":"2024-10-28T11:21:47+00:00","og_image":[{"width":2560,"height":1707,"url":"https:\/\/www.berberepizza.it\/wp-content\/uploads\/2021\/04\/AlbertoBlasetti-5936-scaled.jpg","type":"image\/jpeg"}],"twitter_card":"summary_large_image","twitter_misc":{"Est. reading time":"1 minute"},"schema":{"@context":"https:\/\/schema.org","@graph":[{"@type":"WebPage","@id":"https:\/\/www.berberepizza.it\/en\/berbere-torino-binaria\/","url":"https:\/\/www.berberepizza.it\/en\/berbere-torino-binaria\/","name":"Berber\u00e8 Torino Binaria - Berber\u00e8 Pizzeria","isPartOf":{"@id":"https:\/\/www.berberepizza.it\/#website"},"datePublished":"2020-11-17T08:46:22+00:00","dateModified":"2024-10-28T11:21:47+00:00","description":"Berber\u00e8 \u00e8 nata nel 2010 con la missione di servire una pizza artigianale buonissima, con solo lievito madre vivo, digeribile, senza fronzoli e in un ambiente accogliente.Lavoriamo con ingredienti biologici e il nostro unico dogma \u00e8 la qualit\u00e0.","breadcrumb":{"@id":"https:\/\/www.berberepizza.it\/en\/berbere-torino-binaria\/#breadcrumb"},"inLanguage":"en-US","potentialAction":[{"@type":"ReadAction","target":["https:\/\/www.berberepizza.it\/en\/berbere-torino-binaria\/"]}]},{"@type":"BreadcrumbList","@id":"https:\/\/www.berberepizza.it\/en\/berbere-torino-binaria\/#breadcrumb","itemListElement":[{"@type":"ListItem","position":1,"name":"Home","item":"https:\/\/www.berberepizza.it\/en\/"},{"@type":"ListItem","position":2,"name":"Berber\u00e8 Torino Binaria"}]},{"@type":"WebSite","@id":"https:\/\/www.berberepizza.it\/#website","url":"https:\/\/www.berberepizza.it\/","name":"Berber\u00e8 Pizzeria","description":"Lievito madre dal 2010","potentialAction":[{"@type":"SearchAction","target":{"@type":"EntryPoint","urlTemplate":"https:\/\/www.berberepizza.it\/?s={search_term_string}"},"query-input":{"@type":"PropertyValueSpecification","valueRequired":true,"valueName":"search_term_string"}}],"inLanguage":"en-US"}]}},"_links":{"self":[{"href":"https:\/\/www.berberepizza.it\/en\/wp-json\/wp\/v2\/pages\/7505","targetHints":{"allow":["GET"]}}],"collection":[{"href":"https:\/\/www.berberepizza.it\/en\/wp-json\/wp\/v2\/pages"}],"about":[{"href":"https:\/\/www.berberepizza.it\/en\/wp-json\/wp\/v2\/types\/page"}],"author":[{"embeddable":true,"href":"https:\/\/www.berberepizza.it\/en\/wp-json\/wp\/v2\/users\/1"}],"replies":[{"embeddable":true,"href":"https:\/\/www.berberepizza.it\/en\/wp-json\/wp\/v2\/comments?post=7505"}],"version-history":[{"count":0,"href":"https:\/\/www.berberepizza.it\/en\/wp-json\/wp\/v2\/pages\/7505\/revisions"}],"wp:attachment":[{"href":"https:\/\/www.berberepizza.it\/en\/wp-json\/wp\/v2\/media?parent=7505"}],"curies":[{"name":"wp","href":"https:\/\/api.w.org\/{rel}","templated":true}]}}