{"id":9927,"date":"2018-12-03T11:22:26","date_gmt":"2018-12-03T10:22:26","guid":{"rendered":"https:\/\/www.berberepizza.it\/privacy-policy\/"},"modified":"2021-10-25T16:40:06","modified_gmt":"2021-10-25T14:40:06","slug":"privacy-policy","status":"publish","type":"page","link":"https:\/\/www.berberepizza.it\/en\/privacy-policy\/","title":{"rendered":"Privacy Policy"},"content":{"rendered":"<h2>Privacy Policy<\/h2>\n<p class=\"p1\">This page describes how this site deals with and handles the personal data of its users. Information about personal data handling is also provided pursuant to art. 13 of General Data Protection Regulation 679\/2016 to all those who interact with the BERBERE\u2019 SRL web services electronically available from the URL www.berberepizza.it, that is, the site\u2019s home page.<\/p>\n<p class=\"p1\">This information is provided only for the site BERBERE&#8217; SRL and not for other websites that users might visit by following links.<\/p>\n<p class=\"p1\">The information is also based on Recommendation 2\/2001 as formulated by the European authorities for the protection of personal data comprising the group established by art. 29 of Directive 95\/46\/EC. This recommendation, adopted 17 May 2001, establishes the minimum standards for collecting personal data online and, in particular, the method of notification, timing and character of the information that sites treating users\u2019 personal data are required to provide users at the moment they land on a web page, regardless of the purpose of the link in question.<\/p>\n<h3 class=\"p1\"><b>THE \u201cDATA CONTROLLER\u201d<\/b><\/h3>\n<p class=\"p1\">As a result of visiting this site, data regarding identified or identifiable persons may be collected and handled.<\/p>\n<p class=\"p1\">The \u201cdata controller\u201d engaged in handling this data is BERBERE&#8217; SRL, located in Via Giuseppe Petroni 9 40126 Bologna, Italy.<\/p>\n<h3 class=\"p1\"><b>WHERE DATA HANDLING TAKES PLACE<\/b><\/h3>\n<p class=\"p1\">The data handling associated with this site&#8217;s web services takes place at the above-mentioned premises of BERBERE&#8217; SRL and data is only handled by the technical staff of the office in charge of processing data or other people tasked with occasional maintenance operations. No data obtained from use of the web service is communicated or disseminated. The personal data provided by users requesting informational materials or data for the publication of ads are only used to perform the service or provide the information requested, and these data are only communicated to third parties when it is necessary to do so for that specific purpose.<\/p>\n<h3 class=\"p2\"><b>TYPES OF DATA HANDLED<\/b><\/h3>\n<p class=\"p1\">Navigation data: As part of their normal operation, the computer systems and software procedures used to operate this website do acquire some personal data the transmission of which is implicit in the use of internet communication protocols. This information is not collected so it can be associated with identified users. By its very nature, however, such information could enable users to be identified as a result of its being processed and associated with other data held by third parties. This category of data includes the IP addresses or domain names of computers used by users who visit the site, the URI (Uniform Resource Identifier) of requested resources, the time of the request, the method used to submit the request to the server, the size of the file received in reply, the numerical code indicating the status of the server&#8217;s response ( completed, error, etc..) and other parameters regarding the operating system and computer environment. These data are used for the sole purpose of obtaining anonymous statistical information regarding the use of the site and to make sure it is functioning correctly, and they are deleted immediately after processing. These data could be used to establish responsibility if IT crimes were to be committed against the site: except for this eventuality, the data on web contacts are not currently stored for more than three days.<span class=\"Apple-converted-space\">\u00a0<\/span><\/p>\n<p class=\"p1\">Data supplied voluntarily by users: When users explicitly and voluntarily choose the option of sending electronic mail to the addresses indicated on this site, the sender\u2019s address is automatically acquired since it is necessary to respond to requests. Any other personal data included in the message is also acquired in these cases. Specific synthetic information will be gradually reported or displayed on the pages of the website dedicated to specific services available on request.<\/p>\n<h3 class=\"p1\"><b>OPTIONAL DISCLOSURE OF DATA<\/b><\/h3>\n<p class=\"p1\">Apart from the specifics concerning navigation data, users are free to provide the personal data outlined in BERBERE&#8217; SRL request forms or indicated in the contact section. Not providing these data may make it impossible to proceed with fulfilling the user&#8217;s request.<\/p>\n<p class=\"p1\">Please note that the form is not intended for users under 14 years of age or those who are not yet of age in the jurisdiction in which they live. If you do not meet the specified age requirements, please do not enter your personal data into the form.<\/p>\n<h3 class=\"p2\"><b>DATA HANDLING METHODS<\/b><\/h3>\n<p class=\"p1\">Personal data are processed by automated and paper-based tools for the time strictly necessary to achieve the purposes for which they were collected. BERBERE\u2019 SRL takes specific security measures to prevent the loss, illicit or incorrect use of, or unauthorized access to data. These measures are outlined in more detail in the Record of Processing Activities.<span class=\"Apple-converted-space\">\u00a0<\/span><\/p>\n<h3 class=\"p3\"><b>DATA SUBJECTS\u2019 RIGHTS<\/b><\/h3>\n<p class=\"p4\">The individuals whose personal data are being handled have the right to obtain access to, rectify, cancel, restrict, or refuse the handling of their data at any time as well as the option to revoke consent at any time without affecting the lawfulness of the handling. They also have the right to lodge a complaint with the authority in question in accordance with the provisions of articles 15 to 22 of GDPR 679\/2016, addressing this request to the Data Controller.<\/p>\n<p class=\"p4\">Requests should be addressed to BERBERE&#8217; SRL located in Via Giuseppe Petroni 9 40126 Bologna.<\/p>\n","protected":false},"excerpt":{"rendered":"<p>Privacy Policy This page describes how this site deals with and handles the personal data of its users. Information about personal data handling is also provided pursuant to art. 13 of General Data Protection Regulation 679\/2016 to all those who [&hellip;]<\/p>\n","protected":false},"author":1,"featured_media":0,"parent":0,"menu_order":0,"comment_status":"closed","ping_status":"closed","template":"","meta":{"footnotes":""},"class_list":["post-9927","page","type-page","status-publish","hentry"],"yoast_head":"<!-- This site is optimized with the Yoast SEO plugin v27.4 - https:\/\/yoast.com\/product\/yoast-seo-wordpress\/ -->\n<title>Privacy Policy - Berber\u00e8 Pizzeria<\/title>\n<meta name=\"description\" content=\"Berber\u00e8 \u00e8 nata nel 2010 con la missione di servire una pizza artigianale buonissima, con solo lievito madre vivo, digeribile, senza fronzoli e in un ambiente accogliente.Lavoriamo con ingredienti biologici e il nostro unico dogma \u00e8 la qualit\u00e0.\" \/>\n<meta name=\"robots\" content=\"index, follow, max-snippet:-1, max-image-preview:large, max-video-preview:-1\" \/>\n<link rel=\"canonical\" href=\"https:\/\/www.berberepizza.it\/en\/privacy-policy\/\" \/>\n<meta property=\"og:locale\" content=\"en_US\" \/>\n<meta property=\"og:type\" content=\"article\" \/>\n<meta property=\"og:title\" content=\"Privacy Policy - Berber\u00e8 Pizzeria\" \/>\n<meta property=\"og:description\" content=\"Berber\u00e8 \u00e8 nata nel 2010 con la missione di servire una pizza artigianale buonissima, con solo lievito madre vivo, digeribile, senza fronzoli e in un ambiente accogliente.Lavoriamo con ingredienti biologici e il nostro unico dogma \u00e8 la qualit\u00e0.\" \/>\n<meta property=\"og:url\" content=\"https:\/\/www.berberepizza.it\/en\/privacy-policy\/\" \/>\n<meta property=\"og:site_name\" content=\"Berber\u00e8 Pizzeria\" \/>\n<meta property=\"article:modified_time\" content=\"2021-10-25T14:40:06+00:00\" \/>\n<meta property=\"og:image\" content=\"https:\/\/www.berberepizza.it\/wp-content\/uploads\/2021\/04\/AlbertoBlasetti-5936-scaled.jpg\" \/>\n\t<meta property=\"og:image:width\" content=\"2560\" \/>\n\t<meta property=\"og:image:height\" content=\"1707\" \/>\n\t<meta property=\"og:image:type\" content=\"image\/jpeg\" \/>\n<meta name=\"twitter:card\" content=\"summary_large_image\" \/>\n<meta name=\"twitter:label1\" content=\"Est. reading time\" \/>\n\t<meta name=\"twitter:data1\" content=\"4 minutes\" \/>\n<script type=\"application\/ld+json\" class=\"yoast-schema-graph\">{\"@context\":\"https:\\\/\\\/schema.org\",\"@graph\":[{\"@type\":\"WebPage\",\"@id\":\"https:\\\/\\\/www.berberepizza.it\\\/en\\\/privacy-policy\\\/\",\"url\":\"https:\\\/\\\/www.berberepizza.it\\\/en\\\/privacy-policy\\\/\",\"name\":\"Privacy Policy - Berber\u00e8 Pizzeria\",\"isPartOf\":{\"@id\":\"https:\\\/\\\/www.berberepizza.it\\\/#website\"},\"datePublished\":\"2018-12-03T10:22:26+00:00\",\"dateModified\":\"2021-10-25T14:40:06+00:00\",\"description\":\"Berber\u00e8 \u00e8 nata nel 2010 con la missione di servire una pizza artigianale buonissima, con solo lievito madre vivo, digeribile, senza fronzoli e in un ambiente accogliente.Lavoriamo con ingredienti biologici e il nostro unico dogma \u00e8 la qualit\u00e0.\",\"breadcrumb\":{\"@id\":\"https:\\\/\\\/www.berberepizza.it\\\/en\\\/privacy-policy\\\/#breadcrumb\"},\"inLanguage\":\"en-US\",\"potentialAction\":[{\"@type\":\"ReadAction\",\"target\":[\"https:\\\/\\\/www.berberepizza.it\\\/en\\\/privacy-policy\\\/\"]}]},{\"@type\":\"BreadcrumbList\",\"@id\":\"https:\\\/\\\/www.berberepizza.it\\\/en\\\/privacy-policy\\\/#breadcrumb\",\"itemListElement\":[{\"@type\":\"ListItem\",\"position\":1,\"name\":\"Home\",\"item\":\"https:\\\/\\\/www.berberepizza.it\\\/en\\\/\"},{\"@type\":\"ListItem\",\"position\":2,\"name\":\"Privacy Policy\"}]},{\"@type\":\"WebSite\",\"@id\":\"https:\\\/\\\/www.berberepizza.it\\\/#website\",\"url\":\"https:\\\/\\\/www.berberepizza.it\\\/\",\"name\":\"Berber\u00e8 Pizzeria\",\"description\":\"Lievito madre dal 2010\",\"potentialAction\":[{\"@type\":\"SearchAction\",\"target\":{\"@type\":\"EntryPoint\",\"urlTemplate\":\"https:\\\/\\\/www.berberepizza.it\\\/?s={search_term_string}\"},\"query-input\":{\"@type\":\"PropertyValueSpecification\",\"valueRequired\":true,\"valueName\":\"search_term_string\"}}],\"inLanguage\":\"en-US\"}]}<\/script>\n<!-- \/ Yoast SEO plugin. -->","yoast_head_json":{"title":"Privacy Policy - Berber\u00e8 Pizzeria","description":"Berber\u00e8 \u00e8 nata nel 2010 con la missione di servire una pizza artigianale buonissima, con solo lievito madre vivo, digeribile, senza fronzoli e in un ambiente accogliente.Lavoriamo con ingredienti biologici e il nostro unico dogma \u00e8 la qualit\u00e0.","robots":{"index":"index","follow":"follow","max-snippet":"max-snippet:-1","max-image-preview":"max-image-preview:large","max-video-preview":"max-video-preview:-1"},"canonical":"https:\/\/www.berberepizza.it\/en\/privacy-policy\/","og_locale":"en_US","og_type":"article","og_title":"Privacy Policy - Berber\u00e8 Pizzeria","og_description":"Berber\u00e8 \u00e8 nata nel 2010 con la missione di servire una pizza artigianale buonissima, con solo lievito madre vivo, digeribile, senza fronzoli e in un ambiente accogliente.Lavoriamo con ingredienti biologici e il nostro unico dogma \u00e8 la qualit\u00e0.","og_url":"https:\/\/www.berberepizza.it\/en\/privacy-policy\/","og_site_name":"Berber\u00e8 Pizzeria","article_modified_time":"2021-10-25T14:40:06+00:00","og_image":[{"width":2560,"height":1707,"url":"https:\/\/www.berberepizza.it\/wp-content\/uploads\/2021\/04\/AlbertoBlasetti-5936-scaled.jpg","type":"image\/jpeg"}],"twitter_card":"summary_large_image","twitter_misc":{"Est. reading time":"4 minutes"},"schema":{"@context":"https:\/\/schema.org","@graph":[{"@type":"WebPage","@id":"https:\/\/www.berberepizza.it\/en\/privacy-policy\/","url":"https:\/\/www.berberepizza.it\/en\/privacy-policy\/","name":"Privacy Policy - Berber\u00e8 Pizzeria","isPartOf":{"@id":"https:\/\/www.berberepizza.it\/#website"},"datePublished":"2018-12-03T10:22:26+00:00","dateModified":"2021-10-25T14:40:06+00:00","description":"Berber\u00e8 \u00e8 nata nel 2010 con la missione di servire una pizza artigianale buonissima, con solo lievito madre vivo, digeribile, senza fronzoli e in un ambiente accogliente.Lavoriamo con ingredienti biologici e il nostro unico dogma \u00e8 la qualit\u00e0.","breadcrumb":{"@id":"https:\/\/www.berberepizza.it\/en\/privacy-policy\/#breadcrumb"},"inLanguage":"en-US","potentialAction":[{"@type":"ReadAction","target":["https:\/\/www.berberepizza.it\/en\/privacy-policy\/"]}]},{"@type":"BreadcrumbList","@id":"https:\/\/www.berberepizza.it\/en\/privacy-policy\/#breadcrumb","itemListElement":[{"@type":"ListItem","position":1,"name":"Home","item":"https:\/\/www.berberepizza.it\/en\/"},{"@type":"ListItem","position":2,"name":"Privacy Policy"}]},{"@type":"WebSite","@id":"https:\/\/www.berberepizza.it\/#website","url":"https:\/\/www.berberepizza.it\/","name":"Berber\u00e8 Pizzeria","description":"Lievito madre dal 2010","potentialAction":[{"@type":"SearchAction","target":{"@type":"EntryPoint","urlTemplate":"https:\/\/www.berberepizza.it\/?s={search_term_string}"},"query-input":{"@type":"PropertyValueSpecification","valueRequired":true,"valueName":"search_term_string"}}],"inLanguage":"en-US"}]}},"_links":{"self":[{"href":"https:\/\/www.berberepizza.it\/en\/wp-json\/wp\/v2\/pages\/9927","targetHints":{"allow":["GET"]}}],"collection":[{"href":"https:\/\/www.berberepizza.it\/en\/wp-json\/wp\/v2\/pages"}],"about":[{"href":"https:\/\/www.berberepizza.it\/en\/wp-json\/wp\/v2\/types\/page"}],"author":[{"embeddable":true,"href":"https:\/\/www.berberepizza.it\/en\/wp-json\/wp\/v2\/users\/1"}],"replies":[{"embeddable":true,"href":"https:\/\/www.berberepizza.it\/en\/wp-json\/wp\/v2\/comments?post=9927"}],"version-history":[{"count":0,"href":"https:\/\/www.berberepizza.it\/en\/wp-json\/wp\/v2\/pages\/9927\/revisions"}],"wp:attachment":[{"href":"https:\/\/www.berberepizza.it\/en\/wp-json\/wp\/v2\/media?parent=9927"}],"curies":[{"name":"wp","href":"https:\/\/api.w.org\/{rel}","templated":true}]}}