{"id":9940,"date":"2021-10-26T10:39:34","date_gmt":"2021-10-26T08:39:34","guid":{"rendered":"https:\/\/www.berberepizza.it\/?page_id=9940"},"modified":"2021-10-26T10:39:34","modified_gmt":"2021-10-26T08:39:34","slug":"cookie-policy","status":"publish","type":"page","link":"https:\/\/www.berberepizza.it\/en\/cookie-policy\/","title":{"rendered":"Cookie Policy"},"content":{"rendered":"<h2>Cookie Policy<\/h2>\n<h3 class=\"p1\"><b>How cookies are used<\/b><\/h3>\n<p class=\"p2\"><b>www.berberepizza.it<\/b> uses cookies to provide simple and efficient services to the users who visit its pages. Users visiting <b>www.berberepizza.it<\/b> will have <b>minimal amounts of information<\/b> inserted into the devices they are using, whether computers or mobile devices, in the form of small text files called \u201ccookies\u201d which are saved in the directories utilized by the user\u2019s web browser. If you disable cookies, some of our services may not function properly and some pages will not display correctly. There are <b>various types of cookies<\/b>, some used to make the experience of visiting the site more effective, others used to enable certain features. By analyzing these cookies in detail, we are able to:<\/p>\n<ul class=\"ul1\">\n<li class=\"li2\"><span class=\"s1\"><\/span>store the preferences a user has entered<\/li>\n<li class=\"li2\"><span class=\"s1\"><\/span>store the user&#8217;s language selection<\/li>\n<li class=\"li2\"><span class=\"s1\"><\/span>analyze how the services and content provided by <b>www.berberepizza.it<\/b> are used so as to optimize the user\u2019s browsing experience and the services we offer<\/li>\n<\/ul>\n<h3 class=\"p1\"><b>Types of cookies used by\u00a0www.berberepizza.it<\/b><\/h3>\n<p class=\"p2\">Here is a list of the various types of cookies used by <b>www.berberepizza.it<\/b> and what they are used for:<\/p>\n<p class=\"p3\"><b>Technical Cookies<\/b><\/p>\n<p class=\"p2\">This type of cookie is essential for <b>certain sections of the site to function correctly<\/b>. There are two categories of technical cookie: persistent and session.<\/p>\n<ul class=\"ul1\">\n<li class=\"li2\"><span class=\"s1\"><\/span><b>persistent<\/b>: these are not deleted once the browser is closed but instead remain in place until a preset expiration date.<\/li>\n<li class=\"li2\"><span class=\"s1\"><\/span><b>session<\/b>: these are deleted every time the browser is closed.<\/li>\n<\/ul>\n<p class=\"p2\">These cookies are sent from our domain as well and they are necessary to <b>ensure the site displays properly<\/b> and to operate the technical services we offer, so they will <b>always be used and sent<\/b> unless you change your browser settings.<\/p>\n<p class=\"p2\"><b>Third party analytics cookies<\/b><\/p>\n<p class=\"p2\">These cookies are used to gather information about <b>how users interact with the site<\/b> and they are collected in an <b>anonymous form<\/b>. They include which pages were visited, how much time was spent, where did traffic come from, and information about the user\u2019s geographical location, age, gender and interests for the purpose of marketing campaigns. These cookies are sent from third party domains outside the site, in our case from Google Analytics and Facebook.<\/p>\n<p class=\"p2\"><b>Cookies to complement third-party software products and features<\/b><\/p>\n<p class=\"p2\">This type of cookie <b>complements features developed by third parties<\/b> embedded in the pages of this site, such as social network icons and preference expressions used to share the content of the site or to make use of third-party software services (such as software to generate maps and other software offering additional services). These cookies are sent from <b>third-party domains<\/b> and <b>partner sites<\/b> that make available their added features for use on the pages of this site.<\/p>\n<p class=\"p2\"><b>Profiling cookies<\/b><\/p>\n<p class=\"p2\">These are the cookies used to create user profiles in order to send advertising messages specifically tailored to the preferences expressed by users as they interact with a website. We do not use profiling cookies on our site (Google Analytics is the only service that might resemble a profiling service in some way).<\/p>\n<p class=\"p4\"><span class=\"Apple-converted-space\">\u00a0<\/span><\/p>\n<p class=\"p2\">According to current regulations, <b>www.berberepizza.it<\/b> is not required to ask users for consent for <b>technical cookies<\/b> because these are necessary to provide the services users are requesting by visiting the site. For all other types of cookies, users may indicate their consent in one or more of the following ways:<\/p>\n<ul class=\"ul1\">\n<li class=\"li2\"><span class=\"s1\"><\/span><b>By choosing specific settings on the browser<\/b> or relative computer programs they are using to navigate the pages that make up the site.<\/li>\n<li class=\"li2\"><span class=\"s1\"><\/span><b>By changing the settings<\/b> when using third-party services<\/li>\n<\/ul>\n<p class=\"p2\">Choosing either of these options may make it so you cannot view or use some portions of this site.<span class=\"Apple-converted-space\">\u00a0<\/span><\/p>\n<p class=\"p2\"><b>Third-party websites and Services<span class=\"Apple-converted-space\">\u00a0<\/span><\/b><\/p>\n<p class=\"p2\">This site may contain links to other websites that have their own privacy policies, potentially different from those we have adopted and <b>www.berberepizza.it<\/b> is therefore <b>not responsible<\/b> for these other sites.<\/p>\n<p class=\"p4\"><span class=\"Apple-converted-space\">\u00a0<\/span><\/p>\n<h3 class=\"p1\"><b>Cookies used by\u00a0www.berberepizza.it<\/b><\/h3>\n<table class=\"t1\" cellspacing=\"0\" cellpadding=\"0\">\n<tbody>\n<tr>\n<td class=\"td1\" valign=\"middle\">\n<p class=\"p5\">Type of Cookie<\/p>\n<\/td>\n<td class=\"td2\" valign=\"middle\">\n<p class=\"p5\">How we use it<\/p>\n<\/td>\n<td class=\"td3\" valign=\"middle\">\n<p class=\"p5\">What data is collected<\/p>\n<\/td>\n<td class=\"td4\" valign=\"middle\">\n<p class=\"p5\">Policy Link and lcoation where data are handled<span class=\"Apple-converted-space\">\u00a0<\/span><\/p>\n<\/td>\n<\/tr>\n<tr>\n<td class=\"td5\" valign=\"middle\">\n<p class=\"p5\"><b>Contact Form<\/b><\/p>\n<\/td>\n<td class=\"td6\" valign=\"middle\">\n<p class=\"p5\">Users agree to having the data they have entered into the contact form handled in order to respond to their requests for quotes or information, or for any other reason (as indicated in the title of the form).<\/p>\n<\/td>\n<td class=\"td7\" valign=\"middle\">\n<p class=\"p5\">Name, email and phone number<\/p>\n<\/td>\n<td class=\"td8\" valign=\"middle\">\n<p class=\"p5\">Data are not stored<span class=\"Apple-converted-space\">\u00a0<\/span><\/p>\n<\/td>\n<\/tr>\n<tr>\n<td class=\"td9\" valign=\"middle\">\n<p class=\"p5\"><b>Google Maps<\/b><\/p>\n<\/td>\n<td class=\"td10\" valign=\"middle\">\n<p class=\"p6\"><span class=\"s2\">USA \u2013\u00a0<a href=\"http:\/\/www.google.it\/intl\/en\/policies\/privacy\/\"><span class=\"s3\">Privacy Policy<\/span><\/a><\/span><\/p>\n<\/td>\n<td class=\"td11\" valign=\"middle\"><\/td>\n<td class=\"td12\" valign=\"middle\"><\/td>\n<\/tr>\n<tr>\n<td class=\"td9\" valign=\"middle\"><\/td>\n<td class=\"td10\" valign=\"middle\"><\/td>\n<td class=\"td13\" valign=\"middle\"><\/td>\n<td class=\"td14\" valign=\"middle\"><\/td>\n<\/tr>\n<tr>\n<td class=\"td15\" valign=\"middle\">\n<p class=\"p5\">FACEBOOK TRACKING PIXEL<\/p>\n<\/td>\n<td class=\"td16\" valign=\"middle\">\n<p class=\"p5\">Tracking pixels are used to monitor conversions from Facebook Ads, which is a statistical service provided by Facebook Inc. Through this service, the actions and behavior users engage in when browsing this website can be associated with data from Facebook.<\/p>\n<\/td>\n<td class=\"td17\" valign=\"middle\">\n<p class=\"p5\">Cookies and usage data<\/p>\n<\/td>\n<td class=\"td18\" valign=\"middle\">\n<p class=\"p6\"><span class=\"s2\">USA \u2013 <a href=\"https:\/\/www.facebook.com\/about\/privacy\/\"><span class=\"s3\">Privacy Policy<\/span><\/a> \u2013 <a href=\"https:\/\/www.facebook.com\/help\/cookies?ref_type=sitefooter\"><span class=\"s3\">More<\/span><\/a><\/span><span class=\"s4\"> Information<\/span><\/p>\n<\/td>\n<\/tr>\n<tr>\n<td class=\"td1\" valign=\"middle\">\n<p class=\"p5\"><b>Vimeo<\/b> from <b>Vimeo, LLC<\/b><\/p>\n<\/td>\n<td class=\"td2\" valign=\"middle\">\n<p class=\"p5\">Vimeo is a social network for viewing video content. It is<span class=\"Apple-converted-space\">\u00a0 <\/span>managed by Vimeo LLC and offers websites the option of embedding its video content in their pages.<\/p>\n<\/td>\n<td class=\"td3\" valign=\"middle\">\n<p class=\"p5\">Cookies and usage data<\/p>\n<\/td>\n<td class=\"td4\" valign=\"middle\">\n<p class=\"p6\"><span class=\"s2\">USA \u2013 <a href=\"http:\/\/vimeo.com\/privacy\"><span class=\"s3\">Privacy Policy<\/span><\/a><\/span><\/p>\n<\/td>\n<\/tr>\n<tr>\n<td class=\"td19\" valign=\"middle\">\n<p class=\"p5\">Access analysis by Google Analytics and Google Inc. third-party services<\/p>\n<\/td>\n<td class=\"td20\" valign=\"middle\">\n<p class=\"p5\">User access to and interactions with this site are analyzed via the Google Analytics service operated by Google Inc.<\/p>\n<\/td>\n<td class=\"td21\" valign=\"middle\">\n<p class=\"p5\">Cookies and usage data<\/p>\n<\/td>\n<td class=\"td22\" valign=\"middle\">\n<p class=\"p6\"><span class=\"s2\">USA \u2013 <a href=\"http:\/\/www.google.com\/intl\/it\/policies\/privacy\/\"><span class=\"s3\">Privacy Policy<\/span><\/a><\/span><\/p>\n<\/td>\n<\/tr>\n<tr>\n<td class=\"td23\" valign=\"middle\">\n<p class=\"p5\"><b>Google Fonts, <\/b>a <b>Google Inc. <\/b>service<\/p>\n<\/td>\n<td class=\"td24\" valign=\"middle\">\n<p class=\"p5\">Google Fonts is a service that websites you to embed and display custom font styles. It is operated by Google Inc.<\/p>\n<\/td>\n<td class=\"td25\" valign=\"middle\">\n<p class=\"p5\">Cookies and usage data<\/p>\n<\/td>\n<td class=\"td26\" valign=\"middle\">\n<p class=\"p6\"><span class=\"s2\">USA \u2013 <a href=\"http:\/\/www.google.it\/intl\/en\/policies\/privacy\/\"><span class=\"s3\">Privacy Policy<\/span><\/a><\/span><\/p>\n<\/td>\n<\/tr>\n<tr>\n<td class=\"td9\" valign=\"middle\"><\/td>\n<td class=\"td10\" valign=\"middle\"><\/td>\n<td class=\"td13\" valign=\"middle\"><\/td>\n<td class=\"td14\" valign=\"middle\"><\/td>\n<\/tr>\n<\/tbody>\n<\/table>\n<p class=\"p4\"><span class=\"Apple-converted-space\">\u00a0<\/span><\/p>\n<h3 class=\"p1\"><b>How to change your browser settings to disable cookies<\/b><\/h3>\n<p class=\"p9\"><span class=\"s4\"><a href=\"https:\/\/www.berberepizza.it\/cookie-policy\/#chrome\"><b>Chrome<\/b><span class=\"s5\"><b><\/b><\/span><\/a><\/span><\/p>\n<ol class=\"ol1\">\n<li class=\"li2\"><span class=\"s6\">Open the Chrome Browser<\/span><\/li>\n<li class=\"li2\"><span class=\"s6\">Click on the menu in the browser toolbar next to the search bar window<span class=\"Apple-converted-space\">\u00a0<\/span><\/span><\/li>\n<li class=\"li2\"><span class=\"s6\">Choose <b>Settings<\/b><\/span><\/li>\n<li class=\"li2\"><span class=\"s6\">Click on <b>Show Advanced Settings<\/b><\/span><\/li>\n<li class=\"li2\"><span class=\"s6\">Under \u201cPrivacy\u201d, click on \u201c<b>Content Settings<\/b>\u201d<span class=\"Apple-converted-space\">\u00a0<\/span><\/span><\/li>\n<li class=\"li2\"><span class=\"s6\">In the \u201cCookies\u201d section you can change the following cookie settings:<\/span>\n<ul class=\"ul1\">\n<li class=\"li2\"><span class=\"s7\"><\/span>Allow local data storage<\/li>\n<li class=\"li2\"><span class=\"s7\"><\/span>Only change local data until you close your browser windows<\/li>\n<li class=\"li2\"><span class=\"s7\"><\/span>Prevent sites from setting cookies<\/li>\n<li class=\"li2\"><span class=\"s7\"><\/span>Block third-party cookies and site data<\/li>\n<li class=\"li2\"><span class=\"s7\"><\/span>Manage exceptions for certain websites<\/li>\n<li class=\"li2\"><span class=\"s7\"><\/span>Delete one or all cookies<\/li>\n<\/ul>\n<\/li>\n<\/ol>\n<p class=\"p2\">For more information, please see the instructions <a href=\"https:\/\/support.google.com\/accounts\/answer\/61416?hl=en\"><span class=\"s3\">page<\/span><\/a>.<\/p>\n<ol class=\"ol1\">\n<li class=\"li2\">On your computer, open Chrome<span class=\"Apple-converted-space\">\u00a0<\/span><\/li>\n<li class=\"li2\">At the top right, click More (represented by the three dots) and then<span class=\"s8\"> <\/span><b>Settings<\/b><span class=\"Apple-converted-space\">\u00a0<\/span><\/li>\n<li class=\"li2\">Under \u201cPrivacy and security\u201d, click on <b>Site settings<\/b><span class=\"Apple-converted-space\">\u00a0<\/span><\/li>\n<li class=\"li2\">In the <b>Cookies<\/b> <b>and other site data<\/b> section, you can change the following settings:<\/li>\n<\/ol>\n<p class=\"p9\"><span class=\"s4\"><a href=\"https:\/\/www.berberepizza.it\/cookie-policy\/#mozilla-firefox\"><b>Mozilla Firefox<\/b><span class=\"s5\"><b><\/b><\/span><\/a><\/span><\/p>\n<ol class=\"ol1\">\n<li class=\"li2\">Open the Mozilla Firefox browser<\/li>\n<li class=\"li2\">Click on the menu icon in the browser toolbar at the top right, next to the search bar<\/li>\n<li class=\"li2\">Select <b>Settings<\/b><\/li>\n<li class=\"li2\">Select <b>Privacy and Security<\/b> from the left-hand menu<\/li>\n<li class=\"li2\">Scroll down to <b>Cookies and Site Data<\/b><\/li>\n<li class=\"li2\">In this section you can change the following cookie settings:\n<ul class=\"ul1\">\n<li class=\"li2\"><span class=\"s7\"><\/span>Request that sites not track any data<\/li>\n<li class=\"li2\"><span class=\"s7\"><\/span>Notify sites that you agree to be tracked<\/li>\n<li class=\"li2\"><span class=\"s7\"><\/span>Not communicate any preferences for the tracking of your personal data<\/li>\n<\/ul>\n<\/li>\n<\/ol>\n<ol class=\"ol1\">\n<li class=\"li2\">From the <b>History<\/b> section, you can:<span class=\"Apple-converted-space\">\u00a0<\/span><\/li>\n<\/ol>\n<ol class=\"ol1\">\n<li style=\"list-style-type: none;\">\n<ul class=\"ul1\">\n<li class=\"li2\"><span class=\"s7\"><\/span>By enabling \u201cUse custom settings for history\u201d, you can choose to accept third-party cookies (always, only from the sites you visit the most, or never) and store them for a specified period (until they expire or until you close Firefox, or setting a prompt to choose each time)<\/li>\n<li class=\"li2\"><span class=\"s7\"><\/span>Delete the individual cookies that have been stored<\/li>\n<\/ul>\n<\/li>\n<\/ol>\n<p class=\"p2\">For more information, please see the instructions <a href=\"https:\/\/support.mozilla.org\/en-US\/kb\/enable-and-disable-cookies-website-preferences\"><span class=\"s3\">page<\/span><\/a>.<\/p>\n<p class=\"p9\"><span class=\"s4\"><a href=\"https:\/\/www.berberepizza.it\/cookie-policy\/#internet-explorer\"><b>Internet Explorer<\/b><span class=\"s5\"><b><\/b><\/span><\/a><\/span><\/p>\n<ol class=\"ol1\">\n<li class=\"li2\">Open Internet Explorer<\/li>\n<li class=\"li2\">Click on the <b>Tools<\/b> button and choose <b>Internet Options<\/b><\/li>\n<li class=\"li2\">Click on the <b>Privacy<\/b> tab and, under <b>Settings<\/b>, select <b>Advanced<\/b> and use the toggle button to activate the desired cookie option:\n<ul class=\"ul1\">\n<li class=\"li2\"><span class=\"s7\"><\/span>Block all cookies<\/li>\n<li class=\"li2\"><span class=\"s7\"><\/span>Allow all cookies<\/li>\n<li class=\"li2\"><span class=\"s7\"><\/span>To select which sites to accept cookies from: move the cursor to an intermediate position, neither blocking nor allowing all cookies, then click on Sites. In the website address field, enter a website URL and then click on Block or Allow.<\/li>\n<\/ul>\n<\/li>\n<\/ol>\n<p class=\"p2\">For more information, please see the instructions <a href=\"http:\/\/windows.microsoft.com\/it-it\/windows-vista\/block-or-allow-cookies\"><span class=\"s3\">page<\/span><\/a>.<\/p>\n<p class=\"p9\"><span class=\"s4\"><a href=\"https:\/\/www.berberepizza.it\/cookie-policy\/#safari-6\"><b>Safari 6<\/b><span class=\"s5\"><b><\/b><\/span><\/a><\/span><\/p>\n<ol class=\"ol1\">\n<li class=\"li2\">Open Safari<\/li>\n<li class=\"li2\">Click on <b>Safari<\/b>, select <b>Preferences<\/b> and then click on <b>Privacy<\/b><\/li>\n<li class=\"li2\">In the section \u201c<b>Block new cookies and website data\u201d<\/b>, you can choose how Safari deals with website cookies.<\/li>\n<li class=\"li2\">Click on <b>Details<\/b> to see which sites have stored cookies<\/li>\n<\/ol>\n<p class=\"p2\">For more information, please see the instructions <a href=\"http:\/\/support.apple.com\/kb\/PH17191?viewlocale=it_IT&amp;locale=it_IT\"><span class=\"s3\">page<\/span><\/a>.<\/p>\n<p class=\"p9\"><span class=\"s4\"><a href=\"https:\/\/www.berberepizza.it\/cookie-policy\/#safari-ios-dispositivi-mobile\"><b>Safari iOS (mobile devices)<\/b><span class=\"s5\"><b><\/b><\/span><\/a><\/span><\/p>\n<ol class=\"ol1\">\n<li class=\"li2\">Open the <b>Settings menu <\/b>on your device<b> <\/b>and scroll down to<b> Safari<\/b><\/li>\n<li class=\"li2\">Click on the Block All Cookies toggle switch and choose among the various options: \u201cNever allow\u201d, \u201cAllow from third parties and advertisers\u201d, or \u201cAlways allow\u201d<span class=\"Apple-converted-space\">\u00a0<\/span><\/li>\n<li class=\"li2\">To clear all cookies stored by Safari, click on <b>Settings<\/b>, then <b>Safari<\/b> and finally <b>Clear History and Website Data<\/b><\/li>\n<\/ol>\n<p class=\"p2\">For more information, please see the instructions <a href=\"http:\/\/support.apple.com\/kb\/HT1677?utm_source=Agillic%2520Dialogue\"><span class=\"s3\">page<\/span><\/a>.<\/p>\n<p class=\"p9\"><span class=\"s4\"><a href=\"https:\/\/www.berberepizza.it\/cookie-policy\/#opera\"><b>Opera<\/b><span class=\"s5\"><b><\/b><\/span><\/a><\/span><\/p>\n<ol class=\"ol1\">\n<li class=\"li2\">Open Opera<\/li>\n<li class=\"li2\">Go to\u00a0<b>Settings<\/b><\/li>\n<li class=\"li2\">Click <b>Advanced<\/b> in the left sidebar, and click <b>Privacy &amp; security<\/b><\/li>\n<li class=\"li2\">Under <b>Privacy and security<\/b>, click <b>Site settings<\/b>.<\/li>\n<li class=\"li2\">Click <b>Cookies and site data<\/b><span class=\"Apple-converted-space\">\u00a0<\/span><\/li>\n<li class=\"li2\">Select one of the following options:<span class=\"Apple-converted-space\">\u00a0<\/span><\/li>\n<\/ol>\n<ul class=\"ul1\">\n<li style=\"list-style-type: none;\">\n<ul class=\"ul1\">\n<li class=\"li2\"><span class=\"s9\"><\/span>Accept all cookies<\/li>\n<li class=\"li2\"><span class=\"s9\"><\/span>Accept cookies only from the site you are visiting \u2013 third party cookies and cookies that are sent from a domain other than the one you are visiting will be rejected<\/li>\n<li class=\"li2\"><span class=\"s9\"><\/span>Never accept cookies \u2013 no cookies will ever be stored<\/li>\n<\/ul>\n<\/li>\n<\/ul>\n<p class=\"p2\">For more information, please see the instructions <a href=\"http:\/\/help.opera.com\/Windows\/10.00\/it\/cookies.html\"><span class=\"s3\">page<\/span><\/a>.<\/p>\n<p class=\"p10\">This page can be viewed by following the link that appears at the bottom of all the pages of the site pursuant to art. 122, paragraph two of Legislative Decree no. 196\/2003 and in keeping with the simplified procedures for informing users about the use of cookies and obtaining their consent as published in the Official Gazette no. 126 of 3 June 2014 and its list of provisions no. 229 of 8 May 2014.<\/p>\n","protected":false},"excerpt":{"rendered":"<p>Cookie Policy How cookies are used www.berberepizza.it uses cookies to provide simple and efficient services to the users who visit its pages. Users visiting www.berberepizza.it will have minimal amounts of information inserted into the devices they are using, whether computers [&hellip;]<\/p>\n","protected":false},"author":1,"featured_media":0,"parent":0,"menu_order":0,"comment_status":"closed","ping_status":"closed","template":"","meta":{"footnotes":""},"class_list":["post-9940","page","type-page","status-publish","hentry"],"yoast_head":"<!-- This site is optimized with the Yoast SEO plugin v27.4 - https:\/\/yoast.com\/product\/yoast-seo-wordpress\/ -->\n<title>Cookie Policy - Berber\u00e8 Pizzeria<\/title>\n<meta name=\"description\" content=\"Berber\u00e8 \u00e8 nata nel 2010 con la missione di servire una pizza artigianale buonissima, con solo lievito madre vivo, digeribile, senza fronzoli e in un ambiente accogliente.Lavoriamo con ingredienti biologici e il nostro unico dogma \u00e8 la qualit\u00e0.\" \/>\n<meta name=\"robots\" content=\"index, follow, max-snippet:-1, max-image-preview:large, max-video-preview:-1\" \/>\n<link rel=\"canonical\" href=\"https:\/\/www.berberepizza.it\/en\/cookie-policy\/\" \/>\n<meta property=\"og:locale\" content=\"en_US\" \/>\n<meta property=\"og:type\" content=\"article\" \/>\n<meta property=\"og:title\" content=\"Cookie Policy - Berber\u00e8 Pizzeria\" \/>\n<meta property=\"og:description\" content=\"Berber\u00e8 \u00e8 nata nel 2010 con la missione di servire una pizza artigianale buonissima, con solo lievito madre vivo, digeribile, senza fronzoli e in un ambiente accogliente.Lavoriamo con ingredienti biologici e il nostro unico dogma \u00e8 la qualit\u00e0.\" \/>\n<meta property=\"og:url\" content=\"https:\/\/www.berberepizza.it\/en\/cookie-policy\/\" \/>\n<meta property=\"og:site_name\" content=\"Berber\u00e8 Pizzeria\" \/>\n<meta property=\"og:image\" content=\"https:\/\/www.berberepizza.it\/wp-content\/uploads\/2021\/04\/AlbertoBlasetti-5936-scaled.jpg\" \/>\n\t<meta property=\"og:image:width\" content=\"2560\" \/>\n\t<meta property=\"og:image:height\" content=\"1707\" \/>\n\t<meta property=\"og:image:type\" content=\"image\/jpeg\" \/>\n<meta name=\"twitter:card\" content=\"summary_large_image\" \/>\n<meta name=\"twitter:label1\" content=\"Est. reading time\" \/>\n\t<meta name=\"twitter:data1\" content=\"7 minutes\" \/>\n<script type=\"application\/ld+json\" class=\"yoast-schema-graph\">{\"@context\":\"https:\\\/\\\/schema.org\",\"@graph\":[{\"@type\":\"WebPage\",\"@id\":\"https:\\\/\\\/www.berberepizza.it\\\/en\\\/cookie-policy\\\/\",\"url\":\"https:\\\/\\\/www.berberepizza.it\\\/en\\\/cookie-policy\\\/\",\"name\":\"Cookie Policy - Berber\u00e8 Pizzeria\",\"isPartOf\":{\"@id\":\"https:\\\/\\\/www.berberepizza.it\\\/#website\"},\"datePublished\":\"2021-10-26T08:39:34+00:00\",\"description\":\"Berber\u00e8 \u00e8 nata nel 2010 con la missione di servire una pizza artigianale buonissima, con solo lievito madre vivo, digeribile, senza fronzoli e in un ambiente accogliente.Lavoriamo con ingredienti biologici e il nostro unico dogma \u00e8 la qualit\u00e0.\",\"breadcrumb\":{\"@id\":\"https:\\\/\\\/www.berberepizza.it\\\/en\\\/cookie-policy\\\/#breadcrumb\"},\"inLanguage\":\"en-US\",\"potentialAction\":[{\"@type\":\"ReadAction\",\"target\":[\"https:\\\/\\\/www.berberepizza.it\\\/en\\\/cookie-policy\\\/\"]}]},{\"@type\":\"BreadcrumbList\",\"@id\":\"https:\\\/\\\/www.berberepizza.it\\\/en\\\/cookie-policy\\\/#breadcrumb\",\"itemListElement\":[{\"@type\":\"ListItem\",\"position\":1,\"name\":\"Home\",\"item\":\"https:\\\/\\\/www.berberepizza.it\\\/en\\\/\"},{\"@type\":\"ListItem\",\"position\":2,\"name\":\"Cookie Policy\"}]},{\"@type\":\"WebSite\",\"@id\":\"https:\\\/\\\/www.berberepizza.it\\\/#website\",\"url\":\"https:\\\/\\\/www.berberepizza.it\\\/\",\"name\":\"Berber\u00e8 Pizzeria\",\"description\":\"Lievito madre dal 2010\",\"potentialAction\":[{\"@type\":\"SearchAction\",\"target\":{\"@type\":\"EntryPoint\",\"urlTemplate\":\"https:\\\/\\\/www.berberepizza.it\\\/?s={search_term_string}\"},\"query-input\":{\"@type\":\"PropertyValueSpecification\",\"valueRequired\":true,\"valueName\":\"search_term_string\"}}],\"inLanguage\":\"en-US\"}]}<\/script>\n<!-- \/ Yoast SEO plugin. -->","yoast_head_json":{"title":"Cookie Policy - Berber\u00e8 Pizzeria","description":"Berber\u00e8 \u00e8 nata nel 2010 con la missione di servire una pizza artigianale buonissima, con solo lievito madre vivo, digeribile, senza fronzoli e in un ambiente accogliente.Lavoriamo con ingredienti biologici e il nostro unico dogma \u00e8 la qualit\u00e0.","robots":{"index":"index","follow":"follow","max-snippet":"max-snippet:-1","max-image-preview":"max-image-preview:large","max-video-preview":"max-video-preview:-1"},"canonical":"https:\/\/www.berberepizza.it\/en\/cookie-policy\/","og_locale":"en_US","og_type":"article","og_title":"Cookie Policy - Berber\u00e8 Pizzeria","og_description":"Berber\u00e8 \u00e8 nata nel 2010 con la missione di servire una pizza artigianale buonissima, con solo lievito madre vivo, digeribile, senza fronzoli e in un ambiente accogliente.Lavoriamo con ingredienti biologici e il nostro unico dogma \u00e8 la qualit\u00e0.","og_url":"https:\/\/www.berberepizza.it\/en\/cookie-policy\/","og_site_name":"Berber\u00e8 Pizzeria","og_image":[{"width":2560,"height":1707,"url":"https:\/\/www.berberepizza.it\/wp-content\/uploads\/2021\/04\/AlbertoBlasetti-5936-scaled.jpg","type":"image\/jpeg"}],"twitter_card":"summary_large_image","twitter_misc":{"Est. reading time":"7 minutes"},"schema":{"@context":"https:\/\/schema.org","@graph":[{"@type":"WebPage","@id":"https:\/\/www.berberepizza.it\/en\/cookie-policy\/","url":"https:\/\/www.berberepizza.it\/en\/cookie-policy\/","name":"Cookie Policy - Berber\u00e8 Pizzeria","isPartOf":{"@id":"https:\/\/www.berberepizza.it\/#website"},"datePublished":"2021-10-26T08:39:34+00:00","description":"Berber\u00e8 \u00e8 nata nel 2010 con la missione di servire una pizza artigianale buonissima, con solo lievito madre vivo, digeribile, senza fronzoli e in un ambiente accogliente.Lavoriamo con ingredienti biologici e il nostro unico dogma \u00e8 la qualit\u00e0.","breadcrumb":{"@id":"https:\/\/www.berberepizza.it\/en\/cookie-policy\/#breadcrumb"},"inLanguage":"en-US","potentialAction":[{"@type":"ReadAction","target":["https:\/\/www.berberepizza.it\/en\/cookie-policy\/"]}]},{"@type":"BreadcrumbList","@id":"https:\/\/www.berberepizza.it\/en\/cookie-policy\/#breadcrumb","itemListElement":[{"@type":"ListItem","position":1,"name":"Home","item":"https:\/\/www.berberepizza.it\/en\/"},{"@type":"ListItem","position":2,"name":"Cookie Policy"}]},{"@type":"WebSite","@id":"https:\/\/www.berberepizza.it\/#website","url":"https:\/\/www.berberepizza.it\/","name":"Berber\u00e8 Pizzeria","description":"Lievito madre dal 2010","potentialAction":[{"@type":"SearchAction","target":{"@type":"EntryPoint","urlTemplate":"https:\/\/www.berberepizza.it\/?s={search_term_string}"},"query-input":{"@type":"PropertyValueSpecification","valueRequired":true,"valueName":"search_term_string"}}],"inLanguage":"en-US"}]}},"_links":{"self":[{"href":"https:\/\/www.berberepizza.it\/en\/wp-json\/wp\/v2\/pages\/9940","targetHints":{"allow":["GET"]}}],"collection":[{"href":"https:\/\/www.berberepizza.it\/en\/wp-json\/wp\/v2\/pages"}],"about":[{"href":"https:\/\/www.berberepizza.it\/en\/wp-json\/wp\/v2\/types\/page"}],"author":[{"embeddable":true,"href":"https:\/\/www.berberepizza.it\/en\/wp-json\/wp\/v2\/users\/1"}],"replies":[{"embeddable":true,"href":"https:\/\/www.berberepizza.it\/en\/wp-json\/wp\/v2\/comments?post=9940"}],"version-history":[{"count":0,"href":"https:\/\/www.berberepizza.it\/en\/wp-json\/wp\/v2\/pages\/9940\/revisions"}],"wp:attachment":[{"href":"https:\/\/www.berberepizza.it\/en\/wp-json\/wp\/v2\/media?parent=9940"}],"curies":[{"name":"wp","href":"https:\/\/api.w.org\/{rel}","templated":true}]}}